{"id":9488,"date":"2024-04-23T14:40:04","date_gmt":"2025-04-07T14:54:24","guid":{"rendered":"https:\/\/positiveautism.org\/product\/el-gran-equilibrio-de-andres-actividad-para-practicar-la-comprension-lectora-y-las-habilidades-para-la-vida-en-ninos-autistas\/"},"modified":"2025-04-07T10:54:24","modified_gmt":"2025-04-07T14:54:24","slug":"el-gran-equilibrio-de-andres-actividad-para-practicar-la-comprension-lectora-y-las-habilidades-para-la-vida-en-ninos-autistas","status":"publish","type":"product","link":"https:\/\/positiveautism.org\/es\/producto\/el-gran-equilibrio-de-andres-actividad-para-practicar-la-comprension-lectora-y-las-habilidades-para-la-vida-en-ninos-autistas\/","title":{"rendered":"El gran equilibrio de Andr\u00e9s. (Actividad para practicar la comprensi\u00f3n lectora y las habilidades para la vida en ni\u00f1os autistas)"},"content":{"rendered":"","protected":false},"excerpt":{"rendered":"<p>\u00abEl Gran Equilibrio de Andr\u00e9s\u00bb es un material educativo dise\u00f1ado espec\u00edficamente para ni\u00f1os y j\u00f3venes con autismo, orientado a mejorar la comprensi\u00f3n lectora y desarrollar habilidades esenciales para la vida. A trav\u00e9s de la historia de Andr\u00e9s, un ni\u00f1o que aprende a equilibrar su tiempo entre las actividades digitales y las experiencias del mundo real, los lectores pueden identificar y reflexionar sobre la importancia de un estilo de vida equilibrado. Este recurso incluye preguntas de comprensi\u00f3n que ayudan a reforzar el contenido le\u00eddo y facilitan la discusi\u00f3n sobre temas como la gesti\u00f3n del tiempo, el bienestar emocional y la importancia de la interacci\u00f3n social y familiar. Adem\u00e1s, se complementa con actividades pr\u00e1cticas y juegos de rol que permiten a los ni\u00f1os practicar y experimentar directamente las lecciones aprendidas, promoviendo as\u00ed la aplicaci\u00f3n de estos conceptos en su vida diaria en un entorno controlado y seguro.\u00bb es un material educativo dise\u00f1ado espec\u00edficamente para ni\u00f1os y j\u00f3venes con autismo, orientado a mejorar la comprensi\u00f3n lectora y desarrollar habilidades esenciales para la vida. A trav\u00e9s de la historia de Andr\u00e9s, un ni\u00f1o que aprende a equilibrar su tiempo entre las actividades digitales y las experiencias del mundo real, los lectores pueden identificar y reflexionar sobre la importancia de un estilo de vida equilibrado. Este recurso incluye preguntas de comprensi\u00f3n que ayudan a reforzar el contenido le\u00eddo y facilitan la discusi\u00f3n sobre temas como la gesti\u00f3n del tiempo, el bienestar emocional y la importancia de la interacci\u00f3n social y familiar. Adem\u00e1s, se complementa con actividades pr\u00e1cticas y juegos de rol que permiten a los ni\u00f1os practicar y experimentar directamente las lecciones aprendidas, fomentando as\u00ed la aplicaci\u00f3n de estos conceptos en su vida diaria en un entorno controlado y seguro.<\/p>\n","protected":false},"featured_media":9489,"comment_status":"open","ping_status":"closed","template":"","meta":{"_acf_changed":false,"_monsterinsights_skip_tracking":false,"_monsterinsights_sitenote_active":false,"_monsterinsights_sitenote_note":"","_monsterinsights_sitenote_category":0},"product_brand":[],"product_cat":[783,787,835],"product_tag":[795,798,936,937],"class_list":{"0":"post-9488","1":"product","2":"type-product","3":"status-publish","4":"has-post-thumbnail","6":"product_cat-comprension-lectora","7":"product_cat-habilidades-sociales-y-emocionales","8":"product_cat-independencia-y-habilidades-para-la-vida","9":"product_tag-comprension-lectora-para-ninos-autistas","10":"product_tag-comprension-lectora-para-ninos-con-autismo-es","11":"product_tag-aprender-habilidades-para-la-vida","12":"product_tag-leer-para-ensenar-a-gestionar-su-tiempo","14":"first","15":"instock","16":"downloadable","17":"shipping-taxable","18":"purchasable","19":"product-type-simple"},"acf":[],"aioseo_notices":[],"jetpack_sharing_enabled":true,"_links":{"self":[{"href":"https:\/\/positiveautism.org\/es\/wp-json\/wp\/v2\/product\/9488","targetHints":{"allow":["GET"]}}],"collection":[{"href":"https:\/\/positiveautism.org\/es\/wp-json\/wp\/v2\/product"}],"about":[{"href":"https:\/\/positiveautism.org\/es\/wp-json\/wp\/v2\/types\/product"}],"replies":[{"embeddable":true,"href":"https:\/\/positiveautism.org\/es\/wp-json\/wp\/v2\/comments?post=9488"}],"wp:featuredmedia":[{"embeddable":true,"href":"https:\/\/positiveautism.org\/es\/wp-json\/wp\/v2\/media\/9489"}],"wp:attachment":[{"href":"https:\/\/positiveautism.org\/es\/wp-json\/wp\/v2\/media?parent=9488"}],"wp:term":[{"taxonomy":"product_brand","embeddable":true,"href":"https:\/\/positiveautism.org\/es\/wp-json\/wp\/v2\/product_brand?post=9488"},{"taxonomy":"product_cat","embeddable":true,"href":"https:\/\/positiveautism.org\/es\/wp-json\/wp\/v2\/product_cat?post=9488"},{"taxonomy":"product_tag","embeddable":true,"href":"https:\/\/positiveautism.org\/es\/wp-json\/wp\/v2\/product_tag?post=9488"}],"curies":[{"name":"wp","href":"https:\/\/api.w.org\/{rel}","templated":true}]}}