{"id":9485,"date":"2024-04-23T10:30:17","date_gmt":"2025-04-07T14:54:24","guid":{"rendered":"https:\/\/positiveautism.org\/product\/una-aventura-con-leonardo-da-vinci-actividad-para-practicar-la-comprension-lectora-la-aceptacion-y-las-habilidades-sociales-y-emocionales-para-ninos-autistas\/"},"modified":"2025-04-07T10:54:24","modified_gmt":"2025-04-07T14:54:24","slug":"una-aventura-con-leonardo-da-vinci-actividad-para-practicar-la-comprension-lectora-la-aceptacion-y-las-habilidades-sociales-y-emocionales-para-ninos-autistas","status":"publish","type":"product","link":"https:\/\/positiveautism.org\/es\/producto\/una-aventura-con-leonardo-da-vinci-actividad-para-practicar-la-comprension-lectora-la-aceptacion-y-las-habilidades-sociales-y-emocionales-para-ninos-autistas\/","title":{"rendered":"Una aventura con Leonardo da Vinci. (Actividad para practicar la comprensi\u00f3n lectora, la aceptaci\u00f3n y las habilidades sociales y emocionales para ni\u00f1os autistas)"},"content":{"rendered":"","protected":false},"excerpt":{"rendered":"<p>Este material educativo, dise\u00f1ado para ni\u00f1os y j\u00f3venes autistas, se enfoca en desarrollar la comprensi\u00f3n lectora, la autoaceptaci\u00f3n y las habilidades para la vida a trav\u00e9s de una conmovedora historia titulada \u00abUna aventura con Leonardo da Vinci\u00bb. La narraci\u00f3n sigue a Tom\u00e1s, un ni\u00f1o autista que encuentra inspiraci\u00f3n en el famoso artista e inventor Leonardo da Vinci, quien se presenta como un modelo a seguir que tambi\u00e9n enfrent\u00f3 desaf\u00edos similares. La historia ofrece una perspectiva empoderadora al mostrar c\u00f3mo las caracter\u00edsticas asociadas con el autismo se pueden convertir en fortalezas significativas. Adem\u00e1s, se dise\u00f1an actividades complementarias como dibujo, preguntas de comprensi\u00f3n y juegos de rol para reforzar la lectura, fomentar el di\u00e1logo y mejorar las habilidades sociales. Estos juegos de rol en particular permiten a los ni\u00f1os experimentar situaciones que promueven la empat\u00eda, la autoexploraci\u00f3n y la comunicaci\u00f3n efectiva, elementos cruciales para su desarrollo integral y bienestar emocional.    <\/p>\n","protected":false},"featured_media":9486,"comment_status":"open","ping_status":"closed","template":"","meta":{"_acf_changed":false,"_monsterinsights_skip_tracking":false,"_monsterinsights_sitenote_active":false,"_monsterinsights_sitenote_note":"","_monsterinsights_sitenote_category":0},"product_brand":[],"product_cat":[783,787],"product_tag":[795,798,872],"class_list":{"0":"post-9485","1":"product","2":"type-product","3":"status-publish","4":"has-post-thumbnail","6":"product_cat-comprension-lectora","7":"product_cat-habilidades-sociales-y-emocionales","8":"product_tag-comprension-lectora-para-ninos-autistas","9":"product_tag-comprension-lectora-para-ninos-con-autismo-es","10":"product_tag-leer-para-ensenar-a-los-jovenes-autistas-a-seguir-sus-suenos","12":"first","13":"instock","14":"downloadable","15":"shipping-taxable","16":"purchasable","17":"product-type-simple"},"acf":[],"aioseo_notices":[],"jetpack_sharing_enabled":true,"_links":{"self":[{"href":"https:\/\/positiveautism.org\/es\/wp-json\/wp\/v2\/product\/9485","targetHints":{"allow":["GET"]}}],"collection":[{"href":"https:\/\/positiveautism.org\/es\/wp-json\/wp\/v2\/product"}],"about":[{"href":"https:\/\/positiveautism.org\/es\/wp-json\/wp\/v2\/types\/product"}],"replies":[{"embeddable":true,"href":"https:\/\/positiveautism.org\/es\/wp-json\/wp\/v2\/comments?post=9485"}],"wp:featuredmedia":[{"embeddable":true,"href":"https:\/\/positiveautism.org\/es\/wp-json\/wp\/v2\/media\/9486"}],"wp:attachment":[{"href":"https:\/\/positiveautism.org\/es\/wp-json\/wp\/v2\/media?parent=9485"}],"wp:term":[{"taxonomy":"product_brand","embeddable":true,"href":"https:\/\/positiveautism.org\/es\/wp-json\/wp\/v2\/product_brand?post=9485"},{"taxonomy":"product_cat","embeddable":true,"href":"https:\/\/positiveautism.org\/es\/wp-json\/wp\/v2\/product_cat?post=9485"},{"taxonomy":"product_tag","embeddable":true,"href":"https:\/\/positiveautism.org\/es\/wp-json\/wp\/v2\/product_tag?post=9485"}],"curies":[{"name":"wp","href":"https:\/\/api.w.org\/{rel}","templated":true}]}}