{"id":9480,"date":"2024-04-22T13:06:13","date_gmt":"2025-04-07T14:54:24","guid":{"rendered":"https:\/\/positiveautism.org\/product\/una-aventura-en-cedar-point-actividad-para-practicar-la-comprension-lectora-y-las-habilidades-sociales-para-ninos-autistas\/"},"modified":"2025-04-07T10:54:24","modified_gmt":"2025-04-07T14:54:24","slug":"una-aventura-en-cedar-point-actividad-para-practicar-la-comprension-lectora-y-las-habilidades-sociales-para-ninos-autistas","status":"publish","type":"product","link":"https:\/\/positiveautism.org\/es\/producto\/una-aventura-en-cedar-point-actividad-para-practicar-la-comprension-lectora-y-las-habilidades-sociales-para-ninos-autistas\/","title":{"rendered":"Una aventura en Cedar Point. (Actividad para practicar la comprensi\u00f3n lectora y las habilidades sociales para ni\u00f1os autistas)"},"content":{"rendered":"","protected":false},"excerpt":{"rendered":"<p>Este material educativo dise\u00f1ado para ni\u00f1os con autismo, \u00abUna aventura en Cedar Point\u00bb, sirve como una narrativa atractiva para ayudar a mejorar la comprensi\u00f3n de lectura y las habilidades sociales. La historia sigue a Deryk, un chico vivaz ansioso por aventuras durante sus vacaciones de verano, y sus experiencias en el parque de atracciones Cedar Point con sus primos y su hermano. A medida que navegan por desaf\u00edos como planificar el viaje sin el apoyo de los padres, administrar sus finanzas a trav\u00e9s de ventas de garaje y trabajos de verano, y enfrentar las emociones de varios paseos, la historia proporciona un contexto rico para el aprendizaje.  <\/p>\n<p>A trav\u00e9s de preguntas complementarias y escenarios de juego de roles, los ni\u00f1os pueden explorar y practicar las interacciones sociales y las expresiones emocionales necesarias. Las preguntas est\u00e1n estructuradas para ayudar a comprender la secuencia de eventos, las motivaciones de los personajes y el resultado de sus decisiones. Los juegos de rol, como planificar el viaje, reaccionar a atracciones emocionantes y organizar un evento para recaudar fondos, permiten que los ni\u00f1os practiquen la expresi\u00f3n de sus pensamientos, la negociaci\u00f3n y el trabajo en equipo, todo en un entorno controlado. Estas actividades est\u00e1n dise\u00f1adas para ayudar a los ni\u00f1os con autismo a desarrollar sus habilidades de comunicaci\u00f3n e interacci\u00f3n social, haci\u00e9ndolos sentir m\u00e1s c\u00f3modos con las interacciones del mundo real y mejorando su capacidad para trabajar en colaboraci\u00f3n con otros.   <\/p>\n","protected":false},"featured_media":9482,"comment_status":"open","ping_status":"closed","template":"","meta":{"_acf_changed":false,"_monsterinsights_skip_tracking":false,"_monsterinsights_sitenote_active":false,"_monsterinsights_sitenote_note":"","_monsterinsights_sitenote_category":0},"product_brand":[],"product_cat":[783,787],"product_tag":[795,798,830],"class_list":{"0":"post-9480","1":"product","2":"type-product","3":"status-publish","4":"has-post-thumbnail","6":"product_cat-comprension-lectora","7":"product_cat-habilidades-sociales-y-emocionales","8":"product_tag-comprension-lectora-para-ninos-autistas","9":"product_tag-comprension-lectora-para-ninos-con-autismo-es","10":"product_tag-habilidades-sociales-y-emocionales-para-personas-autistas","12":"first","13":"instock","14":"downloadable","15":"shipping-taxable","16":"purchasable","17":"product-type-simple"},"acf":[],"aioseo_notices":[],"jetpack_sharing_enabled":true,"_links":{"self":[{"href":"https:\/\/positiveautism.org\/es\/wp-json\/wp\/v2\/product\/9480","targetHints":{"allow":["GET"]}}],"collection":[{"href":"https:\/\/positiveautism.org\/es\/wp-json\/wp\/v2\/product"}],"about":[{"href":"https:\/\/positiveautism.org\/es\/wp-json\/wp\/v2\/types\/product"}],"replies":[{"embeddable":true,"href":"https:\/\/positiveautism.org\/es\/wp-json\/wp\/v2\/comments?post=9480"}],"wp:featuredmedia":[{"embeddable":true,"href":"https:\/\/positiveautism.org\/es\/wp-json\/wp\/v2\/media\/9482"}],"wp:attachment":[{"href":"https:\/\/positiveautism.org\/es\/wp-json\/wp\/v2\/media?parent=9480"}],"wp:term":[{"taxonomy":"product_brand","embeddable":true,"href":"https:\/\/positiveautism.org\/es\/wp-json\/wp\/v2\/product_brand?post=9480"},{"taxonomy":"product_cat","embeddable":true,"href":"https:\/\/positiveautism.org\/es\/wp-json\/wp\/v2\/product_cat?post=9480"},{"taxonomy":"product_tag","embeddable":true,"href":"https:\/\/positiveautism.org\/es\/wp-json\/wp\/v2\/product_tag?post=9480"}],"curies":[{"name":"wp","href":"https:\/\/api.w.org\/{rel}","templated":true}]}}