{"id":9479,"date":"2024-04-26T17:06:37","date_gmt":"2025-04-07T14:54:24","guid":{"rendered":"https:\/\/positiveautism.org\/product\/las-aventuras-de-lucas-hablando-desde-el-corazon-actividad-para-practicar-la-comprension-lectora-habilidades-sociales-y-de-comunicacion-para-ninos-autistas\/"},"modified":"2025-04-07T10:54:24","modified_gmt":"2025-04-07T14:54:24","slug":"las-aventuras-de-lucas-hablando-desde-el-corazon-actividad-para-practicar-la-comprension-lectora-habilidades-sociales-y-de-comunicacion-para-ninos-autistas","status":"publish","type":"product","link":"https:\/\/positiveautism.org\/es\/producto\/las-aventuras-de-lucas-hablando-desde-el-corazon-actividad-para-practicar-la-comprension-lectora-habilidades-sociales-y-de-comunicacion-para-ninos-autistas\/","title":{"rendered":"Las Aventuras de Lucas: Hablando desde el Coraz\u00f3n. (Actividad para practicar la comprensi\u00f3n lectora, habilidades sociales y de comunicaci\u00f3n para ni\u00f1os autistas)"},"content":{"rendered":"","protected":false},"excerpt":{"rendered":"<p>\u00abLas Aventuras de Luke: Hablando desde el Coraz\u00f3n\u00bb es un material educativo dise\u00f1ado espec\u00edficamente para ni\u00f1os autistas, enfocado en mejorar la comprensi\u00f3n lectora y desarrollar habilidades sociales y de comunicaci\u00f3n. La historia de Luke, un ni\u00f1o que enfrenta desaf\u00edos para expresar sus sentimientos y preferencias, sirve como un espejo en el que los ni\u00f1os pueden verse reflejados y aprender estrategias \u00fatiles. A trav\u00e9s de las experiencias de Luke, los ni\u00f1os exploran c\u00f3mo manejar situaciones sociales dif\u00edciles, como trabajar en equipo, asistir a eventos sociales y participar en discusiones, aprendiendo a expresar sus necesidades de manera respetuosa y efectiva. Los juegos de rol sugeridos al final del libro, como \u00abExpresar preferencias en el aula\u00bb, \u00abManejar invitaciones sociales\u00bb y \u00abHablar sobre sentimientos en situaciones p\u00fablicas\u00bb, brindan oportunidades pr\u00e1cticas para que los ni\u00f1os practiquen estas habilidades en un entorno controlado, reforzando el aprendizaje y fomentando la confianza en sus propias voces. Este enfoque integral no solo ayuda a los ni\u00f1os a comprender mejor la lectura, sino que tambi\u00e9n fortalece sus habilidades para navegar sus relaciones y emociones en la vida diaria.    <\/p>\n","protected":false},"featured_media":9481,"comment_status":"open","ping_status":"closed","template":"","meta":{"_acf_changed":false,"_monsterinsights_skip_tracking":false,"_monsterinsights_sitenote_active":false,"_monsterinsights_sitenote_note":"","_monsterinsights_sitenote_category":0},"product_brand":[],"product_cat":[741,783],"product_tag":[795,798,867],"class_list":{"0":"post-9479","1":"product","2":"type-product","3":"status-publish","4":"has-post-thumbnail","6":"product_cat-comunicacion-y-lenguaje","7":"product_cat-comprension-lectora","8":"product_tag-comprension-lectora-para-ninos-autistas","9":"product_tag-comprension-lectora-para-ninos-con-autismo-es","10":"product_tag-de-la-lectura-a-las-habilidades-sociales-tecnologicas","12":"first","13":"instock","14":"downloadable","15":"shipping-taxable","16":"purchasable","17":"product-type-simple"},"acf":[],"aioseo_notices":[],"jetpack_sharing_enabled":true,"_links":{"self":[{"href":"https:\/\/positiveautism.org\/es\/wp-json\/wp\/v2\/product\/9479","targetHints":{"allow":["GET"]}}],"collection":[{"href":"https:\/\/positiveautism.org\/es\/wp-json\/wp\/v2\/product"}],"about":[{"href":"https:\/\/positiveautism.org\/es\/wp-json\/wp\/v2\/types\/product"}],"replies":[{"embeddable":true,"href":"https:\/\/positiveautism.org\/es\/wp-json\/wp\/v2\/comments?post=9479"}],"wp:featuredmedia":[{"embeddable":true,"href":"https:\/\/positiveautism.org\/es\/wp-json\/wp\/v2\/media\/9481"}],"wp:attachment":[{"href":"https:\/\/positiveautism.org\/es\/wp-json\/wp\/v2\/media?parent=9479"}],"wp:term":[{"taxonomy":"product_brand","embeddable":true,"href":"https:\/\/positiveautism.org\/es\/wp-json\/wp\/v2\/product_brand?post=9479"},{"taxonomy":"product_cat","embeddable":true,"href":"https:\/\/positiveautism.org\/es\/wp-json\/wp\/v2\/product_cat?post=9479"},{"taxonomy":"product_tag","embeddable":true,"href":"https:\/\/positiveautism.org\/es\/wp-json\/wp\/v2\/product_tag?post=9479"}],"curies":[{"name":"wp","href":"https:\/\/api.w.org\/{rel}","templated":true}]}}