{"id":9476,"date":"2024-04-18T15:52:28","date_gmt":"2025-04-07T14:54:18","guid":{"rendered":"https:\/\/positiveautism.org\/product\/un-dia-en-el-parque-acuatico-actividad-para-practicar-la-comprension-lectora-y-las-habilidades-sociales-para-ninos-autistas\/"},"modified":"2025-04-07T10:54:18","modified_gmt":"2025-04-07T14:54:18","slug":"un-dia-en-el-parque-acuatico-actividad-para-practicar-la-comprension-lectora-y-las-habilidades-sociales-para-ninos-autistas","status":"publish","type":"product","link":"https:\/\/positiveautism.org\/es\/producto\/un-dia-en-el-parque-acuatico-actividad-para-practicar-la-comprension-lectora-y-las-habilidades-sociales-para-ninos-autistas\/","title":{"rendered":"Un d\u00eda en el parque acu\u00e1tico. (Actividad para practicar la comprensi\u00f3n lectora y las habilidades sociales para ni\u00f1os autistas)"},"content":{"rendered":"","protected":false},"excerpt":{"rendered":"<p>Este material educativo, dise\u00f1ado para ni\u00f1os autistas, se enfoca en mejorar la comprensi\u00f3n lectora y las habilidades sociales a trav\u00e9s de un entretenido cuento titulado \u00abUn d\u00eda en el parque acu\u00e1tico\u00bb. La narraci\u00f3n sigue a cinco amigos, cada uno con caracter\u00edsticas \u00fanicas, que experimentan una aventura juntos en un parque acu\u00e1tico. A trav\u00e9s de este cuento, los ni\u00f1os pueden aprender a planificar actividades, expresar emociones y trabajar en equipo.  <\/p>\n<p>La secci\u00f3n de preguntas al final del cuento promueve una reflexi\u00f3n profunda sobre los eventos y comportamientos de los personajes, alentando a los ni\u00f1os a pensar cr\u00edticamente y expresar sus opiniones. Adem\u00e1s, se incluyen juegos de rol espec\u00edficos que permiten a los ni\u00f1os practicar directamente las habilidades sociales y de comunicaci\u00f3n comentadas en el cuento, como prepararse para una salida, apoyar a los amigos nerviosos y trabajar en equipo. Estos juegos no solo son divertidos, sino que tambi\u00e9n est\u00e1n dise\u00f1ados para ayudar a los ni\u00f1os autistas a mejorar en un entorno estructurado y predecible, facilitando el aprendizaje y la interacci\u00f3n social de manera segura y efectiva.  <\/p>\n","protected":false},"featured_media":9477,"comment_status":"open","ping_status":"closed","template":"","meta":{"_acf_changed":false,"_monsterinsights_skip_tracking":false,"_monsterinsights_sitenote_active":false,"_monsterinsights_sitenote_note":"","_monsterinsights_sitenote_category":0},"product_brand":[],"product_cat":[783,787],"product_tag":[795,798,830],"class_list":{"0":"post-9476","1":"product","2":"type-product","3":"status-publish","4":"has-post-thumbnail","6":"product_cat-comprension-lectora","7":"product_cat-habilidades-sociales-y-emocionales","8":"product_tag-comprension-lectora-para-ninos-autistas","9":"product_tag-comprension-lectora-para-ninos-con-autismo-es","10":"product_tag-habilidades-sociales-y-emocionales-para-personas-autistas","12":"first","13":"instock","14":"downloadable","15":"shipping-taxable","16":"purchasable","17":"product-type-simple"},"acf":[],"aioseo_notices":[],"jetpack_sharing_enabled":true,"_links":{"self":[{"href":"https:\/\/positiveautism.org\/es\/wp-json\/wp\/v2\/product\/9476","targetHints":{"allow":["GET"]}}],"collection":[{"href":"https:\/\/positiveautism.org\/es\/wp-json\/wp\/v2\/product"}],"about":[{"href":"https:\/\/positiveautism.org\/es\/wp-json\/wp\/v2\/types\/product"}],"replies":[{"embeddable":true,"href":"https:\/\/positiveautism.org\/es\/wp-json\/wp\/v2\/comments?post=9476"}],"wp:featuredmedia":[{"embeddable":true,"href":"https:\/\/positiveautism.org\/es\/wp-json\/wp\/v2\/media\/9477"}],"wp:attachment":[{"href":"https:\/\/positiveautism.org\/es\/wp-json\/wp\/v2\/media?parent=9476"}],"wp:term":[{"taxonomy":"product_brand","embeddable":true,"href":"https:\/\/positiveautism.org\/es\/wp-json\/wp\/v2\/product_brand?post=9476"},{"taxonomy":"product_cat","embeddable":true,"href":"https:\/\/positiveautism.org\/es\/wp-json\/wp\/v2\/product_cat?post=9476"},{"taxonomy":"product_tag","embeddable":true,"href":"https:\/\/positiveautism.org\/es\/wp-json\/wp\/v2\/product_tag?post=9476"}],"curies":[{"name":"wp","href":"https:\/\/api.w.org\/{rel}","templated":true}]}}