{"id":9473,"date":"2024-04-17T13:25:16","date_gmt":"2025-04-07T14:54:17","guid":{"rendered":"https:\/\/positiveautism.org\/product\/la-aurora-boreal-la-aventura-de-deryk-y-christian-en-groenlandia-actividad-para-practicar-la-comprension-lectora-y-las-habilidades-sociales-para-ninos-autistas\/"},"modified":"2025-04-07T10:54:17","modified_gmt":"2025-04-07T14:54:17","slug":"la-aurora-boreal-la-aventura-de-deryk-y-christian-en-groenlandia-actividad-para-practicar-la-comprension-lectora-y-las-habilidades-sociales-para-ninos-autistas","status":"publish","type":"product","link":"https:\/\/positiveautism.org\/es\/producto\/la-aurora-boreal-la-aventura-de-deryk-y-christian-en-groenlandia-actividad-para-practicar-la-comprension-lectora-y-las-habilidades-sociales-para-ninos-autistas\/","title":{"rendered":"La aurora boreal: la aventura de Deryk y Christian en Groenlandia. (Actividad para practicar la comprensi\u00f3n lectora y las habilidades sociales para ni\u00f1os autistas"},"content":{"rendered":"","protected":false},"excerpt":{"rendered":"<p>Este material educativo est\u00e1 dise\u00f1ado espec\u00edficamente para ayudar en la comprensi\u00f3n de la lectura y el desarrollo de habilidades sociales para ni\u00f1os autistas, centrado en la atractiva historia \u00abLa aurora boreal: la aventura de Deryk y Christian en Groenlandia\u00bb. Esta historia proporciona una narrativa estructurada que ayuda a identificar las emociones, participar en una descripci\u00f3n detallada y comprender la secuencia de eventos, que son \u00e1reas cruciales para los estudiantes autistas. <\/p>\n<p>La historia en s\u00ed sirve como un medio cautivador para ense\u00f1ar sobre diferentes culturas, geograf\u00eda y fen\u00f3menos naturales como la aurora boreal, alentando a los ni\u00f1os a explorar el mundo con imaginaci\u00f3n. Para profundizar en la comprensi\u00f3n, se incluyen preguntas que requieren recuperar informaci\u00f3n espec\u00edfica y conectar con las experiencias de los personajes, fomentando las habilidades cognitivas y emp\u00e1ticas. <\/p>\n<p>Adem\u00e1s, el espacio de dibujo al final de la historia fomenta las habilidades expresivas, pidiendo a los ni\u00f1os que ilustren las emociones de los personajes, lo que ayuda a reconocer y expresar sentimientos, una habilidad social vital.<\/p>\n<p>Siguiendo la historia, se proporcionan escenarios de juego de roles para practicar el contenido aprendido de una manera divertida e interactiva. Estos juegos de roles, como planificar un viaje, visitar una aldea inuit y observar la aurora boreal, no solo refuerzan el contenido de la historia, sino que tambi\u00e9n alientan a los ni\u00f1os a practicar la toma de decisiones, el di\u00e1logo y la interacci\u00f3n cultural respetuosa. Estas actividades est\u00e1n dise\u00f1adas para proporcionar una experiencia de aprendizaje rica y multisensorial que sea a la vez agradable y educativa, ayudando a los ni\u00f1os autistas a mejorar su comunicaci\u00f3n social en entornos estructurados.  <\/p>\n","protected":false},"featured_media":9474,"comment_status":"open","ping_status":"closed","template":"","meta":{"_acf_changed":false,"_monsterinsights_skip_tracking":false,"_monsterinsights_sitenote_active":false,"_monsterinsights_sitenote_note":"","_monsterinsights_sitenote_category":0},"product_brand":[],"product_cat":[783,787],"product_tag":[795,798,867],"class_list":{"0":"post-9473","1":"product","2":"type-product","3":"status-publish","4":"has-post-thumbnail","6":"product_cat-comprension-lectora","7":"product_cat-habilidades-sociales-y-emocionales","8":"product_tag-comprension-lectora-para-ninos-autistas","9":"product_tag-comprension-lectora-para-ninos-con-autismo-es","10":"product_tag-de-la-lectura-a-las-habilidades-sociales-tecnologicas","12":"first","13":"instock","14":"downloadable","15":"shipping-taxable","16":"purchasable","17":"product-type-simple"},"acf":[],"aioseo_notices":[],"jetpack_sharing_enabled":true,"_links":{"self":[{"href":"https:\/\/positiveautism.org\/es\/wp-json\/wp\/v2\/product\/9473","targetHints":{"allow":["GET"]}}],"collection":[{"href":"https:\/\/positiveautism.org\/es\/wp-json\/wp\/v2\/product"}],"about":[{"href":"https:\/\/positiveautism.org\/es\/wp-json\/wp\/v2\/types\/product"}],"replies":[{"embeddable":true,"href":"https:\/\/positiveautism.org\/es\/wp-json\/wp\/v2\/comments?post=9473"}],"wp:featuredmedia":[{"embeddable":true,"href":"https:\/\/positiveautism.org\/es\/wp-json\/wp\/v2\/media\/9474"}],"wp:attachment":[{"href":"https:\/\/positiveautism.org\/es\/wp-json\/wp\/v2\/media?parent=9473"}],"wp:term":[{"taxonomy":"product_brand","embeddable":true,"href":"https:\/\/positiveautism.org\/es\/wp-json\/wp\/v2\/product_brand?post=9473"},{"taxonomy":"product_cat","embeddable":true,"href":"https:\/\/positiveautism.org\/es\/wp-json\/wp\/v2\/product_cat?post=9473"},{"taxonomy":"product_tag","embeddable":true,"href":"https:\/\/positiveautism.org\/es\/wp-json\/wp\/v2\/product_tag?post=9473"}],"curies":[{"name":"wp","href":"https:\/\/api.w.org\/{rel}","templated":true}]}}