{"id":9469,"date":"2024-04-21T17:05:23","date_gmt":"2025-04-07T14:54:17","guid":{"rendered":"https:\/\/positiveautism.org\/product\/un-viaje-a-traves-de-la-magia-de-la-mitologia-griega-actividad-para-practicar-la-comprension-lectora-y-las-habilidades-sociales-para-ninos-autistas\/"},"modified":"2025-04-07T10:54:17","modified_gmt":"2025-04-07T14:54:17","slug":"un-viaje-a-traves-de-la-magia-de-la-mitologia-griega-actividad-para-practicar-la-comprension-lectora-y-las-habilidades-sociales-para-ninos-autistas","status":"publish","type":"product","link":"https:\/\/positiveautism.org\/es\/producto\/un-viaje-a-traves-de-la-magia-de-la-mitologia-griega-actividad-para-practicar-la-comprension-lectora-y-las-habilidades-sociales-para-ninos-autistas\/","title":{"rendered":"Un viaje a trav\u00e9s de la magia de la mitolog\u00eda griega. (Actividad para practicar la comprensi\u00f3n lectora y las habilidades sociales para ni\u00f1os autistas)"},"content":{"rendered":"","protected":false},"excerpt":{"rendered":"<p>El material titulado \u00abUn viaje a trav\u00e9s de la magia de la mitolog\u00eda griega\u00bb sirve como una atractiva herramienta educativa dise\u00f1ada para que los ni\u00f1os autistas desarrollen su comprensi\u00f3n de lectura, habilidades sociales y habilidades de conversaci\u00f3n. Al sumergir a los ni\u00f1os en las aventuras de Deryk y Juan Jos\u00e9 mientras exploran la antigua Grecia y se encuentran con figuras mitol\u00f3gicas como Hermes, el c\u00edclope y Medusa, la narraci\u00f3n proporciona un contexto rico para la interacci\u00f3n y el aprendizaje. Las actividades de juego de roles derivadas del cuento animan a los ni\u00f1os a representar escenarios, fomentando su capacidad para comunicarse, cooperar y resolver problemas dentro de entornos estructurados. Estas actividades no solo ayudan a comprender la historia y conectarse con los personajes, sino que tambi\u00e9n apoyan la pr\u00e1ctica de hacer preguntas, expresar emociones y lidiar creativamente con los desaf\u00edos. A trav\u00e9s de una narraci\u00f3n tan atractiva y el juego interactivo, los ni\u00f1os autistas pueden mejorar significativamente sus interacciones sociales y el uso del lenguaje, haciendo que el proceso de aprendizaje sea agradable y educativo.    <\/p>\n","protected":false},"featured_media":9471,"comment_status":"open","ping_status":"closed","template":"","meta":{"_acf_changed":false,"_monsterinsights_skip_tracking":false,"_monsterinsights_sitenote_active":false,"_monsterinsights_sitenote_note":"","_monsterinsights_sitenote_category":0},"product_brand":[],"product_cat":[783,787],"product_tag":[795,798,867],"class_list":{"0":"post-9469","1":"product","2":"type-product","3":"status-publish","4":"has-post-thumbnail","6":"product_cat-comprension-lectora","7":"product_cat-habilidades-sociales-y-emocionales","8":"product_tag-comprension-lectora-para-ninos-autistas","9":"product_tag-comprension-lectora-para-ninos-con-autismo-es","10":"product_tag-de-la-lectura-a-las-habilidades-sociales-tecnologicas","12":"first","13":"instock","14":"downloadable","15":"shipping-taxable","16":"purchasable","17":"product-type-simple"},"acf":[],"aioseo_notices":[],"jetpack_sharing_enabled":true,"_links":{"self":[{"href":"https:\/\/positiveautism.org\/es\/wp-json\/wp\/v2\/product\/9469","targetHints":{"allow":["GET"]}}],"collection":[{"href":"https:\/\/positiveautism.org\/es\/wp-json\/wp\/v2\/product"}],"about":[{"href":"https:\/\/positiveautism.org\/es\/wp-json\/wp\/v2\/types\/product"}],"replies":[{"embeddable":true,"href":"https:\/\/positiveautism.org\/es\/wp-json\/wp\/v2\/comments?post=9469"}],"wp:featuredmedia":[{"embeddable":true,"href":"https:\/\/positiveautism.org\/es\/wp-json\/wp\/v2\/media\/9471"}],"wp:attachment":[{"href":"https:\/\/positiveautism.org\/es\/wp-json\/wp\/v2\/media?parent=9469"}],"wp:term":[{"taxonomy":"product_brand","embeddable":true,"href":"https:\/\/positiveautism.org\/es\/wp-json\/wp\/v2\/product_brand?post=9469"},{"taxonomy":"product_cat","embeddable":true,"href":"https:\/\/positiveautism.org\/es\/wp-json\/wp\/v2\/product_cat?post=9469"},{"taxonomy":"product_tag","embeddable":true,"href":"https:\/\/positiveautism.org\/es\/wp-json\/wp\/v2\/product_tag?post=9469"}],"curies":[{"name":"wp","href":"https:\/\/api.w.org\/{rel}","templated":true}]}}