{"id":9465,"date":"2024-04-20T13:22:19","date_gmt":"2025-04-07T14:54:17","guid":{"rendered":"https:\/\/positiveautism.org\/product\/una-aventura-en-australia-actividad-para-practicar-la-comprension-lectora-y-las-habilidades-sociales-para-ninos-autistas\/"},"modified":"2025-04-07T10:54:17","modified_gmt":"2025-04-07T14:54:17","slug":"una-aventura-en-australia-actividad-para-practicar-la-comprension-lectora-y-las-habilidades-sociales-para-ninos-autistas","status":"publish","type":"product","link":"https:\/\/positiveautism.org\/es\/producto\/una-aventura-en-australia-actividad-para-practicar-la-comprension-lectora-y-las-habilidades-sociales-para-ninos-autistas\/","title":{"rendered":"Una aventura en Australia. (Actividad para practicar la comprensi\u00f3n lectora y las habilidades sociales para ni\u00f1os autistas)"},"content":{"rendered":"","protected":false},"excerpt":{"rendered":"<p>Este material educativo, dise\u00f1ado espec\u00edficamente para ni\u00f1os autistas, se centra en el cuento \u00abUna aventura en Australia\u00bb y utiliza una combinaci\u00f3n de lectura y juegos de rol para mejorar la comprensi\u00f3n lectora, as\u00ed como las habilidades de conversaci\u00f3n y socializaci\u00f3n. La narraci\u00f3n sigue a Deryk en su viaje m\u00e1gico por Australia, proporcionando un contexto rico y emocionante que captura la imaginaci\u00f3n de los ni\u00f1os. A trav\u00e9s de preguntas de comprensi\u00f3n y actividades de juego de roles basadas en las aventuras de Deryk y su amigo Roberto, los ni\u00f1os pueden practicar present\u00e1ndose, haciendo preguntas, compartiendo informaci\u00f3n y respondiendo adecuadamente en situaciones sociales.  <\/p>\n<p>Los juegos de rol est\u00e1n cuidadosamente estructurados para reflejar situaciones de la vida real a las que los ni\u00f1os podr\u00edan enfrentarse, lo que hace que la pr\u00e1ctica sea relevante y aplicable. Esto no solo ayuda a los ni\u00f1os a comprender mejor el texto, sino que tambi\u00e9n les permite experimentar y practicar interacciones sociales en un entorno controlado y seguro. Cada escenario de juego de roles est\u00e1 dise\u00f1ado para introducir vocabulario espec\u00edfico y fomentar interacciones emp\u00e1ticas y curiosas, apoyando as\u00ed el desarrollo de habilidades sociales cr\u00edticas en un formato que es a la vez educativo y divertido.  <\/p>\n","protected":false},"featured_media":9466,"comment_status":"open","ping_status":"closed","template":"","meta":{"_acf_changed":false,"_monsterinsights_skip_tracking":false,"_monsterinsights_sitenote_active":false,"_monsterinsights_sitenote_note":"","_monsterinsights_sitenote_category":0},"product_brand":[],"product_cat":[783,787],"product_tag":[795,798,867],"class_list":{"0":"post-9465","1":"product","2":"type-product","3":"status-publish","4":"has-post-thumbnail","6":"product_cat-comprension-lectora","7":"product_cat-habilidades-sociales-y-emocionales","8":"product_tag-comprension-lectora-para-ninos-autistas","9":"product_tag-comprension-lectora-para-ninos-con-autismo-es","10":"product_tag-de-la-lectura-a-las-habilidades-sociales-tecnologicas","12":"first","13":"instock","14":"downloadable","15":"shipping-taxable","16":"purchasable","17":"product-type-simple"},"acf":[],"aioseo_notices":[],"jetpack_sharing_enabled":true,"_links":{"self":[{"href":"https:\/\/positiveautism.org\/es\/wp-json\/wp\/v2\/product\/9465","targetHints":{"allow":["GET"]}}],"collection":[{"href":"https:\/\/positiveautism.org\/es\/wp-json\/wp\/v2\/product"}],"about":[{"href":"https:\/\/positiveautism.org\/es\/wp-json\/wp\/v2\/types\/product"}],"replies":[{"embeddable":true,"href":"https:\/\/positiveautism.org\/es\/wp-json\/wp\/v2\/comments?post=9465"}],"wp:featuredmedia":[{"embeddable":true,"href":"https:\/\/positiveautism.org\/es\/wp-json\/wp\/v2\/media\/9466"}],"wp:attachment":[{"href":"https:\/\/positiveautism.org\/es\/wp-json\/wp\/v2\/media?parent=9465"}],"wp:term":[{"taxonomy":"product_brand","embeddable":true,"href":"https:\/\/positiveautism.org\/es\/wp-json\/wp\/v2\/product_brand?post=9465"},{"taxonomy":"product_cat","embeddable":true,"href":"https:\/\/positiveautism.org\/es\/wp-json\/wp\/v2\/product_cat?post=9465"},{"taxonomy":"product_tag","embeddable":true,"href":"https:\/\/positiveautism.org\/es\/wp-json\/wp\/v2\/product_tag?post=9465"}],"curies":[{"name":"wp","href":"https:\/\/api.w.org\/{rel}","templated":true}]}}