{"id":9464,"date":"2024-04-17T11:17:53","date_gmt":"2025-04-07T14:54:17","guid":{"rendered":"https:\/\/positiveautism.org\/product\/el-mundo-de-mara-descubriendo-la-magia-de-los-gestos-y-las-miradas-actividad-para-practicar-la-comprension-lectora-habilidades-sociales-y-emocionales-para-ninos-autistas\/"},"modified":"2025-04-07T10:54:17","modified_gmt":"2025-04-07T14:54:17","slug":"el-mundo-de-mara-descubriendo-la-magia-de-los-gestos-y-las-miradas-actividad-para-practicar-la-comprension-lectora-habilidades-sociales-y-emocionales-para-ninos-autistas","status":"publish","type":"product","link":"https:\/\/positiveautism.org\/es\/producto\/el-mundo-de-mara-descubriendo-la-magia-de-los-gestos-y-las-miradas-actividad-para-practicar-la-comprension-lectora-habilidades-sociales-y-emocionales-para-ninos-autistas\/","title":{"rendered":"El mundo de Mara: descubriendo la magia de los gestos y las miradas. (Actividad para practicar la comprensi\u00f3n lectora, habilidades sociales y emocionales para ni\u00f1os autistas)"},"content":{"rendered":"","protected":false},"excerpt":{"rendered":"<p>\u00abEl Mundo de Mara: Descubriendo la Magia de los Gestos y las Miradas\u00bb es un material atractivo y educativo dise\u00f1ado espec\u00edficamente para que los ni\u00f1os autistas trabajen su comprensi\u00f3n lectora, as\u00ed como sus habilidades emocionales y sociales. A trav\u00e9s de la historia de Mara, una ni\u00f1a \u00fanica que ve el mundo de manera diferente y a veces tiene dificultades para comprender los sentimientos o pensamientos de los dem\u00e1s, los ni\u00f1os son introducidos a los matices de la comunicaci\u00f3n no verbal. A medida que Mara aprende a interpretar las expresiones faciales y el lenguaje corporal para discernir la tristeza y las necesidades de su amigo Tom\u00e1s, los lectores tambi\u00e9n son guiados sobre c\u00f3mo notar y responder a tales se\u00f1ales en la vida real. Esta narrativa no solo mejora su capacidad para leer y comprender una historia, sino que tambi\u00e9n los empodera para navegar mejor por sus entornos sociales. Al identificar las emociones, usar el contacto visual y practicar la empat\u00eda, los ni\u00f1os pueden mejorar sus conexiones interpersonales, al igual que lo hace Mara a lo largo del cuento. Por lo tanto, este recurso es invaluable para fomentar habilidades esenciales para la vida en ni\u00f1os con autismo, ayud\u00e1ndolos a involucrarse m\u00e1s plenamente con el mundo que los rodea.     <\/p>\n","protected":false},"featured_media":9468,"comment_status":"open","ping_status":"closed","template":"","meta":{"_acf_changed":false,"_monsterinsights_skip_tracking":false,"_monsterinsights_sitenote_active":false,"_monsterinsights_sitenote_note":"","_monsterinsights_sitenote_category":0},"product_brand":[],"product_cat":[783,787],"product_tag":[795,798,818],"class_list":{"0":"post-9464","1":"product","2":"type-product","3":"status-publish","4":"has-post-thumbnail","6":"product_cat-comprension-lectora","7":"product_cat-habilidades-sociales-y-emocionales","8":"product_tag-comprension-lectora-para-ninos-autistas","9":"product_tag-comprension-lectora-para-ninos-con-autismo-es","10":"product_tag-leer-para-ensenar-habilidades-emocionales","12":"first","13":"instock","14":"downloadable","15":"shipping-taxable","16":"purchasable","17":"product-type-simple"},"acf":[],"aioseo_notices":[],"jetpack_sharing_enabled":true,"_links":{"self":[{"href":"https:\/\/positiveautism.org\/es\/wp-json\/wp\/v2\/product\/9464","targetHints":{"allow":["GET"]}}],"collection":[{"href":"https:\/\/positiveautism.org\/es\/wp-json\/wp\/v2\/product"}],"about":[{"href":"https:\/\/positiveautism.org\/es\/wp-json\/wp\/v2\/types\/product"}],"replies":[{"embeddable":true,"href":"https:\/\/positiveautism.org\/es\/wp-json\/wp\/v2\/comments?post=9464"}],"wp:featuredmedia":[{"embeddable":true,"href":"https:\/\/positiveautism.org\/es\/wp-json\/wp\/v2\/media\/9468"}],"wp:attachment":[{"href":"https:\/\/positiveautism.org\/es\/wp-json\/wp\/v2\/media?parent=9464"}],"wp:term":[{"taxonomy":"product_brand","embeddable":true,"href":"https:\/\/positiveautism.org\/es\/wp-json\/wp\/v2\/product_brand?post=9464"},{"taxonomy":"product_cat","embeddable":true,"href":"https:\/\/positiveautism.org\/es\/wp-json\/wp\/v2\/product_cat?post=9464"},{"taxonomy":"product_tag","embeddable":true,"href":"https:\/\/positiveautism.org\/es\/wp-json\/wp\/v2\/product_tag?post=9464"}],"curies":[{"name":"wp","href":"https:\/\/api.w.org\/{rel}","templated":true}]}}