{"id":9459,"date":"2024-04-19T16:54:26","date_gmt":"2025-04-07T14:54:17","guid":{"rendered":"https:\/\/positiveautism.org\/product\/un-viaje-a-colombia-actividad-para-practicar-la-comprension-lectora-y-las-habilidades-sociales-para-ninos-autistas\/"},"modified":"2025-04-07T10:54:17","modified_gmt":"2025-04-07T14:54:17","slug":"un-viaje-a-colombia-actividad-para-practicar-la-comprension-lectora-y-las-habilidades-sociales-para-ninos-autistas","status":"publish","type":"product","link":"https:\/\/positiveautism.org\/es\/producto\/un-viaje-a-colombia-actividad-para-practicar-la-comprension-lectora-y-las-habilidades-sociales-para-ninos-autistas\/","title":{"rendered":"Un viaje a Colombia. (Actividad para practicar la comprensi\u00f3n lectora y las habilidades sociales para ni\u00f1os autistas)"},"content":{"rendered":"","protected":false},"excerpt":{"rendered":"<p>Este material educativo, inspirado en \u00abUn viaje a Colombia\u00bb, est\u00e1 dise\u00f1ado para ayudar a los ni\u00f1os con autismo a desarrollar sus habilidades de comprensi\u00f3n lectora y conversaci\u00f3n social. A trav\u00e9s de la historia del viaje de Deryk a Colombia para visitar a sus abuelos, se anima a los ni\u00f1os a involucrarse con el texto en m\u00faltiples niveles. El material incluye preguntas espec\u00edficas que se centran en la comprensi\u00f3n de la trama, la identificaci\u00f3n de respuestas emocionales y el recuerdo de detalles, que son cruciales para mejorar las habilidades narrativas. Adem\u00e1s, los juegos de rol propuestos basados en los escenarios de la historia proporcionan un marco estructurado pero flexible para practicar las interacciones sociales y las habilidades de conversaci\u00f3n. Estas actividades permiten a los ni\u00f1os explorar diferentes roles sociales y expresar emociones en un entorno controlado, lo que puede ser particularmente beneficioso para las personas con autismo. Al asumir roles como el de Deryk o sus abuelos y recrear partes de la historia, los ni\u00f1os pueden practicar la articulaci\u00f3n de sus pensamientos, hacer preguntas y responder adecuadamente en contextos sociales. En general, este enfoque no solo refuerza el contenido de la historia, sino que tambi\u00e9n ayuda en el desarrollo de habilidades vitales de comunicaci\u00f3n social. Al integrar la comprensi\u00f3n lectora con el juego de roles interactivo, el material ofrece una herramienta integral para educadores y padres para ayudar en el desarrollo social y educativo de los ni\u00f1os con autismo.       <\/p>\n","protected":false},"featured_media":9462,"comment_status":"open","ping_status":"closed","template":"","meta":{"_acf_changed":false,"_monsterinsights_skip_tracking":false,"_monsterinsights_sitenote_active":false,"_monsterinsights_sitenote_note":"","_monsterinsights_sitenote_category":0},"product_brand":[],"product_cat":[741,783],"product_tag":[795,798,935],"class_list":{"0":"post-9459","1":"product","2":"type-product","3":"status-publish","4":"has-post-thumbnail","6":"product_cat-comunicacion-y-lenguaje","7":"product_cat-comprension-lectora","8":"product_tag-comprension-lectora-para-ninos-autistas","9":"product_tag-comprension-lectora-para-ninos-con-autismo-es","10":"product_tag-actividades-para-ensenar-habilidades-sociales-y-de-comunicacion","12":"first","13":"instock","14":"downloadable","15":"shipping-taxable","16":"purchasable","17":"product-type-simple"},"acf":[],"aioseo_notices":[],"jetpack_sharing_enabled":true,"_links":{"self":[{"href":"https:\/\/positiveautism.org\/es\/wp-json\/wp\/v2\/product\/9459","targetHints":{"allow":["GET"]}}],"collection":[{"href":"https:\/\/positiveautism.org\/es\/wp-json\/wp\/v2\/product"}],"about":[{"href":"https:\/\/positiveautism.org\/es\/wp-json\/wp\/v2\/types\/product"}],"replies":[{"embeddable":true,"href":"https:\/\/positiveautism.org\/es\/wp-json\/wp\/v2\/comments?post=9459"}],"wp:featuredmedia":[{"embeddable":true,"href":"https:\/\/positiveautism.org\/es\/wp-json\/wp\/v2\/media\/9462"}],"wp:attachment":[{"href":"https:\/\/positiveautism.org\/es\/wp-json\/wp\/v2\/media?parent=9459"}],"wp:term":[{"taxonomy":"product_brand","embeddable":true,"href":"https:\/\/positiveautism.org\/es\/wp-json\/wp\/v2\/product_brand?post=9459"},{"taxonomy":"product_cat","embeddable":true,"href":"https:\/\/positiveautism.org\/es\/wp-json\/wp\/v2\/product_cat?post=9459"},{"taxonomy":"product_tag","embeddable":true,"href":"https:\/\/positiveautism.org\/es\/wp-json\/wp\/v2\/product_tag?post=9459"}],"curies":[{"name":"wp","href":"https:\/\/api.w.org\/{rel}","templated":true}]}}