{"id":9456,"date":"2024-04-15T12:14:30","date_gmt":"2025-04-07T14:54:16","guid":{"rendered":"https:\/\/positiveautism.org\/product\/la-aventura-de-juan-aprender-a-expresarse-actividad-para-practicar-la-comprension-lectora-y-las-habilidades-sociales-y-comunicativas-para-ninos-autistas\/"},"modified":"2025-04-07T10:54:16","modified_gmt":"2025-04-07T14:54:16","slug":"la-aventura-de-juan-aprender-a-expresarse-actividad-para-practicar-la-comprension-lectora-y-las-habilidades-sociales-y-comunicativas-para-ninos-autistas","status":"publish","type":"product","link":"https:\/\/positiveautism.org\/es\/producto\/la-aventura-de-juan-aprender-a-expresarse-actividad-para-practicar-la-comprension-lectora-y-las-habilidades-sociales-y-comunicativas-para-ninos-autistas\/","title":{"rendered":"La aventura de Juan: Aprender a expresarse. (Actividad para practicar la comprensi\u00f3n lectora y las habilidades sociales y comunicativas para ni\u00f1os autistas)"},"content":{"rendered":"","protected":false},"excerpt":{"rendered":"<p>\u00abLa Aventura de Juan: Aprendiendo a Expresarse\u00bb es un material educativo especialmente dise\u00f1ado para ni\u00f1os autistas, enfocado en la comprensi\u00f3n lectora y el desarrollo de habilidades comunicativas. A trav\u00e9s de la historia de John, un ni\u00f1o que experimenta el mundo de una manera intensa y colorida pero que enfrenta desaf\u00edos para expresar sus necesidades y emociones, este material ofrece una narrativa con la que los ni\u00f1os pueden identificarse f\u00e1cilmente. Cada segmento de la aventura de John, desde la helader\u00eda hasta el Bosque Arco\u00edris, est\u00e1 dise\u00f1ado para ense\u00f1ar a los ni\u00f1os c\u00f3mo manejar situaciones sociales complejas a trav\u00e9s de ejemplos claros de superaci\u00f3n de barreras comunicativas.  <\/p>\n<p>Adem\u00e1s, se incluyen actividades interactivas como juegos de rol, que permiten a los ni\u00f1os practicar lo aprendido en un entorno seguro y estructurado. Estos juegos promueven la expresi\u00f3n verbal y ense\u00f1an habilidades pr\u00e1cticas de comunicaci\u00f3n, como solicitar cort\u00e9smente lo que uno desea o compartir sentimientos con amigos, ayudando a los ni\u00f1os a aplicar estos conceptos en su vida diaria. Este enfoque integral no solo mejora sus habilidades ling\u00fc\u00edsticas y sociales, sino que tambi\u00e9n les proporciona las herramientas necesarias para expresarse de manera m\u00e1s efectiva, aumentando su confianza y capacidad para conectarse con los dem\u00e1s.  <\/p>\n","protected":false},"featured_media":9460,"comment_status":"open","ping_status":"closed","template":"","meta":{"_acf_changed":false,"_monsterinsights_skip_tracking":false,"_monsterinsights_sitenote_active":false,"_monsterinsights_sitenote_note":"","_monsterinsights_sitenote_category":0},"product_brand":[],"product_cat":[741,783,787],"product_tag":[794,795,798,867],"class_list":{"0":"post-9456","1":"product","2":"type-product","3":"status-publish","4":"has-post-thumbnail","6":"product_cat-comunicacion-y-lenguaje","7":"product_cat-comprension-lectora","8":"product_cat-habilidades-sociales-y-emocionales","9":"product_tag-lectura-para-ensenar-habilidades-de-comunicacion-a-ninos-con-autismo","10":"product_tag-comprension-lectora-para-ninos-autistas","11":"product_tag-comprension-lectora-para-ninos-con-autismo-es","12":"product_tag-de-la-lectura-a-las-habilidades-sociales-tecnologicas","14":"first","15":"instock","16":"downloadable","17":"shipping-taxable","18":"purchasable","19":"product-type-simple"},"acf":[],"aioseo_notices":[],"jetpack_sharing_enabled":true,"_links":{"self":[{"href":"https:\/\/positiveautism.org\/es\/wp-json\/wp\/v2\/product\/9456","targetHints":{"allow":["GET"]}}],"collection":[{"href":"https:\/\/positiveautism.org\/es\/wp-json\/wp\/v2\/product"}],"about":[{"href":"https:\/\/positiveautism.org\/es\/wp-json\/wp\/v2\/types\/product"}],"replies":[{"embeddable":true,"href":"https:\/\/positiveautism.org\/es\/wp-json\/wp\/v2\/comments?post=9456"}],"wp:featuredmedia":[{"embeddable":true,"href":"https:\/\/positiveautism.org\/es\/wp-json\/wp\/v2\/media\/9460"}],"wp:attachment":[{"href":"https:\/\/positiveautism.org\/es\/wp-json\/wp\/v2\/media?parent=9456"}],"wp:term":[{"taxonomy":"product_brand","embeddable":true,"href":"https:\/\/positiveautism.org\/es\/wp-json\/wp\/v2\/product_brand?post=9456"},{"taxonomy":"product_cat","embeddable":true,"href":"https:\/\/positiveautism.org\/es\/wp-json\/wp\/v2\/product_cat?post=9456"},{"taxonomy":"product_tag","embeddable":true,"href":"https:\/\/positiveautism.org\/es\/wp-json\/wp\/v2\/product_tag?post=9456"}],"curies":[{"name":"wp","href":"https:\/\/api.w.org\/{rel}","templated":true}]}}