{"id":9455,"date":"2024-04-19T14:38:47","date_gmt":"2025-04-07T14:54:16","guid":{"rendered":"https:\/\/positiveautism.org\/product\/el-mundo-magico-de-daniel-actividad-para-practicar-la-comprension-lectora-y-la-aceptacion-del-autismo-para-ninos-tipicos\/"},"modified":"2025-04-07T10:54:16","modified_gmt":"2025-04-07T14:54:16","slug":"el-mundo-magico-de-daniel-actividad-para-practicar-la-comprension-lectora-y-la-aceptacion-del-autismo-para-ninos-tipicos","status":"publish","type":"product","link":"https:\/\/positiveautism.org\/es\/producto\/el-mundo-magico-de-daniel-actividad-para-practicar-la-comprension-lectora-y-la-aceptacion-del-autismo-para-ninos-tipicos\/","title":{"rendered":"El Mundo M\u00e1gico de Daniel. (Actividad para practicar la comprensi\u00f3n lectora y la aceptaci\u00f3n del autismo para ni\u00f1os t\u00edpicos)"},"content":{"rendered":"","protected":false},"excerpt":{"rendered":"<p><span style=\"font-weight: 400;\">Este material educativo, dise\u00f1ado para ni\u00f1os neurot\u00edpicos, se basa en el cuento \u00abEl Mundo M\u00e1gico de Daniel\u00bb, que tiene lugar en una escuela especial rodeada de grandes \u00e1rboles y un amplio patio de recreo. El contenido tiene como objetivo ense\u00f1ar la inclusi\u00f3n y aceptaci\u00f3n de ni\u00f1os autistas como Daniel, quien experimenta el mundo de manera \u00fanica. A trav\u00e9s de juegos de rol interactivos y escenarios descriptivos, los ni\u00f1os aprender\u00e1n a integrar y apreciar las perspectivas y necesidades \u00fanicas de sus compa\u00f1eros autistas. Al participar en estas actividades, los ni\u00f1os no solo desarrollar\u00e1n una comprensi\u00f3n m\u00e1s profunda del autismo, sino que tambi\u00e9n fomentar\u00e1n un ambiente de empat\u00eda, respeto y apoyo en sus interacciones diarias. Este enfoque enfatiza la importancia de aceptar la diversidad y las contribuciones especiales que todos aportan a una comunidad.    <\/span><\/p>\n","protected":false},"featured_media":9457,"comment_status":"open","ping_status":"closed","template":"","meta":{"_acf_changed":false,"_monsterinsights_skip_tracking":false,"_monsterinsights_sitenote_active":false,"_monsterinsights_sitenote_note":"","_monsterinsights_sitenote_category":0},"product_brand":[],"product_cat":[738,783],"product_tag":[861,934],"class_list":{"0":"post-9455","1":"product","2":"type-product","3":"status-publish","4":"has-post-thumbnail","6":"product_cat-conciencia","7":"product_cat-comprension-lectora","8":"product_tag-lectura-para-concienciar-sobre-el-autismo-en-los-ninos","9":"product_tag-concienciar-sobre-el-autismo","11":"first","12":"instock","13":"downloadable","14":"shipping-taxable","15":"purchasable","16":"product-type-simple"},"acf":[],"aioseo_notices":[],"jetpack_sharing_enabled":true,"_links":{"self":[{"href":"https:\/\/positiveautism.org\/es\/wp-json\/wp\/v2\/product\/9455","targetHints":{"allow":["GET"]}}],"collection":[{"href":"https:\/\/positiveautism.org\/es\/wp-json\/wp\/v2\/product"}],"about":[{"href":"https:\/\/positiveautism.org\/es\/wp-json\/wp\/v2\/types\/product"}],"replies":[{"embeddable":true,"href":"https:\/\/positiveautism.org\/es\/wp-json\/wp\/v2\/comments?post=9455"}],"wp:featuredmedia":[{"embeddable":true,"href":"https:\/\/positiveautism.org\/es\/wp-json\/wp\/v2\/media\/9457"}],"wp:attachment":[{"href":"https:\/\/positiveautism.org\/es\/wp-json\/wp\/v2\/media?parent=9455"}],"wp:term":[{"taxonomy":"product_brand","embeddable":true,"href":"https:\/\/positiveautism.org\/es\/wp-json\/wp\/v2\/product_brand?post=9455"},{"taxonomy":"product_cat","embeddable":true,"href":"https:\/\/positiveautism.org\/es\/wp-json\/wp\/v2\/product_cat?post=9455"},{"taxonomy":"product_tag","embeddable":true,"href":"https:\/\/positiveautism.org\/es\/wp-json\/wp\/v2\/product_tag?post=9455"}],"curies":[{"name":"wp","href":"https:\/\/api.w.org\/{rel}","templated":true}]}}