{"id":9449,"date":"2024-04-12T14:32:07","date_gmt":"2025-04-07T14:54:16","guid":{"rendered":"https:\/\/positiveautism.org\/product\/empatia-reconocer-cuando-alguien-esta-en-problemas-actividades-para-ensenar-a-los-ninos-habilidades-sociales-y-emocionales\/"},"modified":"2025-04-07T10:54:16","modified_gmt":"2025-04-07T14:54:16","slug":"empatia-reconocer-cuando-alguien-esta-en-problemas-actividades-para-ensenar-a-los-ninos-habilidades-sociales-y-emocionales","status":"publish","type":"product","link":"https:\/\/positiveautism.org\/es\/producto\/empatia-reconocer-cuando-alguien-esta-en-problemas-actividades-para-ensenar-a-los-ninos-habilidades-sociales-y-emocionales\/","title":{"rendered":"Empat\u00eda: Reconocer cuando alguien est\u00e1 en problemas. (Actividades para ense\u00f1ar a los ni\u00f1os habilidades sociales y emocionales)"},"content":{"rendered":"","protected":false},"excerpt":{"rendered":"<p>Este material educativo est\u00e1 dise\u00f1ado para ense\u00f1ar habilidades sociales y emocionales a ni\u00f1os autistas, centr\u00e1ndose en el desarrollo de la empat\u00eda. A trav\u00e9s de actividades interactivas y situaciones cotidianas como un amigo que lucha por alcanzar una cometa enredada, los ni\u00f1os aprender\u00e1n a reconocer y comprender las emociones de los dem\u00e1s. Se les orientar\u00e1 sobre c\u00f3mo ofrecer apoyo y compa\u00f1\u00eda en momentos dif\u00edciles, demostrando c\u00f3mo las acciones personales pueden influir en los sentimientos de los dem\u00e1s. Este enfoque pr\u00e1ctico no solo tiene como objetivo mejorar las interacciones sociales de los ni\u00f1os, sino tambi\u00e9n enriquecer su capacidad de ver las cosas desde diversas perspectivas, facilitando la resoluci\u00f3n de conflictos y promoviendo un entorno m\u00e1s amigable y de apoyo.   <\/p>\n","protected":false},"featured_media":9451,"comment_status":"open","ping_status":"closed","template":"","meta":{"_acf_changed":false,"_monsterinsights_skip_tracking":false,"_monsterinsights_sitenote_active":false,"_monsterinsights_sitenote_note":"","_monsterinsights_sitenote_category":0},"product_brand":[],"product_cat":[787],"product_tag":[830,874,933],"class_list":{"0":"post-9449","1":"product","2":"type-product","3":"status-publish","4":"has-post-thumbnail","6":"product_cat-habilidades-sociales-y-emocionales","7":"product_tag-habilidades-sociales-y-emocionales-para-personas-autistas","8":"product_tag-como-ensenar-a-los-ninos-autistas-a-reconocer-las-emociones","9":"product_tag-reconocer-cuando-alguien-esta-preocupado","11":"first","12":"instock","13":"downloadable","14":"shipping-taxable","15":"purchasable","16":"product-type-simple"},"acf":[],"aioseo_notices":[],"jetpack_sharing_enabled":true,"_links":{"self":[{"href":"https:\/\/positiveautism.org\/es\/wp-json\/wp\/v2\/product\/9449","targetHints":{"allow":["GET"]}}],"collection":[{"href":"https:\/\/positiveautism.org\/es\/wp-json\/wp\/v2\/product"}],"about":[{"href":"https:\/\/positiveautism.org\/es\/wp-json\/wp\/v2\/types\/product"}],"replies":[{"embeddable":true,"href":"https:\/\/positiveautism.org\/es\/wp-json\/wp\/v2\/comments?post=9449"}],"wp:featuredmedia":[{"embeddable":true,"href":"https:\/\/positiveautism.org\/es\/wp-json\/wp\/v2\/media\/9451"}],"wp:attachment":[{"href":"https:\/\/positiveautism.org\/es\/wp-json\/wp\/v2\/media?parent=9449"}],"wp:term":[{"taxonomy":"product_brand","embeddable":true,"href":"https:\/\/positiveautism.org\/es\/wp-json\/wp\/v2\/product_brand?post=9449"},{"taxonomy":"product_cat","embeddable":true,"href":"https:\/\/positiveautism.org\/es\/wp-json\/wp\/v2\/product_cat?post=9449"},{"taxonomy":"product_tag","embeddable":true,"href":"https:\/\/positiveautism.org\/es\/wp-json\/wp\/v2\/product_tag?post=9449"}],"curies":[{"name":"wp","href":"https:\/\/api.w.org\/{rel}","templated":true}]}}