{"id":9440,"date":"2024-04-11T12:13:22","date_gmt":"2025-04-07T14:54:10","guid":{"rendered":"https:\/\/positiveautism.org\/product\/conversacion-mientras-juegas-con-un-amigo-hojas-de-trabajo-para-ensenar-habilidades-de-conversacion-a-ninos-autistas\/"},"modified":"2025-04-07T10:54:10","modified_gmt":"2025-04-07T14:54:10","slug":"conversacion-mientras-juegas-con-un-amigo-hojas-de-trabajo-para-ensenar-habilidades-de-conversacion-a-ninos-autistas","status":"publish","type":"product","link":"https:\/\/positiveautism.org\/es\/producto\/conversacion-mientras-juegas-con-un-amigo-hojas-de-trabajo-para-ensenar-habilidades-de-conversacion-a-ninos-autistas\/","title":{"rendered":"Conversaci\u00f3n mientras juegas con un amigo. (Hojas de trabajo para ense\u00f1ar habilidades de conversaci\u00f3n a ni\u00f1os autistas)"},"content":{"rendered":"","protected":false},"excerpt":{"rendered":"<p>Este material est\u00e1 dise\u00f1ado para ayudar a los ni\u00f1os autistas a desarrollar habilidades sociales y de conversaci\u00f3n a trav\u00e9s de juegos y actividades interactivas. Centr\u00e1ndose en jugar con amigos, ofrece ejercicios pr\u00e1cticos que ense\u00f1an a compartir, escuchar y reconocer se\u00f1ales no verbales, como expresiones faciales y tonos de voz. Con actividades que van desde completar conversaciones hasta dibujar y recrear escenarios de juego, los ni\u00f1os aprenden la importancia de saludar, romper el hielo y mantener conversaciones interesantes respetando los turnos y el espacio personal. Este recurso fomenta la pr\u00e1ctica en un entorno de apoyo, utilizando compa\u00f1eros, familiares, mascotas o incluso juguetes favoritos como interlocutores, lo que garantiza un aprendizaje divertido a su propio ritmo.   <\/p>\n","protected":false},"featured_media":9442,"comment_status":"closed","ping_status":"closed","template":"","meta":{"_acf_changed":false,"_monsterinsights_skip_tracking":false,"_monsterinsights_sitenote_active":false,"_monsterinsights_sitenote_note":"","_monsterinsights_sitenote_category":0},"product_brand":[],"product_cat":[787,838],"product_tag":[843,854],"class_list":{"0":"post-9440","1":"product","2":"type-product","3":"status-publish","4":"has-post-thumbnail","6":"product_cat-habilidades-sociales-y-emocionales","7":"product_cat-habilidades-de-conversacion","8":"product_tag-como-ensenar-habilidades-de-conversacion-a-personas-con-autismo","9":"product_tag-hojas-de-trabajo-para-ensenar-habilidades-de-conversacion-a-ninos-autistas","11":"first","12":"instock","13":"downloadable","14":"shipping-taxable","15":"purchasable","16":"product-type-simple"},"acf":[],"aioseo_notices":[],"jetpack_sharing_enabled":true,"_links":{"self":[{"href":"https:\/\/positiveautism.org\/es\/wp-json\/wp\/v2\/product\/9440","targetHints":{"allow":["GET"]}}],"collection":[{"href":"https:\/\/positiveautism.org\/es\/wp-json\/wp\/v2\/product"}],"about":[{"href":"https:\/\/positiveautism.org\/es\/wp-json\/wp\/v2\/types\/product"}],"replies":[{"embeddable":true,"href":"https:\/\/positiveautism.org\/es\/wp-json\/wp\/v2\/comments?post=9440"}],"wp:featuredmedia":[{"embeddable":true,"href":"https:\/\/positiveautism.org\/es\/wp-json\/wp\/v2\/media\/9442"}],"wp:attachment":[{"href":"https:\/\/positiveautism.org\/es\/wp-json\/wp\/v2\/media?parent=9440"}],"wp:term":[{"taxonomy":"product_brand","embeddable":true,"href":"https:\/\/positiveautism.org\/es\/wp-json\/wp\/v2\/product_brand?post=9440"},{"taxonomy":"product_cat","embeddable":true,"href":"https:\/\/positiveautism.org\/es\/wp-json\/wp\/v2\/product_cat?post=9440"},{"taxonomy":"product_tag","embeddable":true,"href":"https:\/\/positiveautism.org\/es\/wp-json\/wp\/v2\/product_tag?post=9440"}],"curies":[{"name":"wp","href":"https:\/\/api.w.org\/{rel}","templated":true}]}}