{"id":9439,"date":"2024-04-09T13:06:51","date_gmt":"2025-04-07T14:54:10","guid":{"rendered":"https:\/\/positiveautism.org\/product\/sparks-adventures-descubriendo-el-mundo-con-cinco-preguntas-actividad-para-practicar-la-comprension-lectora-y-las-habilidades-de-conversacion-para-ninos-autistas\/"},"modified":"2025-04-07T10:54:10","modified_gmt":"2025-04-07T14:54:10","slug":"sparks-adventures-descubriendo-el-mundo-con-cinco-preguntas-actividad-para-practicar-la-comprension-lectora-y-las-habilidades-de-conversacion-para-ninos-autistas","status":"publish","type":"product","link":"https:\/\/positiveautism.org\/es\/producto\/sparks-adventures-descubriendo-el-mundo-con-cinco-preguntas-actividad-para-practicar-la-comprension-lectora-y-las-habilidades-de-conversacion-para-ninos-autistas\/","title":{"rendered":"Spark&#8217;s Adventures: Descubriendo el mundo con cinco preguntas. (Actividad para practicar la comprensi\u00f3n lectora y las habilidades de conversaci\u00f3n para ni\u00f1os autistas)"},"content":{"rendered":"","protected":false},"excerpt":{"rendered":"<div class=\"w-full text-token-text-primary\" data-testid=\"conversation-turn-19\">\n<div class=\"px-4 py-2 justify-center text-base md:gap-6 m-auto\">\n<div class=\"flex flex-1 text-base mx-auto gap-3 md:px-5 lg:px-1 xl:px-5 md:max-w-3xl lg:max-w-[40rem] xl:max-w-[48rem] group\">\n<div class=\"relative flex w-full flex-col agent-turn\">\n<div class=\"flex-col gap-1 md:gap-3\">\n<div class=\"flex flex-grow flex-col max-w-full\">\n<div class=\"min-h-[20px] text-message flex flex-col items-start gap-3 whitespace-pre-wrap break-words [.text-message+&amp;]:mt-5 overflow-x-auto\" data-message-author-role=\"assistant\" data-message-id=\"3cb47e5a-82a4-41ac-8877-6a85ade72c60\">\n<div class=\"markdown prose w-full break-words dark:prose-invert light\">\n<p>\u00abThe Adventures of Spark: Discovering the World with Five Questions\u00bb es una historia cuidadosamente elaborada dise\u00f1ada para involucrar a los ni\u00f1os autistas en la comprensi\u00f3n de lectura y las habilidades de conversaci\u00f3n a trav\u00e9s de los ojos curiosos de Spark, un gatito de color \u00fanico que vive en la vibrante ciudad de Rainbow. El viaje de Spark, impulsado por su curiosidad insaciable y guiado por cinco preguntas cr\u00edticas: \u00ab\u00bfQui\u00e9n?\u00bb, \u00ab\u00bfQu\u00e9?\u00bb, \u00ab\u00bfD\u00f3nde?\u00bb, \u00ab\u00bfCu\u00e1ndo?\u00bb y \u00ab\u00bfPor qu\u00e9?\u00bb \u2014Introduce a los ni\u00f1os al concepto de indagaci\u00f3n como puerta de entrada para aprender y comprender el mundo que los rodea. Esta narrativa no solo entretiene, sino que tambi\u00e9n educa, enfatizando el valor de hacer las preguntas correctas para descubrir los secretos de la vida cotidiana, desde la rutina matutina del panadero hasta el misterioso resplandor de las flores nocturnas. A continuaci\u00f3n de la historia, una serie de escenarios de juego de roles proporcionan aplicaciones pr\u00e1cticas de las lecciones aprendidas, invitando a los ni\u00f1os y a sus compa\u00f1eros a profundizar en la pr\u00e1ctica de la conversaci\u00f3n, mejorando as\u00ed sus habilidades sociales y comunicativas. Este material, rico en oportunidades para la exploraci\u00f3n y la interacci\u00f3n, tiene como objetivo reforzar la confianza, la curiosidad y la capacidad de navegar a trav\u00e9s de conversaciones y situaciones sociales, lo que lo convierte en un recurso invaluable para padres y educadores dedicados a apoyar las necesidades de desarrollo de los ni\u00f1os y j\u00f3venes autistas.    <\/p>\n<\/div>\n<\/div>\n<\/div>\n<div class=\"mt-1 flex justify-start gap-3 empty:hidden\">\n<div class=\"text-gray-400 flex self-end lg:self-center items-center justify-center lg:justify-start mt-0 -ml-1 h-7 gap-[2px] visible\">\n<p>&nbsp;<\/p>\n<div class=\"flex\"><\/div>\n<\/div>\n<\/div>\n<div class=\"pr-2 lg:pr-0\"><\/div>\n<\/div>\n<div class=\"absolute\">\n<div class=\"flex w-full gap-2 items-center justify-center\"><\/div>\n<\/div>\n<\/div>\n<\/div>\n<\/div>\n<\/div>\n<div class=\"w-full text-token-text-primary\" data-testid=\"conversation-turn-20\">\n<div class=\"px-4 py-2 justify-center text-base md:gap-6 m-auto\">\n<div class=\"flex flex-1 text-base mx-auto gap-3 md:px-5 lg:px-1 xl:px-5 md:max-w-3xl lg:max-w-[40rem] xl:max-w-[48rem] group\">\n<div class=\"flex-shrink-0 flex flex-col relative items-end\">\n<div>\n<div class=\"pt-0.5\">\n<div class=\"gizmo-shadow-stroke flex h-6 w-6 items-center justify-center overflow-hidden rounded-full\"><\/div>\n<\/div>\n<\/div>\n<\/div>\n<\/div>\n<\/div>\n<\/div>\n","protected":false},"featured_media":9441,"comment_status":"open","ping_status":"closed","template":"","meta":{"_acf_changed":false,"_monsterinsights_skip_tracking":false,"_monsterinsights_sitenote_active":false,"_monsterinsights_sitenote_note":"","_monsterinsights_sitenote_category":0},"product_brand":[],"product_cat":[783,838],"product_tag":[795,798,867],"class_list":{"0":"post-9439","1":"product","2":"type-product","3":"status-publish","4":"has-post-thumbnail","6":"product_cat-comprension-lectora","7":"product_cat-habilidades-de-conversacion","8":"product_tag-comprension-lectora-para-ninos-autistas","9":"product_tag-comprension-lectora-para-ninos-con-autismo-es","10":"product_tag-de-la-lectura-a-las-habilidades-sociales-tecnologicas","12":"first","13":"instock","14":"downloadable","15":"shipping-taxable","16":"purchasable","17":"product-type-simple"},"acf":[],"aioseo_notices":[],"jetpack_sharing_enabled":true,"_links":{"self":[{"href":"https:\/\/positiveautism.org\/es\/wp-json\/wp\/v2\/product\/9439","targetHints":{"allow":["GET"]}}],"collection":[{"href":"https:\/\/positiveautism.org\/es\/wp-json\/wp\/v2\/product"}],"about":[{"href":"https:\/\/positiveautism.org\/es\/wp-json\/wp\/v2\/types\/product"}],"replies":[{"embeddable":true,"href":"https:\/\/positiveautism.org\/es\/wp-json\/wp\/v2\/comments?post=9439"}],"wp:featuredmedia":[{"embeddable":true,"href":"https:\/\/positiveautism.org\/es\/wp-json\/wp\/v2\/media\/9441"}],"wp:attachment":[{"href":"https:\/\/positiveautism.org\/es\/wp-json\/wp\/v2\/media?parent=9439"}],"wp:term":[{"taxonomy":"product_brand","embeddable":true,"href":"https:\/\/positiveautism.org\/es\/wp-json\/wp\/v2\/product_brand?post=9439"},{"taxonomy":"product_cat","embeddable":true,"href":"https:\/\/positiveautism.org\/es\/wp-json\/wp\/v2\/product_cat?post=9439"},{"taxonomy":"product_tag","embeddable":true,"href":"https:\/\/positiveautism.org\/es\/wp-json\/wp\/v2\/product_tag?post=9439"}],"curies":[{"name":"wp","href":"https:\/\/api.w.org\/{rel}","templated":true}]}}