{"id":9435,"date":"2024-04-05T10:52:47","date_gmt":"2025-04-07T14:54:10","guid":{"rendered":"https:\/\/positiveautism.org\/product\/el-viaje-de-leo-y-sus-amigos-una-aventura-de-pronombres-actividad-para-practicar-la-comprension-lectora-y-las-habilidades-de-comunicacion-para-ninos-autistas\/"},"modified":"2025-04-07T10:54:10","modified_gmt":"2025-04-07T14:54:10","slug":"el-viaje-de-leo-y-sus-amigos-una-aventura-de-pronombres-actividad-para-practicar-la-comprension-lectora-y-las-habilidades-de-comunicacion-para-ninos-autistas","status":"publish","type":"product","link":"https:\/\/positiveautism.org\/es\/producto\/el-viaje-de-leo-y-sus-amigos-una-aventura-de-pronombres-actividad-para-practicar-la-comprension-lectora-y-las-habilidades-de-comunicacion-para-ninos-autistas\/","title":{"rendered":"El viaje de Leo y sus amigos: una aventura de pronombres. (Actividad para practicar la comprensi\u00f3n lectora y las habilidades de comunicaci\u00f3n para ni\u00f1os autistas)"},"content":{"rendered":"","protected":false},"excerpt":{"rendered":"<p>\u00abEl viaje de Leo y sus amigos: una aventura de pronombres\u00bb es una emocionante historia dise\u00f1ada para ni\u00f1os, incluidos aquellos con autismo, para ayudarlos a comprender y practicar el uso de pronombres personales de una manera divertida y significativa. En este cuento, Leo, un chico curioso y amable de la ciudad de Pronomville, se embarca en una misi\u00f3n con sus amigos para explorar c\u00f3mo los pronombres \u00abyo\u00bb, \u00abt\u00fa\u00bb, \u00ab\u00e9l\u00bb, \u00abella\u00bb, \u00abnosotros\u00bb, \u00abtodos ustedes\u00bb y \u00abellos\u00bb pueden mejorar la comunicaci\u00f3n y fortalecer los lazos de amistad. A trav\u00e9s de situaciones cotidianas, como animar a un amigo, compartir logros y trabajar en equipo, Leo y sus compa\u00f1eros descubren la importancia de usar los pronombres correctos para expresarse con claridad y conectarse con los dem\u00e1s. Esta historia no solo ense\u00f1a gram\u00e1tica de una manera accesible, sino que tambi\u00e9n fomenta habilidades sociales como la empat\u00eda, el apoyo mutuo y la colaboraci\u00f3n. Con actividades pr\u00e1cticas, como juegos de rol y ejercicios de conversaci\u00f3n, los ni\u00f1os pueden aplicar lo que han aprendido en situaciones de la vida real, lo que convierte a \u00abEl viaje de Leo y sus amigos\u00bb en una herramienta valiosa para padres y educadores que buscan apoyar el desarrollo ling\u00fc\u00edstico y social de los ni\u00f1os.    <\/p>\n","protected":false},"featured_media":9438,"comment_status":"open","ping_status":"closed","template":"","meta":{"_acf_changed":false,"_monsterinsights_skip_tracking":false,"_monsterinsights_sitenote_active":false,"_monsterinsights_sitenote_note":"","_monsterinsights_sitenote_category":0},"product_brand":[],"product_cat":[741,783],"product_tag":[795,798,931],"class_list":{"0":"post-9435","1":"product","2":"type-product","3":"status-publish","4":"has-post-thumbnail","6":"product_cat-comunicacion-y-lenguaje","7":"product_cat-comprension-lectora","8":"product_tag-comprension-lectora-para-ninos-autistas","9":"product_tag-comprension-lectora-para-ninos-con-autismo-es","10":"product_tag-leer-para-ensenar-habilidades-de-comunicacion-a-ninos-autistas","12":"first","13":"instock","14":"downloadable","15":"shipping-taxable","16":"purchasable","17":"product-type-simple"},"acf":[],"aioseo_notices":[],"jetpack_sharing_enabled":true,"_links":{"self":[{"href":"https:\/\/positiveautism.org\/es\/wp-json\/wp\/v2\/product\/9435","targetHints":{"allow":["GET"]}}],"collection":[{"href":"https:\/\/positiveautism.org\/es\/wp-json\/wp\/v2\/product"}],"about":[{"href":"https:\/\/positiveautism.org\/es\/wp-json\/wp\/v2\/types\/product"}],"replies":[{"embeddable":true,"href":"https:\/\/positiveautism.org\/es\/wp-json\/wp\/v2\/comments?post=9435"}],"wp:featuredmedia":[{"embeddable":true,"href":"https:\/\/positiveautism.org\/es\/wp-json\/wp\/v2\/media\/9438"}],"wp:attachment":[{"href":"https:\/\/positiveautism.org\/es\/wp-json\/wp\/v2\/media?parent=9435"}],"wp:term":[{"taxonomy":"product_brand","embeddable":true,"href":"https:\/\/positiveautism.org\/es\/wp-json\/wp\/v2\/product_brand?post=9435"},{"taxonomy":"product_cat","embeddable":true,"href":"https:\/\/positiveautism.org\/es\/wp-json\/wp\/v2\/product_cat?post=9435"},{"taxonomy":"product_tag","embeddable":true,"href":"https:\/\/positiveautism.org\/es\/wp-json\/wp\/v2\/product_tag?post=9435"}],"curies":[{"name":"wp","href":"https:\/\/api.w.org\/{rel}","templated":true}]}}