{"id":9434,"date":"2024-04-11T11:00:46","date_gmt":"2025-04-07T14:54:10","guid":{"rendered":"https:\/\/positiveautism.org\/product\/practica-recordar-conversaciones-pasadas-hojas-de-trabajo-para-ensenar-habilidades-de-conversacion-a-ninos-autistas\/"},"modified":"2025-04-07T10:54:10","modified_gmt":"2025-04-07T14:54:10","slug":"practica-recordar-conversaciones-pasadas-hojas-de-trabajo-para-ensenar-habilidades-de-conversacion-a-ninos-autistas","status":"publish","type":"product","link":"https:\/\/positiveautism.org\/es\/producto\/practica-recordar-conversaciones-pasadas-hojas-de-trabajo-para-ensenar-habilidades-de-conversacion-a-ninos-autistas\/","title":{"rendered":"Practica recordar conversaciones pasadas. (Hojas de trabajo para ense\u00f1ar habilidades de conversaci\u00f3n a ni\u00f1os autistas)"},"content":{"rendered":"","protected":false},"excerpt":{"rendered":"<p>Este material est\u00e1 dise\u00f1ado para fomentar y desarrollar habilidades de conversaci\u00f3n en ni\u00f1os autistas a trav\u00e9s de la pr\u00e1ctica de recordar conversaciones anteriores. Centr\u00e1ndose en el valor de mostrar inter\u00e9s y atenci\u00f3n hacia los dem\u00e1s, este ejercicio propone un enfoque pr\u00e1ctico para mejorar la capacidad de recordar detalles significativos de interacciones pasadas. Al reflexionar sobre conversaciones recientes con amigos, familiares, maestros u otras personas significativas, los participantes llenan los espacios en blanco con informaci\u00f3n clave, usan preguntas de gu\u00eda para profundizar en sus recuerdos y planifican preguntas para futuras conversaciones. Este ejercicio no solo mejora la memoria y la atenci\u00f3n, sino que tambi\u00e9n ense\u00f1a la importancia de construir relaciones significativas a trav\u00e9s de la comunicaci\u00f3n atenta.   <\/p>\n","protected":false},"featured_media":9436,"comment_status":"open","ping_status":"closed","template":"","meta":{"_acf_changed":false,"_monsterinsights_skip_tracking":false,"_monsterinsights_sitenote_active":false,"_monsterinsights_sitenote_note":"","_monsterinsights_sitenote_category":0},"product_brand":[],"product_cat":[787,838],"product_tag":[843,854],"class_list":{"0":"post-9434","1":"product","2":"type-product","3":"status-publish","4":"has-post-thumbnail","6":"product_cat-habilidades-sociales-y-emocionales","7":"product_cat-habilidades-de-conversacion","8":"product_tag-como-ensenar-habilidades-de-conversacion-a-personas-con-autismo","9":"product_tag-hojas-de-trabajo-para-ensenar-habilidades-de-conversacion-a-ninos-autistas","11":"first","12":"instock","13":"downloadable","14":"shipping-taxable","15":"purchasable","16":"product-type-simple"},"acf":[],"aioseo_notices":[],"jetpack_sharing_enabled":true,"_links":{"self":[{"href":"https:\/\/positiveautism.org\/es\/wp-json\/wp\/v2\/product\/9434","targetHints":{"allow":["GET"]}}],"collection":[{"href":"https:\/\/positiveautism.org\/es\/wp-json\/wp\/v2\/product"}],"about":[{"href":"https:\/\/positiveautism.org\/es\/wp-json\/wp\/v2\/types\/product"}],"replies":[{"embeddable":true,"href":"https:\/\/positiveautism.org\/es\/wp-json\/wp\/v2\/comments?post=9434"}],"wp:featuredmedia":[{"embeddable":true,"href":"https:\/\/positiveautism.org\/es\/wp-json\/wp\/v2\/media\/9436"}],"wp:attachment":[{"href":"https:\/\/positiveautism.org\/es\/wp-json\/wp\/v2\/media?parent=9434"}],"wp:term":[{"taxonomy":"product_brand","embeddable":true,"href":"https:\/\/positiveautism.org\/es\/wp-json\/wp\/v2\/product_brand?post=9434"},{"taxonomy":"product_cat","embeddable":true,"href":"https:\/\/positiveautism.org\/es\/wp-json\/wp\/v2\/product_cat?post=9434"},{"taxonomy":"product_tag","embeddable":true,"href":"https:\/\/positiveautism.org\/es\/wp-json\/wp\/v2\/product_tag?post=9434"}],"curies":[{"name":"wp","href":"https:\/\/api.w.org\/{rel}","templated":true}]}}