{"id":9430,"date":"2024-04-03T20:07:38","date_gmt":"2025-04-07T14:54:10","guid":{"rendered":"https:\/\/positiveautism.org\/product\/la-aventura-de-leo-en-el-bosque-de-las-palabras-actividad-para-practicar-la-comprension-lectora-y-las-habilidades-para-la-vida-en-ninos-y-jovenes-autistas\/"},"modified":"2025-04-07T10:54:10","modified_gmt":"2025-04-07T14:54:10","slug":"la-aventura-de-leo-en-el-bosque-de-las-palabras-actividad-para-practicar-la-comprension-lectora-y-las-habilidades-para-la-vida-en-ninos-y-jovenes-autistas","status":"publish","type":"product","link":"https:\/\/positiveautism.org\/es\/producto\/la-aventura-de-leo-en-el-bosque-de-las-palabras-actividad-para-practicar-la-comprension-lectora-y-las-habilidades-para-la-vida-en-ninos-y-jovenes-autistas\/","title":{"rendered":"La aventura de Leo en el bosque de las palabras. (Actividad para practicar la comprensi\u00f3n lectora y las habilidades para la vida en ni\u00f1os y j\u00f3venes autistas)"},"content":{"rendered":"","protected":false},"excerpt":{"rendered":"<p>\u00abLa aventura de Leo en el bosque de las palabras\u00bb es una historia emocionante y educativa dise\u00f1ada especialmente para ni\u00f1os, incluidos aquellos con autismo, para ayudarlos a mejorar su comprensi\u00f3n lectora y desarrollar habilidades sociales de una manera divertida y significativa. A trav\u00e9s de las aventuras de Leo, un ni\u00f1o al que le cuesta expresarse con palabras, los lectores pueden aprender sobre la importancia de la comunicaci\u00f3n en diversas formas y la empat\u00eda hacia los dem\u00e1s. <\/p>\n<p>Leo, el protagonista, es especial porque ve el mundo de una manera \u00fanica, pero le cuesta compartir sus pensamientos y sentimientos. Su viaje al \u00c1rbol del Entendimiento en el m\u00e1gico Bosque de las Palabras, acompa\u00f1ado por su amigo el p\u00e1jaro P\u00edo, ense\u00f1a a los ni\u00f1os que hay muchas formas de expresarse m\u00e1s all\u00e1 de las palabras, como el arte, los gestos y la m\u00fasica. A lo largo de su viaje, Leo se enfrenta a diversos retos que le ayudan a descubrir sus fortalezas y aprender a superar sus miedos y limitaciones.  <\/p>\n<p>Este material no solo cuenta una historia cautivadora; Tambi\u00e9n incluye preguntas que fomentan la reflexi\u00f3n y la discusi\u00f3n, dibujos para interactuar directamente con la narraci\u00f3n y ejemplos de juegos de rol que permiten a los ni\u00f1os practicar lo que han aprendido. Estos elementos est\u00e1n dise\u00f1ados para involucrar a los ni\u00f1os en el aprendizaje de habilidades vitales de una manera que sea accesible y atractiva para ellos, promoviendo su creatividad, comprensi\u00f3n y habilidades de comunicaci\u00f3n no verbal. <\/p>\n<p>Al ofrecer una historia identificable y herramientas pr\u00e1cticas, &#8216;La aventura de Leo en el bosque de las palabras&#8217; act\u00faa como un recurso valioso para padres, educadores y terapeutas. Ayuda a construir puentes de comprensi\u00f3n y expresi\u00f3n para los ni\u00f1os con autismo, alent\u00e1ndolos a explorar y encontrar su propia voz en un mundo que a menudo enfatiza la palabra hablada como la principal forma de comunicaci\u00f3n. <\/p>\n","protected":false},"featured_media":9433,"comment_status":"open","ping_status":"closed","template":"","meta":{"_acf_changed":false,"_monsterinsights_skip_tracking":false,"_monsterinsights_sitenote_active":false,"_monsterinsights_sitenote_note":"","_monsterinsights_sitenote_category":0},"product_brand":[],"product_cat":[741,783],"product_tag":[795,798,892],"class_list":{"0":"post-9430","1":"product","2":"type-product","3":"status-publish","4":"has-post-thumbnail","6":"product_cat-comunicacion-y-lenguaje","7":"product_cat-comprension-lectora","8":"product_tag-comprension-lectora-para-ninos-autistas","9":"product_tag-comprension-lectora-para-ninos-con-autismo-es","10":"product_tag-leer-para-ensenar-habilidades-para-la-vida","12":"first","13":"instock","14":"downloadable","15":"shipping-taxable","16":"purchasable","17":"product-type-simple"},"acf":[],"aioseo_notices":[],"jetpack_sharing_enabled":true,"_links":{"self":[{"href":"https:\/\/positiveautism.org\/es\/wp-json\/wp\/v2\/product\/9430","targetHints":{"allow":["GET"]}}],"collection":[{"href":"https:\/\/positiveautism.org\/es\/wp-json\/wp\/v2\/product"}],"about":[{"href":"https:\/\/positiveautism.org\/es\/wp-json\/wp\/v2\/types\/product"}],"replies":[{"embeddable":true,"href":"https:\/\/positiveautism.org\/es\/wp-json\/wp\/v2\/comments?post=9430"}],"wp:featuredmedia":[{"embeddable":true,"href":"https:\/\/positiveautism.org\/es\/wp-json\/wp\/v2\/media\/9433"}],"wp:attachment":[{"href":"https:\/\/positiveautism.org\/es\/wp-json\/wp\/v2\/media?parent=9430"}],"wp:term":[{"taxonomy":"product_brand","embeddable":true,"href":"https:\/\/positiveautism.org\/es\/wp-json\/wp\/v2\/product_brand?post=9430"},{"taxonomy":"product_cat","embeddable":true,"href":"https:\/\/positiveautism.org\/es\/wp-json\/wp\/v2\/product_cat?post=9430"},{"taxonomy":"product_tag","embeddable":true,"href":"https:\/\/positiveautism.org\/es\/wp-json\/wp\/v2\/product_tag?post=9430"}],"curies":[{"name":"wp","href":"https:\/\/api.w.org\/{rel}","templated":true}]}}