{"id":9429,"date":"2024-04-11T09:52:09","date_gmt":"2025-04-07T14:54:10","guid":{"rendered":"https:\/\/positiveautism.org\/product\/el-mundo-de-mateo-actividad-para-practicar-la-comprension-conciencia-y-aceptacion-lectora-en-ninos-tipicos-hacia-ninos-autistas\/"},"modified":"2025-04-07T10:54:10","modified_gmt":"2025-04-07T14:54:10","slug":"el-mundo-de-mateo-actividad-para-practicar-la-comprension-conciencia-y-aceptacion-lectora-en-ninos-tipicos-hacia-ninos-autistas","status":"publish","type":"product","link":"https:\/\/positiveautism.org\/es\/producto\/el-mundo-de-mateo-actividad-para-practicar-la-comprension-conciencia-y-aceptacion-lectora-en-ninos-tipicos-hacia-ninos-autistas\/","title":{"rendered":"El mundo de Mateo. (Actividad para practicar la comprensi\u00f3n, conciencia y aceptaci\u00f3n lectora en ni\u00f1os t\u00edpicos, hacia ni\u00f1os autistas)"},"content":{"rendered":"","protected":false},"excerpt":{"rendered":"<p>\u00abEl Mundo de Mateo\u00bb es una historia encantadora y educativa que nos lleva a trav\u00e9s de la vida de un ni\u00f1o llamado Mateo, que es autista. Nos muestra c\u00f3mo Mateo experimenta el mundo de una manera \u00fanica, disfrutando de patrones y rutinas, y c\u00f3mo se enfrenta a retos como la sobrecarga sensorial y las dificultades para socializar. A trav\u00e9s del cuento, aprendemos sobre la importancia de la inclusi\u00f3n y la aceptaci\u00f3n, viendo c\u00f3mo los compa\u00f1eros de Mateo y su profesor toman medidas para entenderlo y adaptarse a sus necesidades, facilitando su participaci\u00f3n en actividades grupales y fomentando amistades. Con \u00abEl Mundo de Mateo\u00bb, los ni\u00f1os pueden aprender sobre el autismo de una manera amigable y comprensiva, reconociendo que todos tenemos caracter\u00edsticas \u00fanicas que nos hacen especiales. Este material invita a los lectores a reflexionar sobre la empat\u00eda, el respeto por las diferencias y c\u00f3mo las peque\u00f1as acciones de comprensi\u00f3n y aceptaci\u00f3n pueden marcar una gran diferencia en la vida de los dem\u00e1s.    <\/p>\n<p>Las preguntas incluidas despu\u00e9s del cuento ayudan a los ni\u00f1os a procesar lo que han le\u00eddo, fomentando la comprensi\u00f3n lectora y la reflexi\u00f3n personal sobre temas como la diversidad, la inclusi\u00f3n y la amistad. Adem\u00e1s, las actividades sugeridas, como los juegos de rol, permiten a los ni\u00f1os practicar lo que han aprendido en situaciones reales, promoviendo un ambiente de respeto y empat\u00eda en el aula y fuera de ella. Este enfoque pr\u00e1ctico no solo ayuda a los ni\u00f1os a comprender mejor a sus compa\u00f1eros con autismo, sino que tambi\u00e9n les ense\u00f1a valores importantes para la vida en sociedad.  <\/p>\n","protected":false},"featured_media":9431,"comment_status":"open","ping_status":"closed","template":"","meta":{"_acf_changed":false,"_monsterinsights_skip_tracking":false,"_monsterinsights_sitenote_active":false,"_monsterinsights_sitenote_note":"","_monsterinsights_sitenote_category":0},"product_brand":[],"product_cat":[738,783],"product_tag":[918,928,929,930],"class_list":{"0":"post-9429","1":"product","2":"type-product","3":"status-publish","4":"has-post-thumbnail","6":"product_cat-conciencia","7":"product_cat-comprension-lectora","8":"product_tag-comprension-lectora-sobre-un-nino-autista","9":"product_tag-conciencia-y-aceptacion-en-los-ninos-tipicos","10":"product_tag-hacia-los-ninos-autistas","11":"product_tag-leyendo-sobre-un-nino-autista","13":"first","14":"instock","15":"downloadable","16":"shipping-taxable","17":"purchasable","18":"product-type-simple"},"acf":[],"aioseo_notices":[],"jetpack_sharing_enabled":true,"_links":{"self":[{"href":"https:\/\/positiveautism.org\/es\/wp-json\/wp\/v2\/product\/9429","targetHints":{"allow":["GET"]}}],"collection":[{"href":"https:\/\/positiveautism.org\/es\/wp-json\/wp\/v2\/product"}],"about":[{"href":"https:\/\/positiveautism.org\/es\/wp-json\/wp\/v2\/types\/product"}],"replies":[{"embeddable":true,"href":"https:\/\/positiveautism.org\/es\/wp-json\/wp\/v2\/comments?post=9429"}],"wp:featuredmedia":[{"embeddable":true,"href":"https:\/\/positiveautism.org\/es\/wp-json\/wp\/v2\/media\/9431"}],"wp:attachment":[{"href":"https:\/\/positiveautism.org\/es\/wp-json\/wp\/v2\/media?parent=9429"}],"wp:term":[{"taxonomy":"product_brand","embeddable":true,"href":"https:\/\/positiveautism.org\/es\/wp-json\/wp\/v2\/product_brand?post=9429"},{"taxonomy":"product_cat","embeddable":true,"href":"https:\/\/positiveautism.org\/es\/wp-json\/wp\/v2\/product_cat?post=9429"},{"taxonomy":"product_tag","embeddable":true,"href":"https:\/\/positiveautism.org\/es\/wp-json\/wp\/v2\/product_tag?post=9429"}],"curies":[{"name":"wp","href":"https:\/\/api.w.org\/{rel}","templated":true}]}}