{"id":9424,"date":"2024-04-10T11:56:27","date_gmt":"2025-04-07T14:54:10","guid":{"rendered":"https:\/\/positiveautism.org\/product\/el-eco-de-las-palabras-aventuras-en-el-bosque-de-la-comunicacion-actividad-para-practicar-la-comprension-lectora-y-las-habilidades-de-conversacion-para-ninos-autistas\/"},"modified":"2025-04-07T10:54:10","modified_gmt":"2025-04-07T14:54:10","slug":"el-eco-de-las-palabras-aventuras-en-el-bosque-de-la-comunicacion-actividad-para-practicar-la-comprension-lectora-y-las-habilidades-de-conversacion-para-ninos-autistas","status":"publish","type":"product","link":"https:\/\/positiveautism.org\/es\/producto\/el-eco-de-las-palabras-aventuras-en-el-bosque-de-la-comunicacion-actividad-para-practicar-la-comprension-lectora-y-las-habilidades-de-conversacion-para-ninos-autistas\/","title":{"rendered":"El eco de las palabras: aventuras en el bosque de la comunicaci\u00f3n. (Actividad para practicar la comprensi\u00f3n lectora y las habilidades de conversaci\u00f3n para ni\u00f1os autistas)"},"content":{"rendered":"","protected":false},"excerpt":{"rendered":"<p>Este material, \u00abEl Eco de las Palabras: Aventuras en el Bosque de la Comunicaci\u00f3n\u00bb, junto con los juegos de rol que lo acompa\u00f1an, ofrece un viaje vibrante e imaginativo al coraz\u00f3n de la comunicaci\u00f3n efectiva dise\u00f1ada para ni\u00f1os autistas. Ambientada en el encantador Bosque de las Palabras, la historia de Leo el le\u00f3n y Mia la mariposa demuestra el poder de la expresi\u00f3n clara y la importancia de entenderse. A trav\u00e9s de sus experiencias y la gu\u00eda de Wise the Owl, los ni\u00f1os aprenden que las palabras son claves m\u00e1gicas para desbloquear el entendimiento mutuo y fortalecer las relaciones.  <\/p>\n<p>Los juegos de rol narrativos y estructurados, como las visitas al supermercado, cenar en un restaurante y explorar la biblioteca, est\u00e1n dise\u00f1ados para reforzar estas lecciones en contextos de la vida real. Estas actividades animan a los ni\u00f1os a practicar la expresi\u00f3n de sus necesidades, deseos y opiniones con claridad y precisi\u00f3n. Al participar en estos juegos de roles, los ni\u00f1os no solo mejoran su comprensi\u00f3n de lectura y sus habilidades de conversaci\u00f3n, sino que tambi\u00e9n desarrollan confianza en su capacidad para comunicarse eficazmente con los dem\u00e1s.  <\/p>\n<p>Para los padres y educadores, este enfoque proporciona una forma din\u00e1mica de apoyar a los ni\u00f1os autistas en su desarrollo de habilidades esenciales de comunicaci\u00f3n social. Es una oportunidad para guiarlos a trav\u00e9s de la comprensi\u00f3n de las sutilezas de la interacci\u00f3n, la empat\u00eda y el respeto mutuo, todo dentro del marco de una narraci\u00f3n atractiva y una aplicaci\u00f3n pr\u00e1ctica. Este m\u00e9todo fomenta un entorno enriquecedor para el aprendizaje y el crecimiento, alentando a los ni\u00f1os a aplicar lo que han aprendido de las aventuras de Leo y Mia a sus propias vidas, construyendo as\u00ed puentes de comprensi\u00f3n y amistad con quienes los rodean.  <\/p>\n","protected":false},"featured_media":9426,"comment_status":"open","ping_status":"closed","template":"","meta":{"_acf_changed":false,"_monsterinsights_skip_tracking":false,"_monsterinsights_sitenote_active":false,"_monsterinsights_sitenote_note":"","_monsterinsights_sitenote_category":0},"product_brand":[],"product_cat":[783,838],"product_tag":[795,798,913],"class_list":{"0":"post-9424","1":"product","2":"type-product","3":"status-publish","4":"has-post-thumbnail","6":"product_cat-comprension-lectora","7":"product_cat-habilidades-de-conversacion","8":"product_tag-comprension-lectora-para-ninos-autistas","9":"product_tag-comprension-lectora-para-ninos-con-autismo-es","10":"product_tag-leer-para-ensenar-habilidades-de-conversacion","12":"first","13":"instock","14":"downloadable","15":"shipping-taxable","16":"purchasable","17":"product-type-simple"},"acf":[],"aioseo_notices":[],"jetpack_sharing_enabled":true,"_links":{"self":[{"href":"https:\/\/positiveautism.org\/es\/wp-json\/wp\/v2\/product\/9424","targetHints":{"allow":["GET"]}}],"collection":[{"href":"https:\/\/positiveautism.org\/es\/wp-json\/wp\/v2\/product"}],"about":[{"href":"https:\/\/positiveautism.org\/es\/wp-json\/wp\/v2\/types\/product"}],"replies":[{"embeddable":true,"href":"https:\/\/positiveautism.org\/es\/wp-json\/wp\/v2\/comments?post=9424"}],"wp:featuredmedia":[{"embeddable":true,"href":"https:\/\/positiveautism.org\/es\/wp-json\/wp\/v2\/media\/9426"}],"wp:attachment":[{"href":"https:\/\/positiveautism.org\/es\/wp-json\/wp\/v2\/media?parent=9424"}],"wp:term":[{"taxonomy":"product_brand","embeddable":true,"href":"https:\/\/positiveautism.org\/es\/wp-json\/wp\/v2\/product_brand?post=9424"},{"taxonomy":"product_cat","embeddable":true,"href":"https:\/\/positiveautism.org\/es\/wp-json\/wp\/v2\/product_cat?post=9424"},{"taxonomy":"product_tag","embeddable":true,"href":"https:\/\/positiveautism.org\/es\/wp-json\/wp\/v2\/product_tag?post=9424"}],"curies":[{"name":"wp","href":"https:\/\/api.w.org\/{rel}","templated":true}]}}