{"id":9421,"date":"2024-06-20T18:42:57","date_gmt":"2025-04-07T14:51:05","guid":{"rendered":"https:\/\/positiveautism.org\/product\/la-aventura-de-nico-y-sus-amigos-especiales-actividad-para-practicar-la-comprension-conciencia-y-aceptacion-de-la-lectura-en-ninos-tipicos-hacia-ninos-autistas\/"},"modified":"2025-04-07T10:51:05","modified_gmt":"2025-04-07T14:51:05","slug":"la-aventura-de-nico-y-sus-amigos-especiales-actividad-para-practicar-la-comprension-conciencia-y-aceptacion-de-la-lectura-en-ninos-tipicos-hacia-ninos-autistas","status":"publish","type":"product","link":"https:\/\/positiveautism.org\/es\/producto\/la-aventura-de-nico-y-sus-amigos-especiales-actividad-para-practicar-la-comprension-conciencia-y-aceptacion-de-la-lectura-en-ninos-tipicos-hacia-ninos-autistas\/","title":{"rendered":"La aventura de Nico y sus amigos especiales. (Actividad Para Practicar La Comprensi\u00f3n, Conciencia Y Aceptaci\u00f3n De La Lectura En Ni\u00f1os T\u00edpicos, Hacia Ni\u00f1os Autistas)"},"content":{"rendered":"","protected":false},"excerpt":{"rendered":"<p><span style=\"font-weight: 400;\">En este material, los padres y educadores encontrar\u00e1n una herramienta valiosa para trabajar la comprensi\u00f3n lectora, la aceptaci\u00f3n y la inclusi\u00f3n con respecto al autismo. A trav\u00e9s de la historia de Nico y sus amigos, los ni\u00f1os aprender\u00e1n sobre la importancia de la empat\u00eda y la paciencia al interactuar con compa\u00f1eros autistas. El material incluye preguntas de comprensi\u00f3n lectora, actividades de dibujo y juegos de rol dise\u00f1ados para reforzar los conceptos de inclusi\u00f3n y amistad. Los ejercicios pr\u00e1cticos permiten a los ni\u00f1os experimentar situaciones de la vida real y comprender c\u00f3mo sus acciones pueden marcar una diferencia significativa en la vida de los dem\u00e1s.   <\/span><\/p>\n","protected":false},"featured_media":9422,"comment_status":"closed","ping_status":"closed","template":"","meta":{"_acf_changed":false,"_monsterinsights_skip_tracking":false,"_monsterinsights_sitenote_active":false,"_monsterinsights_sitenote_note":"","_monsterinsights_sitenote_category":0},"product_brand":[],"product_cat":[738,783],"product_tag":[785,852],"class_list":{"0":"post-9421","1":"product","2":"type-product","3":"status-publish","4":"has-post-thumbnail","6":"product_cat-conciencia","7":"product_cat-comprension-lectora","8":"product_tag-comprension-lectora","9":"product_tag-leer-para-ensenar-la-aceptacion-hacia-los-ninos-autistas","11":"first","12":"instock","13":"downloadable","14":"shipping-taxable","15":"purchasable","16":"product-type-simple"},"acf":[],"aioseo_notices":[],"jetpack_sharing_enabled":true,"_links":{"self":[{"href":"https:\/\/positiveautism.org\/es\/wp-json\/wp\/v2\/product\/9421","targetHints":{"allow":["GET"]}}],"collection":[{"href":"https:\/\/positiveautism.org\/es\/wp-json\/wp\/v2\/product"}],"about":[{"href":"https:\/\/positiveautism.org\/es\/wp-json\/wp\/v2\/types\/product"}],"replies":[{"embeddable":true,"href":"https:\/\/positiveautism.org\/es\/wp-json\/wp\/v2\/comments?post=9421"}],"wp:featuredmedia":[{"embeddable":true,"href":"https:\/\/positiveautism.org\/es\/wp-json\/wp\/v2\/media\/9422"}],"wp:attachment":[{"href":"https:\/\/positiveautism.org\/es\/wp-json\/wp\/v2\/media?parent=9421"}],"wp:term":[{"taxonomy":"product_brand","embeddable":true,"href":"https:\/\/positiveautism.org\/es\/wp-json\/wp\/v2\/product_brand?post=9421"},{"taxonomy":"product_cat","embeddable":true,"href":"https:\/\/positiveautism.org\/es\/wp-json\/wp\/v2\/product_cat?post=9421"},{"taxonomy":"product_tag","embeddable":true,"href":"https:\/\/positiveautism.org\/es\/wp-json\/wp\/v2\/product_tag?post=9421"}],"curies":[{"name":"wp","href":"https:\/\/api.w.org\/{rel}","templated":true}]}}