{"id":9415,"date":"2024-06-13T11:55:24","date_gmt":"2025-04-07T14:51:04","guid":{"rendered":"https:\/\/positiveautism.org\/product\/como-lucas-aprendio-a-decir-no-actividad-para-practicar-la-comprension-lectora-y-las-habilidades-para-la-vida-en-ninos-autistas\/"},"modified":"2025-04-07T10:51:04","modified_gmt":"2025-04-07T14:51:04","slug":"como-lucas-aprendio-a-decir-no-actividad-para-practicar-la-comprension-lectora-y-las-habilidades-para-la-vida-en-ninos-autistas","status":"publish","type":"product","link":"https:\/\/positiveautism.org\/es\/producto\/como-lucas-aprendio-a-decir-no-actividad-para-practicar-la-comprension-lectora-y-las-habilidades-para-la-vida-en-ninos-autistas\/","title":{"rendered":"C\u00f3mo Lucas aprendi\u00f3 a decir &#8216;no&#8217;. (Actividad para practicar la comprensi\u00f3n lectora y las habilidades para la vida en ni\u00f1os autistas)"},"content":{"rendered":"","protected":false},"excerpt":{"rendered":"<p>Este material est\u00e1 dise\u00f1ado para padres y educadores para apoyar a los ni\u00f1os y j\u00f3venes con autismo en el desarrollo de la comprensi\u00f3n lectora y las habilidades para la vida. Incluye una historia sobre un ni\u00f1o llamado Lucas que aprende a decir \u00abNo\u00bb y a hacer que se respete, una lecci\u00f3n esencial de asertividad. Despu\u00e9s de la historia, hay preguntas de comprensi\u00f3n para reforzar la comprensi\u00f3n y fomentar la reflexi\u00f3n. Adem\u00e1s, el material proporciona tres escenarios de juego de roles que permiten a los ni\u00f1os practicar decir \u00abNo\u00bb en diferentes situaciones de la vida real, ayud\u00e1ndolos a desarrollar la confianza y las habilidades para manejar la presi\u00f3n de los compa\u00f1eros y tomar decisiones seguras y apropiadas. Estas actividades tienen como objetivo empoderar a los ni\u00f1os para que se protejan a s\u00ed mismos y hagan valer sus l\u00edmites de manera efectiva.    <\/p>\n","protected":false},"featured_media":9416,"comment_status":"closed","ping_status":"closed","template":"","meta":{"_acf_changed":false,"_monsterinsights_skip_tracking":false,"_monsterinsights_sitenote_active":false,"_monsterinsights_sitenote_note":"","_monsterinsights_sitenote_category":0},"product_brand":[],"product_cat":[783,787,835],"product_tag":[795,798,892,926],"class_list":{"0":"post-9415","1":"product","2":"type-product","3":"status-publish","4":"has-post-thumbnail","6":"product_cat-comprension-lectora","7":"product_cat-habilidades-sociales-y-emocionales","8":"product_cat-independencia-y-habilidades-para-la-vida","9":"product_tag-comprension-lectora-para-ninos-autistas","10":"product_tag-comprension-lectora-para-ninos-con-autismo-es","11":"product_tag-leer-para-ensenar-habilidades-para-la-vida","12":"product_tag-leer-para-ensenar-a-los-ninos-a-saber-cuando-decir-no","14":"first","15":"instock","16":"downloadable","17":"shipping-taxable","18":"purchasable","19":"product-type-simple"},"acf":[],"aioseo_notices":[],"jetpack_sharing_enabled":true,"_links":{"self":[{"href":"https:\/\/positiveautism.org\/es\/wp-json\/wp\/v2\/product\/9415","targetHints":{"allow":["GET"]}}],"collection":[{"href":"https:\/\/positiveautism.org\/es\/wp-json\/wp\/v2\/product"}],"about":[{"href":"https:\/\/positiveautism.org\/es\/wp-json\/wp\/v2\/types\/product"}],"replies":[{"embeddable":true,"href":"https:\/\/positiveautism.org\/es\/wp-json\/wp\/v2\/comments?post=9415"}],"wp:featuredmedia":[{"embeddable":true,"href":"https:\/\/positiveautism.org\/es\/wp-json\/wp\/v2\/media\/9416"}],"wp:attachment":[{"href":"https:\/\/positiveautism.org\/es\/wp-json\/wp\/v2\/media?parent=9415"}],"wp:term":[{"taxonomy":"product_brand","embeddable":true,"href":"https:\/\/positiveautism.org\/es\/wp-json\/wp\/v2\/product_brand?post=9415"},{"taxonomy":"product_cat","embeddable":true,"href":"https:\/\/positiveautism.org\/es\/wp-json\/wp\/v2\/product_cat?post=9415"},{"taxonomy":"product_tag","embeddable":true,"href":"https:\/\/positiveautism.org\/es\/wp-json\/wp\/v2\/product_tag?post=9415"}],"curies":[{"name":"wp","href":"https:\/\/api.w.org\/{rel}","templated":true}]}}