{"id":9412,"date":"2024-06-10T12:00:07","date_gmt":"2025-04-07T14:51:04","guid":{"rendered":"https:\/\/positiveautism.org\/product\/thomas-aprende-a-decir-no-actividad-para-practicar-la-comprension-lectora-y-las-habilidades-para-la-vida-en-ninos-autistas\/"},"modified":"2025-04-07T10:51:04","modified_gmt":"2025-04-07T14:51:04","slug":"thomas-aprende-a-decir-no-actividad-para-practicar-la-comprension-lectora-y-las-habilidades-para-la-vida-en-ninos-autistas","status":"publish","type":"product","link":"https:\/\/positiveautism.org\/es\/producto\/thomas-aprende-a-decir-no-actividad-para-practicar-la-comprension-lectora-y-las-habilidades-para-la-vida-en-ninos-autistas\/","title":{"rendered":"Thomas aprende a decir NO. (Actividad para practicar la comprensi\u00f3n lectora y las habilidades para la vida en ni\u00f1os autistas)"},"content":{"rendered":"","protected":false},"excerpt":{"rendered":"<p>Este material, \u00abTom\u00e1s aprende a decir NO\u00bb, est\u00e1 dise\u00f1ado para ayudar a los ni\u00f1os y j\u00f3venes con autismo a desarrollar la comprensi\u00f3n lectora y las habilidades esenciales para la vida. A trav\u00e9s de la historia de Thomas, que aprende a decir \u00abNo\u00bb y a poner l\u00edmites, los ni\u00f1os pueden comprender mejor la importancia del autocuidado y el respeto de sus propios l\u00edmites. Las preguntas adjuntas refuerzan la comprensi\u00f3n, mientras que los escenarios de juego de roles proporcionan ejercicios pr\u00e1cticos para aplicar lo que han aprendido en situaciones de la vida real. Estas actividades tienen como objetivo empoderar a los ni\u00f1os para que tomen decisiones seguras, administren su tiempo y energ\u00eda de manera efectiva y reconozcan cu\u00e1ndo ayudar a otros que realmente lo necesiten.   <\/p>\n","protected":false},"featured_media":9413,"comment_status":"closed","ping_status":"closed","template":"","meta":{"_acf_changed":false,"_monsterinsights_skip_tracking":false,"_monsterinsights_sitenote_active":false,"_monsterinsights_sitenote_note":"","_monsterinsights_sitenote_category":0},"product_brand":[],"product_cat":[783,787,835],"product_tag":[790,795,924,925],"class_list":{"0":"post-9412","1":"product","2":"type-product","3":"status-publish","4":"has-post-thumbnail","6":"product_cat-comprension-lectora","7":"product_cat-habilidades-sociales-y-emocionales","8":"product_cat-independencia-y-habilidades-para-la-vida","9":"product_tag-comprension-lectora-para-ninos-con-autismo","10":"product_tag-comprension-lectora-para-ninos-autistas","11":"product_tag-leer-para-ensenar-a-los-ninos-a-poner-sus-limites","12":"product_tag-leer-para-ensenar-a-los-ninos-autistas-a-saber-cuando-decir-no","14":"first","15":"instock","16":"downloadable","17":"shipping-taxable","18":"purchasable","19":"product-type-simple"},"acf":[],"aioseo_notices":[],"jetpack_sharing_enabled":true,"_links":{"self":[{"href":"https:\/\/positiveautism.org\/es\/wp-json\/wp\/v2\/product\/9412","targetHints":{"allow":["GET"]}}],"collection":[{"href":"https:\/\/positiveautism.org\/es\/wp-json\/wp\/v2\/product"}],"about":[{"href":"https:\/\/positiveautism.org\/es\/wp-json\/wp\/v2\/types\/product"}],"replies":[{"embeddable":true,"href":"https:\/\/positiveautism.org\/es\/wp-json\/wp\/v2\/comments?post=9412"}],"wp:featuredmedia":[{"embeddable":true,"href":"https:\/\/positiveautism.org\/es\/wp-json\/wp\/v2\/media\/9413"}],"wp:attachment":[{"href":"https:\/\/positiveautism.org\/es\/wp-json\/wp\/v2\/media?parent=9412"}],"wp:term":[{"taxonomy":"product_brand","embeddable":true,"href":"https:\/\/positiveautism.org\/es\/wp-json\/wp\/v2\/product_brand?post=9412"},{"taxonomy":"product_cat","embeddable":true,"href":"https:\/\/positiveautism.org\/es\/wp-json\/wp\/v2\/product_cat?post=9412"},{"taxonomy":"product_tag","embeddable":true,"href":"https:\/\/positiveautism.org\/es\/wp-json\/wp\/v2\/product_tag?post=9412"}],"curies":[{"name":"wp","href":"https:\/\/api.w.org\/{rel}","templated":true}]}}