{"id":9406,"date":"2024-06-06T11:04:19","date_gmt":"2025-04-07T14:51:04","guid":{"rendered":"https:\/\/positiveautism.org\/product\/lucas-y-sus-aventuras-cotidianas-actividad-para-practicar-la-comprension-lectora-y-las-habilidades-para-la-vida-en-ninos-autistas\/"},"modified":"2025-04-07T10:51:04","modified_gmt":"2025-04-07T14:51:04","slug":"lucas-y-sus-aventuras-cotidianas-actividad-para-practicar-la-comprension-lectora-y-las-habilidades-para-la-vida-en-ninos-autistas","status":"publish","type":"product","link":"https:\/\/positiveautism.org\/es\/producto\/lucas-y-sus-aventuras-cotidianas-actividad-para-practicar-la-comprension-lectora-y-las-habilidades-para-la-vida-en-ninos-autistas\/","title":{"rendered":"Lucas y sus aventuras cotidianas. (Actividad para practicar la comprensi\u00f3n lectora y las habilidades para la vida en ni\u00f1os autistas)"},"content":{"rendered":"","protected":false},"excerpt":{"rendered":"<p>Este material est\u00e1 dise\u00f1ado para que ni\u00f1os y j\u00f3venes con autismo trabajen la comprensi\u00f3n lectora y las habilidades para la vida, como saber explicar y pedir ayuda cuando sea necesario. La historia \u00abLucas y sus aventuras cotidianas\u00bb sigue a un ni\u00f1o curioso llamado Lucas que se encuentra con varios problemas y aprende a resolverlos con la ayuda de sus amigos, maestros y familiares. A trav\u00e9s de escenarios identificables, los ni\u00f1os pueden practicar la identificaci\u00f3n de sus propios problemas, comprender la importancia de pedir ayuda y comunicarse de manera efectiva con adultos de confianza. Los ejemplos de juegos de rol incluidos brindan oportunidades pr\u00e1cticas para reforzar estas habilidades en situaciones de la vida real, mejorando la interacci\u00f3n social, las habilidades de resoluci\u00f3n de problemas y la autodefensa.   <\/p>\n","protected":false},"featured_media":9410,"comment_status":"closed","ping_status":"closed","template":"","meta":{"_acf_changed":false,"_monsterinsights_skip_tracking":false,"_monsterinsights_sitenote_active":false,"_monsterinsights_sitenote_note":"","_monsterinsights_sitenote_category":0},"product_brand":[],"product_cat":[741,783,914],"product_tag":[790,795,923],"class_list":{"0":"post-9406","1":"product","2":"type-product","3":"status-publish","4":"has-post-thumbnail","6":"product_cat-comunicacion-y-lenguaje","7":"product_cat-comprension-lectora","8":"product_cat-fortalezca-sus-fortalezas","9":"product_tag-comprension-lectora-para-ninos-con-autismo","10":"product_tag-comprension-lectora-para-ninos-autistas","11":"product_tag-leer-para-ensenar-a-comunicar-problemas-y-pedir-ayuda","13":"first","14":"instock","15":"downloadable","16":"shipping-taxable","17":"purchasable","18":"product-type-simple"},"acf":[],"aioseo_notices":[],"jetpack_sharing_enabled":true,"_links":{"self":[{"href":"https:\/\/positiveautism.org\/es\/wp-json\/wp\/v2\/product\/9406","targetHints":{"allow":["GET"]}}],"collection":[{"href":"https:\/\/positiveautism.org\/es\/wp-json\/wp\/v2\/product"}],"about":[{"href":"https:\/\/positiveautism.org\/es\/wp-json\/wp\/v2\/types\/product"}],"replies":[{"embeddable":true,"href":"https:\/\/positiveautism.org\/es\/wp-json\/wp\/v2\/comments?post=9406"}],"wp:featuredmedia":[{"embeddable":true,"href":"https:\/\/positiveautism.org\/es\/wp-json\/wp\/v2\/media\/9410"}],"wp:attachment":[{"href":"https:\/\/positiveautism.org\/es\/wp-json\/wp\/v2\/media?parent=9406"}],"wp:term":[{"taxonomy":"product_brand","embeddable":true,"href":"https:\/\/positiveautism.org\/es\/wp-json\/wp\/v2\/product_brand?post=9406"},{"taxonomy":"product_cat","embeddable":true,"href":"https:\/\/positiveautism.org\/es\/wp-json\/wp\/v2\/product_cat?post=9406"},{"taxonomy":"product_tag","embeddable":true,"href":"https:\/\/positiveautism.org\/es\/wp-json\/wp\/v2\/product_tag?post=9406"}],"curies":[{"name":"wp","href":"https:\/\/api.w.org\/{rel}","templated":true}]}}