{"id":9401,"date":"2024-06-05T11:17:39","date_gmt":"2025-04-07T14:50:58","guid":{"rendered":"https:\/\/positiveautism.org\/product\/el-mundo-de-la-electronica-de-santiago-actividad-para-practicar-la-comprension-lectora-y-las-habilidades-de-conversacion-para-ninos-autistas\/"},"modified":"2025-04-07T10:50:58","modified_gmt":"2025-04-07T14:50:58","slug":"el-mundo-de-la-electronica-de-santiago-actividad-para-practicar-la-comprension-lectora-y-las-habilidades-de-conversacion-para-ninos-autistas","status":"publish","type":"product","link":"https:\/\/positiveautism.org\/es\/producto\/el-mundo-de-la-electronica-de-santiago-actividad-para-practicar-la-comprension-lectora-y-las-habilidades-de-conversacion-para-ninos-autistas\/","title":{"rendered":"El mundo de la electr\u00f3nica de Santiago. (Actividad para practicar la comprensi\u00f3n lectora y las habilidades de conversaci\u00f3n para ni\u00f1os autistas)"},"content":{"rendered":"","protected":false},"excerpt":{"rendered":"<p>En \u00abEl Mundo de la Electr\u00f3nica de Santiago\u00bb, los ni\u00f1os encontrar\u00e1n una historia atractiva dise\u00f1ada para mejorar la comprensi\u00f3n lectora y las habilidades de conversaci\u00f3n, dise\u00f1ada espec\u00edficamente para ni\u00f1os autistas. La narraci\u00f3n sigue a Santiago, un curioso ni\u00f1o de 14 a\u00f1os, mientras explora y aprende sobre electr\u00f3nica desmontando varios dispositivos. A lo largo de la historia, Santiago interact\u00faa con su familia y amigos, lo que provoca preguntas abiertas que animan a los ni\u00f1os a pensar y responder de forma reflexiva. Este material incluye indicaciones guiadas y respuestas sugeridas para ayudar a los ni\u00f1os a articular sus pensamientos y participar en una conversaci\u00f3n significativa. La historia tambi\u00e9n enfatiza la importancia de escuchar, tomar turnos y celebrar los peque\u00f1os logros, fomentando un ambiente de aprendizaje respetuoso y de apoyo. Este enfoque no solo mejora la comprensi\u00f3n lectora, sino que tambi\u00e9n desarrolla habilidades sociales y de comunicaci\u00f3n esenciales en un contexto divertido y cercano.     <\/p>\n","protected":false},"featured_media":9402,"comment_status":"closed","ping_status":"closed","template":"","meta":{"_acf_changed":false,"_monsterinsights_skip_tracking":false,"_monsterinsights_sitenote_active":false,"_monsterinsights_sitenote_note":"","_monsterinsights_sitenote_category":0},"product_brand":[],"product_cat":[783,838],"product_tag":[795,798,854,913],"class_list":{"0":"post-9401","1":"product","2":"type-product","3":"status-publish","4":"has-post-thumbnail","6":"product_cat-comprension-lectora","7":"product_cat-habilidades-de-conversacion","8":"product_tag-comprension-lectora-para-ninos-autistas","9":"product_tag-comprension-lectora-para-ninos-con-autismo-es","10":"product_tag-hojas-de-trabajo-para-ensenar-habilidades-de-conversacion-a-ninos-autistas","11":"product_tag-leer-para-ensenar-habilidades-de-conversacion","13":"first","14":"instock","15":"downloadable","16":"shipping-taxable","17":"purchasable","18":"product-type-simple"},"acf":[],"aioseo_notices":[],"jetpack_sharing_enabled":true,"_links":{"self":[{"href":"https:\/\/positiveautism.org\/es\/wp-json\/wp\/v2\/product\/9401","targetHints":{"allow":["GET"]}}],"collection":[{"href":"https:\/\/positiveautism.org\/es\/wp-json\/wp\/v2\/product"}],"about":[{"href":"https:\/\/positiveautism.org\/es\/wp-json\/wp\/v2\/types\/product"}],"replies":[{"embeddable":true,"href":"https:\/\/positiveautism.org\/es\/wp-json\/wp\/v2\/comments?post=9401"}],"wp:featuredmedia":[{"embeddable":true,"href":"https:\/\/positiveautism.org\/es\/wp-json\/wp\/v2\/media\/9402"}],"wp:attachment":[{"href":"https:\/\/positiveautism.org\/es\/wp-json\/wp\/v2\/media?parent=9401"}],"wp:term":[{"taxonomy":"product_brand","embeddable":true,"href":"https:\/\/positiveautism.org\/es\/wp-json\/wp\/v2\/product_brand?post=9401"},{"taxonomy":"product_cat","embeddable":true,"href":"https:\/\/positiveautism.org\/es\/wp-json\/wp\/v2\/product_cat?post=9401"},{"taxonomy":"product_tag","embeddable":true,"href":"https:\/\/positiveautism.org\/es\/wp-json\/wp\/v2\/product_tag?post=9401"}],"curies":[{"name":"wp","href":"https:\/\/api.w.org\/{rel}","templated":true}]}}