{"id":9398,"date":"2024-06-04T15:54:14","date_gmt":"2025-04-07T14:50:58","guid":{"rendered":"https:\/\/positiveautism.org\/product\/la-importancia-de-las-conversaciones-con-los-amigos-hojas-de-trabajo-para-ensenar-habilidades-de-conversacion-a-ninos-autistas\/"},"modified":"2025-04-07T10:50:58","modified_gmt":"2025-04-07T14:50:58","slug":"la-importancia-de-las-conversaciones-con-los-amigos-hojas-de-trabajo-para-ensenar-habilidades-de-conversacion-a-ninos-autistas","status":"publish","type":"product","link":"https:\/\/positiveautism.org\/es\/producto\/la-importancia-de-las-conversaciones-con-los-amigos-hojas-de-trabajo-para-ensenar-habilidades-de-conversacion-a-ninos-autistas\/","title":{"rendered":"La importancia de las conversaciones con los amigos. (Hojas de trabajo para ense\u00f1ar habilidades de conversaci\u00f3n a ni\u00f1os autistas)"},"content":{"rendered":"","protected":false},"excerpt":{"rendered":"<p>En este material, los padres y educadores encontrar\u00e1n una gu\u00eda pr\u00e1ctica para ense\u00f1ar a los ni\u00f1os y j\u00f3venes autistas la importancia de tener buenas conversaciones con amigos y otras personas. A trav\u00e9s de ejemplos concretos y situaciones cotidianas, se destacan los beneficios de compartir ideas, hacer nuevos amigos y sentirse acompa\u00f1ado. Adem\u00e1s, se proporcionan consejos espec\u00edficos para escuchar y responder, hacer preguntas y compartir ideas. Tambi\u00e9n se abordan diferentes contextos, como experimentos y proyectos cient\u00edficos, con sugerencias sobre c\u00f3mo planificar y revisar las tareas en equipo. Finalmente, se ofrecen recomendaciones sobre c\u00f3mo practicar estas habilidades con la familia y la imaginaci\u00f3n, junto con reglas b\u00e1sicas para mantener una buena conversaci\u00f3n.    <\/p>\n","protected":false},"featured_media":9399,"comment_status":"closed","ping_status":"closed","template":"","meta":{"_acf_changed":false,"_monsterinsights_skip_tracking":false,"_monsterinsights_sitenote_active":false,"_monsterinsights_sitenote_note":"","_monsterinsights_sitenote_category":0},"product_brand":[],"product_cat":[838],"product_tag":[841,857],"class_list":{"0":"post-9398","1":"product","2":"type-product","3":"status-publish","4":"has-post-thumbnail","6":"product_cat-habilidades-de-conversacion","7":"product_tag-actividades-de-conversacion-para-ninos-autistas","8":"product_tag-habilidades-de-conversacion","10":"first","11":"instock","12":"downloadable","13":"shipping-taxable","14":"purchasable","15":"product-type-simple"},"acf":[],"aioseo_notices":[],"jetpack_sharing_enabled":true,"_links":{"self":[{"href":"https:\/\/positiveautism.org\/es\/wp-json\/wp\/v2\/product\/9398","targetHints":{"allow":["GET"]}}],"collection":[{"href":"https:\/\/positiveautism.org\/es\/wp-json\/wp\/v2\/product"}],"about":[{"href":"https:\/\/positiveautism.org\/es\/wp-json\/wp\/v2\/types\/product"}],"replies":[{"embeddable":true,"href":"https:\/\/positiveautism.org\/es\/wp-json\/wp\/v2\/comments?post=9398"}],"wp:featuredmedia":[{"embeddable":true,"href":"https:\/\/positiveautism.org\/es\/wp-json\/wp\/v2\/media\/9399"}],"wp:attachment":[{"href":"https:\/\/positiveautism.org\/es\/wp-json\/wp\/v2\/media?parent=9398"}],"wp:term":[{"taxonomy":"product_brand","embeddable":true,"href":"https:\/\/positiveautism.org\/es\/wp-json\/wp\/v2\/product_brand?post=9398"},{"taxonomy":"product_cat","embeddable":true,"href":"https:\/\/positiveautism.org\/es\/wp-json\/wp\/v2\/product_cat?post=9398"},{"taxonomy":"product_tag","embeddable":true,"href":"https:\/\/positiveautism.org\/es\/wp-json\/wp\/v2\/product_tag?post=9398"}],"curies":[{"name":"wp","href":"https:\/\/api.w.org\/{rel}","templated":true}]}}