{"id":9392,"date":"2024-05-30T12:04:30","date_gmt":"2025-04-07T14:50:57","guid":{"rendered":"https:\/\/positiveautism.org\/product\/el-gran-debate-del-club-de-la-ciencia-actividad-para-practicar-la-comprension-lectora-habilidades-sociales-y-emocionales-para-ninos-autistas\/"},"modified":"2025-04-07T10:50:57","modified_gmt":"2025-04-07T14:50:57","slug":"el-gran-debate-del-club-de-la-ciencia-actividad-para-practicar-la-comprension-lectora-habilidades-sociales-y-emocionales-para-ninos-autistas","status":"publish","type":"product","link":"https:\/\/positiveautism.org\/es\/producto\/el-gran-debate-del-club-de-la-ciencia-actividad-para-practicar-la-comprension-lectora-habilidades-sociales-y-emocionales-para-ninos-autistas\/","title":{"rendered":"El gran debate del Club de la Ciencia. (Actividad para practicar la comprensi\u00f3n lectora, habilidades sociales y emocionales para ni\u00f1os autistas)"},"content":{"rendered":"","protected":false},"excerpt":{"rendered":"<p>Este material, titulado \u00abEl Gran Debate del Club de Ciencias\u00bb, est\u00e1 dise\u00f1ado para ayudar a los ni\u00f1os autistas a desarrollar habilidades de comprensi\u00f3n de lectura, habilidades sociales y habilidades de conversaci\u00f3n. A trav\u00e9s de una narraci\u00f3n atractiva y realista, los ni\u00f1os seguir\u00e1n la historia de Leo y Mia, quienes deben trabajar juntos para preparar un debate sobre un tema importante. El material incluye preguntas de comprensi\u00f3n para reforzar la lectura, as\u00ed como actividades de juego de roles que fomentan la resoluci\u00f3n de conflictos, la negociaci\u00f3n y la colaboraci\u00f3n. Las actividades de juego de roles est\u00e1n estructuradas para ense\u00f1ar a los ni\u00f1os a expresar sus puntos de vista, escuchar activamente y trabajar en equipo para encontrar soluciones creativas y efectivas. Los padres y educadores encontrar\u00e1n en este material una herramienta valiosa para guiar a los ni\u00f1os en la pr\u00e1ctica de estas habilidades esenciales en un entorno controlado y con apoyo.    <\/p>\n","protected":false},"featured_media":9394,"comment_status":"closed","ping_status":"closed","template":"","meta":{"_acf_changed":false,"_monsterinsights_skip_tracking":false,"_monsterinsights_sitenote_active":false,"_monsterinsights_sitenote_note":"","_monsterinsights_sitenote_category":0},"product_brand":[],"product_cat":[783,787,838],"product_tag":[794,795,830],"class_list":{"0":"post-9392","1":"product","2":"type-product","3":"status-publish","4":"has-post-thumbnail","6":"product_cat-comprension-lectora","7":"product_cat-habilidades-sociales-y-emocionales","8":"product_cat-habilidades-de-conversacion","9":"product_tag-lectura-para-ensenar-habilidades-de-comunicacion-a-ninos-con-autismo","10":"product_tag-comprension-lectora-para-ninos-autistas","11":"product_tag-habilidades-sociales-y-emocionales-para-personas-autistas","13":"first","14":"instock","15":"downloadable","16":"shipping-taxable","17":"purchasable","18":"product-type-simple"},"acf":[],"aioseo_notices":[],"jetpack_sharing_enabled":true,"_links":{"self":[{"href":"https:\/\/positiveautism.org\/es\/wp-json\/wp\/v2\/product\/9392","targetHints":{"allow":["GET"]}}],"collection":[{"href":"https:\/\/positiveautism.org\/es\/wp-json\/wp\/v2\/product"}],"about":[{"href":"https:\/\/positiveautism.org\/es\/wp-json\/wp\/v2\/types\/product"}],"replies":[{"embeddable":true,"href":"https:\/\/positiveautism.org\/es\/wp-json\/wp\/v2\/comments?post=9392"}],"wp:featuredmedia":[{"embeddable":true,"href":"https:\/\/positiveautism.org\/es\/wp-json\/wp\/v2\/media\/9394"}],"wp:attachment":[{"href":"https:\/\/positiveautism.org\/es\/wp-json\/wp\/v2\/media?parent=9392"}],"wp:term":[{"taxonomy":"product_brand","embeddable":true,"href":"https:\/\/positiveautism.org\/es\/wp-json\/wp\/v2\/product_brand?post=9392"},{"taxonomy":"product_cat","embeddable":true,"href":"https:\/\/positiveautism.org\/es\/wp-json\/wp\/v2\/product_cat?post=9392"},{"taxonomy":"product_tag","embeddable":true,"href":"https:\/\/positiveautism.org\/es\/wp-json\/wp\/v2\/product_tag?post=9392"}],"curies":[{"name":"wp","href":"https:\/\/api.w.org\/{rel}","templated":true}]}}