{"id":9386,"date":"2024-06-03T11:08:29","date_gmt":"2025-04-07T14:50:57","guid":{"rendered":"https:\/\/positiveautism.org\/product\/tomas-aprendiendo-a-mantenerse-a-salvo-actividad-para-practicar-la-comprension-lectora-y-las-normas-de-seguridad-para-ninos-autistas\/"},"modified":"2025-04-07T10:50:57","modified_gmt":"2025-04-07T14:50:57","slug":"tomas-aprendiendo-a-mantenerse-a-salvo-actividad-para-practicar-la-comprension-lectora-y-las-normas-de-seguridad-para-ninos-autistas","status":"publish","type":"product","link":"https:\/\/positiveautism.org\/es\/producto\/tomas-aprendiendo-a-mantenerse-a-salvo-actividad-para-practicar-la-comprension-lectora-y-las-normas-de-seguridad-para-ninos-autistas\/","title":{"rendered":"Tom\u00e1s aprendiendo a mantenerse a salvo. (Actividad para practicar la comprensi\u00f3n lectora y las normas de seguridad para ni\u00f1os autistas)"},"content":{"rendered":"","protected":false},"excerpt":{"rendered":"<p>Este material, \u00abTom\u00e1s aprendiendo a mantenerse seguro\u00bb, est\u00e1 dise\u00f1ado para que los ni\u00f1os autistas trabajen en la comprensi\u00f3n lectora y aprendan a mantenerse seguros. La historia sigue a Tom\u00e1s, un ni\u00f1o curioso, que aprende importantes reglas de seguridad de sus padres, como no confiar en extra\u00f1os y siempre pedir permiso antes de aceptar cualquier cosa o ir a cualquier lugar con alguien que no conoce. A trav\u00e9s de varios escenarios, Tom\u00e1s practica estas lecciones y aprende a buscar ayuda de adultos de confianza. Esta historia enfatiza la importancia de seguir ciertas reglas para mantenerse seguro y siempre buscar la orientaci\u00f3n y el apoyo de los padres o adultos de confianza. Tambi\u00e9n incluye preguntas de comprensi\u00f3n y juegos de rol para ayudar a los ni\u00f1os a reforzar lo que han aprendido en situaciones de la vida real, asegur\u00e1ndose de que entiendan y puedan aplicar estos principios de seguridad de manera efectiva.    <\/p>\n","protected":false},"featured_media":9389,"comment_status":"closed","ping_status":"closed","template":"","meta":{"_acf_changed":false,"_monsterinsights_skip_tracking":false,"_monsterinsights_sitenote_active":false,"_monsterinsights_sitenote_note":"","_monsterinsights_sitenote_category":0},"product_brand":[],"product_cat":[783,787,835],"product_tag":[790,795,920],"class_list":{"0":"post-9386","1":"product","2":"type-product","3":"status-publish","4":"has-post-thumbnail","6":"product_cat-comprension-lectora","7":"product_cat-habilidades-sociales-y-emocionales","8":"product_cat-independencia-y-habilidades-para-la-vida","9":"product_tag-comprension-lectora-para-ninos-con-autismo","10":"product_tag-comprension-lectora-para-ninos-autistas","11":"product_tag-leer-para-ensenar-las-reglas-de-seguridad-a-los-ninos","13":"first","14":"instock","15":"downloadable","16":"shipping-taxable","17":"purchasable","18":"product-type-simple"},"acf":[],"aioseo_notices":[],"jetpack_sharing_enabled":true,"_links":{"self":[{"href":"https:\/\/positiveautism.org\/es\/wp-json\/wp\/v2\/product\/9386","targetHints":{"allow":["GET"]}}],"collection":[{"href":"https:\/\/positiveautism.org\/es\/wp-json\/wp\/v2\/product"}],"about":[{"href":"https:\/\/positiveautism.org\/es\/wp-json\/wp\/v2\/types\/product"}],"replies":[{"embeddable":true,"href":"https:\/\/positiveautism.org\/es\/wp-json\/wp\/v2\/comments?post=9386"}],"wp:featuredmedia":[{"embeddable":true,"href":"https:\/\/positiveautism.org\/es\/wp-json\/wp\/v2\/media\/9389"}],"wp:attachment":[{"href":"https:\/\/positiveautism.org\/es\/wp-json\/wp\/v2\/media?parent=9386"}],"wp:term":[{"taxonomy":"product_brand","embeddable":true,"href":"https:\/\/positiveautism.org\/es\/wp-json\/wp\/v2\/product_brand?post=9386"},{"taxonomy":"product_cat","embeddable":true,"href":"https:\/\/positiveautism.org\/es\/wp-json\/wp\/v2\/product_cat?post=9386"},{"taxonomy":"product_tag","embeddable":true,"href":"https:\/\/positiveautism.org\/es\/wp-json\/wp\/v2\/product_tag?post=9386"}],"curies":[{"name":"wp","href":"https:\/\/api.w.org\/{rel}","templated":true}]}}