{"id":9380,"date":"2024-05-30T13:46:55","date_gmt":"2025-04-07T14:50:57","guid":{"rendered":"https:\/\/positiveautism.org\/product\/jaime-y-mateo-un-nuevo-amigo-en-clase-actividad-para-practicar-la-comprension-conciencia-y-aceptacion-de-la-lectura-en-ninos-tipicos-hacia-ninos-autistas\/"},"modified":"2025-04-07T10:50:57","modified_gmt":"2025-04-07T14:50:57","slug":"jaime-y-mateo-un-nuevo-amigo-en-clase-actividad-para-practicar-la-comprension-conciencia-y-aceptacion-de-la-lectura-en-ninos-tipicos-hacia-ninos-autistas","status":"publish","type":"product","link":"https:\/\/positiveautism.org\/es\/producto\/jaime-y-mateo-un-nuevo-amigo-en-clase-actividad-para-practicar-la-comprension-conciencia-y-aceptacion-de-la-lectura-en-ninos-tipicos-hacia-ninos-autistas\/","title":{"rendered":"Jaime y Mateo: Un Nuevo Amigo En Clase. (Actividad Para Practicar La Comprensi\u00f3n, Conciencia Y Aceptaci\u00f3n De La Lectura En Ni\u00f1os T\u00edpicos, Hacia Ni\u00f1os Autistas)"},"content":{"rendered":"","protected":false},"excerpt":{"rendered":"<p>Este material est\u00e1 dise\u00f1ado para ayudar a los ni\u00f1os neurot\u00edpicos a trabajar en la comprensi\u00f3n lectora y las habilidades sociales, promoviendo la aceptaci\u00f3n e inclusi\u00f3n de los ni\u00f1os autistas. A trav\u00e9s del cuento \u00abJaime y Mateo: Un nuevo amigo en clase\u00bb, los ni\u00f1os pueden aprender sobre las experiencias \u00fanicas de sus compa\u00f1eros autistas y practicar la empat\u00eda, la amabilidad y las interacciones de apoyo a trav\u00e9s de atractivas actividades de juego de roles. <\/p>\n","protected":false},"featured_media":9382,"comment_status":"closed","ping_status":"closed","template":"","meta":{"_acf_changed":false,"_monsterinsights_skip_tracking":false,"_monsterinsights_sitenote_active":false,"_monsterinsights_sitenote_note":"","_monsterinsights_sitenote_category":0},"product_brand":[],"product_cat":[738,783],"product_tag":[851,861,918],"class_list":{"0":"post-9380","1":"product","2":"type-product","3":"status-publish","4":"has-post-thumbnail","6":"product_cat-conciencia","7":"product_cat-comprension-lectora","8":"product_tag-comprension-lectora-sobre-el-autismo","9":"product_tag-lectura-para-concienciar-sobre-el-autismo-en-los-ninos","10":"product_tag-comprension-lectora-sobre-un-nino-autista","12":"first","13":"instock","14":"downloadable","15":"shipping-taxable","16":"purchasable","17":"product-type-simple"},"acf":[],"aioseo_notices":[],"jetpack_sharing_enabled":true,"_links":{"self":[{"href":"https:\/\/positiveautism.org\/es\/wp-json\/wp\/v2\/product\/9380","targetHints":{"allow":["GET"]}}],"collection":[{"href":"https:\/\/positiveautism.org\/es\/wp-json\/wp\/v2\/product"}],"about":[{"href":"https:\/\/positiveautism.org\/es\/wp-json\/wp\/v2\/types\/product"}],"replies":[{"embeddable":true,"href":"https:\/\/positiveautism.org\/es\/wp-json\/wp\/v2\/comments?post=9380"}],"wp:featuredmedia":[{"embeddable":true,"href":"https:\/\/positiveautism.org\/es\/wp-json\/wp\/v2\/media\/9382"}],"wp:attachment":[{"href":"https:\/\/positiveautism.org\/es\/wp-json\/wp\/v2\/media?parent=9380"}],"wp:term":[{"taxonomy":"product_brand","embeddable":true,"href":"https:\/\/positiveautism.org\/es\/wp-json\/wp\/v2\/product_brand?post=9380"},{"taxonomy":"product_cat","embeddable":true,"href":"https:\/\/positiveautism.org\/es\/wp-json\/wp\/v2\/product_cat?post=9380"},{"taxonomy":"product_tag","embeddable":true,"href":"https:\/\/positiveautism.org\/es\/wp-json\/wp\/v2\/product_tag?post=9380"}],"curies":[{"name":"wp","href":"https:\/\/api.w.org\/{rel}","templated":true}]}}