{"id":9378,"date":"2024-05-28T15:21:08","date_gmt":"2025-04-07T14:50:57","guid":{"rendered":"https:\/\/positiveautism.org\/product\/la-aventura-segura-de-lucas-y-sofia-actividad-para-practicar-la-comprension-lectora-y-comprender-sobre-su-propia-seguridad\/"},"modified":"2025-04-07T10:50:57","modified_gmt":"2025-04-07T14:50:57","slug":"la-aventura-segura-de-lucas-y-sofia-actividad-para-practicar-la-comprension-lectora-y-comprender-sobre-su-propia-seguridad","status":"publish","type":"product","link":"https:\/\/positiveautism.org\/es\/producto\/la-aventura-segura-de-lucas-y-sofia-actividad-para-practicar-la-comprension-lectora-y-comprender-sobre-su-propia-seguridad\/","title":{"rendered":"La aventura segura de Lucas y Sof\u00eda. (Actividad para practicar la comprensi\u00f3n lectora y comprender sobre su propia seguridad)"},"content":{"rendered":"","protected":false},"excerpt":{"rendered":"<p>En este material, encontrar\u00e1 un cuento titulado \u00abLa aventura segura de Lucas y Sof\u00eda\u00bb, dise\u00f1ado para ayudar a los ni\u00f1os autistas a trabajar en la comprensi\u00f3n lectora, mejorar sus habilidades de conversaci\u00f3n y aprender la importancia de no salir solos sin un adulto. El cuento se acompa\u00f1a de preguntas para evaluar la comprensi\u00f3n, ejemplos de juegos de rol para practicar las situaciones descritas y promover la seguridad, y reflexiones para reforzar conceptos clave. Este recurso es una herramienta \u00fatil para padres y educadores, ya que proporciona una forma interactiva y eficaz de ense\u00f1ar importantes lecciones de seguridad.  <\/p>\n","protected":false},"featured_media":9379,"comment_status":"open","ping_status":"closed","template":"","meta":{"_acf_changed":false,"_monsterinsights_skip_tracking":false,"_monsterinsights_sitenote_active":false,"_monsterinsights_sitenote_note":"","_monsterinsights_sitenote_category":0},"product_brand":[],"product_cat":[741,783],"product_tag":[790,795,917],"class_list":{"0":"post-9378","1":"product","2":"type-product","3":"status-publish","4":"has-post-thumbnail","6":"product_cat-comunicacion-y-lenguaje","7":"product_cat-comprension-lectora","8":"product_tag-comprension-lectora-para-ninos-con-autismo","9":"product_tag-comprension-lectora-para-ninos-autistas","10":"product_tag-leer-para-ensenar-a-los-ninos-sobre-la-seguridad","12":"first","13":"instock","14":"downloadable","15":"shipping-taxable","16":"purchasable","17":"product-type-simple"},"acf":[],"aioseo_notices":[],"jetpack_sharing_enabled":true,"_links":{"self":[{"href":"https:\/\/positiveautism.org\/es\/wp-json\/wp\/v2\/product\/9378","targetHints":{"allow":["GET"]}}],"collection":[{"href":"https:\/\/positiveautism.org\/es\/wp-json\/wp\/v2\/product"}],"about":[{"href":"https:\/\/positiveautism.org\/es\/wp-json\/wp\/v2\/types\/product"}],"replies":[{"embeddable":true,"href":"https:\/\/positiveautism.org\/es\/wp-json\/wp\/v2\/comments?post=9378"}],"wp:featuredmedia":[{"embeddable":true,"href":"https:\/\/positiveautism.org\/es\/wp-json\/wp\/v2\/media\/9379"}],"wp:attachment":[{"href":"https:\/\/positiveautism.org\/es\/wp-json\/wp\/v2\/media?parent=9378"}],"wp:term":[{"taxonomy":"product_brand","embeddable":true,"href":"https:\/\/positiveautism.org\/es\/wp-json\/wp\/v2\/product_brand?post=9378"},{"taxonomy":"product_cat","embeddable":true,"href":"https:\/\/positiveautism.org\/es\/wp-json\/wp\/v2\/product_cat?post=9378"},{"taxonomy":"product_tag","embeddable":true,"href":"https:\/\/positiveautism.org\/es\/wp-json\/wp\/v2\/product_tag?post=9378"}],"curies":[{"name":"wp","href":"https:\/\/api.w.org\/{rel}","templated":true}]}}