{"id":9375,"date":"2024-05-28T11:07:35","date_gmt":"2025-04-07T14:50:57","guid":{"rendered":"https:\/\/positiveautism.org\/product\/la-gran-fiesta-de-los-animales-actividad-para-practicar-la-comprension-lectora-habilidades-sociales-y-emocionales-para-ninos-autistas\/"},"modified":"2025-04-07T10:50:57","modified_gmt":"2025-04-07T14:50:57","slug":"la-gran-fiesta-de-los-animales-actividad-para-practicar-la-comprension-lectora-habilidades-sociales-y-emocionales-para-ninos-autistas","status":"publish","type":"product","link":"https:\/\/positiveautism.org\/es\/producto\/la-gran-fiesta-de-los-animales-actividad-para-practicar-la-comprension-lectora-habilidades-sociales-y-emocionales-para-ninos-autistas\/","title":{"rendered":"La Gran Fiesta de los Animales. (Actividad para practicar la comprensi\u00f3n lectora, habilidades sociales y emocionales para ni\u00f1os autistas)"},"content":{"rendered":"","protected":false},"excerpt":{"rendered":"<p>\u00abThe Great Animal Party\u00bb es una historia interactiva dise\u00f1ada para ayudar a los ni\u00f1os autistas a practicar la comprensi\u00f3n lectora y las habilidades sociales. La historia se desarrolla en el Bosque Feliz, donde el Gran Conejo Blanco organiza una fiesta e invita a sus amigos, Zorro Rojo, Tortuga Verde, P\u00e1jaro Azul y Oso Pardo. <\/p>\n<p>Cada actividad est\u00e1 dise\u00f1ada para involucrar a los ni\u00f1os en un contexto l\u00fadico y seguro, haci\u00e9ndolos sentir m\u00e1s involucrados y ayud\u00e1ndolos a aprender de manera m\u00e1s efectiva. Este material les anima a iniciar, mantener y finalizar conversaciones, mejorando sus habilidades de comunicaci\u00f3n social. Adem\u00e1s, proporciona instrucciones para que los padres y educadores gu\u00eden a los ni\u00f1os a trav\u00e9s de cada actividad, asegurando una experiencia de aprendizaje integral.  <\/p>\n","protected":false},"featured_media":9376,"comment_status":"open","ping_status":"closed","template":"","meta":{"_acf_changed":false,"_monsterinsights_skip_tracking":false,"_monsterinsights_sitenote_active":false,"_monsterinsights_sitenote_note":"","_monsterinsights_sitenote_category":0},"product_brand":[],"product_cat":[783,787],"product_tag":[795,798,867,913],"class_list":{"0":"post-9375","1":"product","2":"type-product","3":"status-publish","4":"has-post-thumbnail","6":"product_cat-comprension-lectora","7":"product_cat-habilidades-sociales-y-emocionales","8":"product_tag-comprension-lectora-para-ninos-autistas","9":"product_tag-comprension-lectora-para-ninos-con-autismo-es","10":"product_tag-de-la-lectura-a-las-habilidades-sociales-tecnologicas","11":"product_tag-leer-para-ensenar-habilidades-de-conversacion","13":"first","14":"instock","15":"downloadable","16":"shipping-taxable","17":"purchasable","18":"product-type-simple"},"acf":[],"aioseo_notices":[],"jetpack_sharing_enabled":true,"_links":{"self":[{"href":"https:\/\/positiveautism.org\/es\/wp-json\/wp\/v2\/product\/9375","targetHints":{"allow":["GET"]}}],"collection":[{"href":"https:\/\/positiveautism.org\/es\/wp-json\/wp\/v2\/product"}],"about":[{"href":"https:\/\/positiveautism.org\/es\/wp-json\/wp\/v2\/types\/product"}],"replies":[{"embeddable":true,"href":"https:\/\/positiveautism.org\/es\/wp-json\/wp\/v2\/comments?post=9375"}],"wp:featuredmedia":[{"embeddable":true,"href":"https:\/\/positiveautism.org\/es\/wp-json\/wp\/v2\/media\/9376"}],"wp:attachment":[{"href":"https:\/\/positiveautism.org\/es\/wp-json\/wp\/v2\/media?parent=9375"}],"wp:term":[{"taxonomy":"product_brand","embeddable":true,"href":"https:\/\/positiveautism.org\/es\/wp-json\/wp\/v2\/product_brand?post=9375"},{"taxonomy":"product_cat","embeddable":true,"href":"https:\/\/positiveautism.org\/es\/wp-json\/wp\/v2\/product_cat?post=9375"},{"taxonomy":"product_tag","embeddable":true,"href":"https:\/\/positiveautism.org\/es\/wp-json\/wp\/v2\/product_tag?post=9375"}],"curies":[{"name":"wp","href":"https:\/\/api.w.org\/{rel}","templated":true}]}}