{"id":9372,"date":"2024-05-24T15:48:15","date_gmt":"2025-04-07T14:50:56","guid":{"rendered":"https:\/\/positiveautism.org\/product\/no-dejes-que-otros-se-aprovechen-de-ti-aprende-a-decir-no-hojas-de-trabajo-de-actividades-para-ensenar-habilidades-sociales-a-ninos-autistas\/"},"modified":"2025-04-07T10:50:56","modified_gmt":"2025-04-07T14:50:56","slug":"no-dejes-que-otros-se-aprovechen-de-ti-aprende-a-decir-no-hojas-de-trabajo-de-actividades-para-ensenar-habilidades-sociales-a-ninos-autistas","status":"publish","type":"product","link":"https:\/\/positiveautism.org\/es\/producto\/no-dejes-que-otros-se-aprovechen-de-ti-aprende-a-decir-no-hojas-de-trabajo-de-actividades-para-ensenar-habilidades-sociales-a-ninos-autistas\/","title":{"rendered":"\u00a1No dejes que otros se aprovechen de ti! Aprende a decir \u00abNO\u00bb. (Hojas de trabajo de actividades para ense\u00f1ar habilidades sociales a ni\u00f1os autistas)"},"content":{"rendered":"","protected":false},"excerpt":{"rendered":"<p>En este libro de ejercicios, los ni\u00f1os y j\u00f3venes autistas aprender\u00e1n la importancia de decir \u00abNO\u00bb cuando sea necesario y desarrollar\u00e1n habilidades esenciales para la vida. A menudo, queremos decir \u00abS\u00cd\u00bb para ayudar a los dem\u00e1s, pero es crucial analizar las solicitudes para asegurarnos de que no nos estamos sobrecargando. Decir \u00abNO\u00bb apropiadamente es fundamental para mantener relaciones saludables y respetar nuestros propios l\u00edmites.  <\/p>\n<p>Este recurso nos ense\u00f1a a ser firmes en nuestras decisiones y a no permitir que otros determinen nuestras acciones. La libertad requiere la capacidad de elegir nuestras acciones y decir \u00abNO\u00bb a lo que no nos beneficia. Adem\u00e1s, es importante reconocer cuando alguien est\u00e1 tratando de aprovecharse de nosotros y establecer l\u00edmites claros.  <\/p>\n<p>Tambi\u00e9n hace hincapi\u00e9 en que, aunque es bueno ayudar a los dem\u00e1s, no debemos dejar que se aprovechen de nosotros. El material incluye ejercicios pr\u00e1cticos para que los ni\u00f1os practiquen el manejo de situaciones en las que necesitan decir \u00abNO\u00bb, como cuando alguien les pide que hagan algo que no es su responsabilidad. <\/p>\n<p>Por \u00faltimo, se abordan situaciones concretas, como negarse a hacer los deberes de otro compa\u00f1ero, destacando la importancia de la responsabilidad individual y el aprendizaje personal. En resumen, este material promueve la autoafirmaci\u00f3n, el establecimiento de l\u00edmites y la gesti\u00f3n de las propias decisiones, que son habilidades clave para la vida. <\/p>\n","protected":false},"featured_media":9373,"comment_status":"open","ping_status":"closed","template":"","meta":{"_acf_changed":false,"_monsterinsights_skip_tracking":false,"_monsterinsights_sitenote_active":false,"_monsterinsights_sitenote_note":"","_monsterinsights_sitenote_category":0},"product_brand":[],"product_cat":[787],"product_tag":[788,833,915,916],"class_list":{"0":"post-9372","1":"product","2":"type-product","3":"status-publish","4":"has-post-thumbnail","6":"product_cat-habilidades-sociales-y-emocionales","7":"product_tag-actividades-para-tecnificar-habilidades-sociales-a-ninos-autistas","8":"product_tag-habilidades-sociales-y-emocionales-en-ninos-con-autismo","9":"product_tag-ensene-a-los-ninos-a-decir-no","10":"product_tag-ensenar-a-los-ninos-autistas-a-saber-decir-no-cuando-sea-necesario","12":"first","13":"instock","14":"downloadable","15":"shipping-taxable","16":"purchasable","17":"product-type-simple"},"acf":[],"aioseo_notices":[],"jetpack_sharing_enabled":true,"_links":{"self":[{"href":"https:\/\/positiveautism.org\/es\/wp-json\/wp\/v2\/product\/9372","targetHints":{"allow":["GET"]}}],"collection":[{"href":"https:\/\/positiveautism.org\/es\/wp-json\/wp\/v2\/product"}],"about":[{"href":"https:\/\/positiveautism.org\/es\/wp-json\/wp\/v2\/types\/product"}],"replies":[{"embeddable":true,"href":"https:\/\/positiveautism.org\/es\/wp-json\/wp\/v2\/comments?post=9372"}],"wp:featuredmedia":[{"embeddable":true,"href":"https:\/\/positiveautism.org\/es\/wp-json\/wp\/v2\/media\/9373"}],"wp:attachment":[{"href":"https:\/\/positiveautism.org\/es\/wp-json\/wp\/v2\/media?parent=9372"}],"wp:term":[{"taxonomy":"product_brand","embeddable":true,"href":"https:\/\/positiveautism.org\/es\/wp-json\/wp\/v2\/product_brand?post=9372"},{"taxonomy":"product_cat","embeddable":true,"href":"https:\/\/positiveautism.org\/es\/wp-json\/wp\/v2\/product_cat?post=9372"},{"taxonomy":"product_tag","embeddable":true,"href":"https:\/\/positiveautism.org\/es\/wp-json\/wp\/v2\/product_tag?post=9372"}],"curies":[{"name":"wp","href":"https:\/\/api.w.org\/{rel}","templated":true}]}}