{"id":9369,"date":"2024-05-23T11:54:28","date_gmt":"2025-04-07T14:50:50","guid":{"rendered":"https:\/\/positiveautism.org\/product\/el-sueno-de-jaime-de-aprendiz-a-maestro-actividad-para-practicar-la-comprension-lectora-habilidades-sociales-y-para-la-vida-en-ninos-autistas\/"},"modified":"2025-04-07T10:50:50","modified_gmt":"2025-04-07T14:50:50","slug":"el-sueno-de-jaime-de-aprendiz-a-maestro-actividad-para-practicar-la-comprension-lectora-habilidades-sociales-y-para-la-vida-en-ninos-autistas","status":"publish","type":"product","link":"https:\/\/positiveautism.org\/es\/producto\/el-sueno-de-jaime-de-aprendiz-a-maestro-actividad-para-practicar-la-comprension-lectora-habilidades-sociales-y-para-la-vida-en-ninos-autistas\/","title":{"rendered":"El sue\u00f1o de Jaime: de aprendiz a maestro. (Actividad para practicar la comprensi\u00f3n lectora, habilidades sociales y para la vida en ni\u00f1os autistas)"},"content":{"rendered":"","protected":false},"excerpt":{"rendered":"<p>Este material est\u00e1 dise\u00f1ado para ayudar a los ni\u00f1os autistas a desarrollar habilidades de comprensi\u00f3n lectora, habilidades sociales y habilidades para la vida a trav\u00e9s del cuento \u00abEl sue\u00f1o de Jaime: de aprendiz a maestro\u00bb. A trav\u00e9s de la lectura, los ni\u00f1os aprenden sobre la perseverancia de Jaime para superar desaf\u00edos y su dedicaci\u00f3n para convertirse en maestro de matem\u00e1ticas. Las preguntas de comprensi\u00f3n lectora incluidas les permiten reflexionar sobre la historia y sus lecciones. Adem\u00e1s, se presentan ejemplos de juegos de rol para que los ni\u00f1os practiquen lo que han aprendido, fomentando la interacci\u00f3n social y la comunicaci\u00f3n. Estos juegos de rol permiten a los ni\u00f1os interpretar diferentes personajes y situaciones, ayud\u00e1ndoles a mejorar su fluidez verbal, organizaci\u00f3n del pensamiento y manejo de la ansiedad en diversas situaciones sociales. La participaci\u00f3n activa en estos juegos tambi\u00e9n ense\u00f1a a los ni\u00f1os la importancia de la paciencia, la claridad en la comunicaci\u00f3n de ideas y la adaptaci\u00f3n a las necesidades de los dem\u00e1s, habilidades cruciales para su desarrollo personal y social.     <\/p>\n","protected":false},"featured_media":9370,"comment_status":"open","ping_status":"closed","template":"","meta":{"_acf_changed":false,"_monsterinsights_skip_tracking":false,"_monsterinsights_sitenote_active":false,"_monsterinsights_sitenote_note":"","_monsterinsights_sitenote_category":0},"product_brand":[],"product_cat":[783,787,914],"product_tag":[790,795,867],"class_list":{"0":"post-9369","1":"product","2":"type-product","3":"status-publish","4":"has-post-thumbnail","6":"product_cat-comprension-lectora","7":"product_cat-habilidades-sociales-y-emocionales","8":"product_cat-fortalezca-sus-fortalezas","9":"product_tag-comprension-lectora-para-ninos-con-autismo","10":"product_tag-comprension-lectora-para-ninos-autistas","11":"product_tag-de-la-lectura-a-las-habilidades-sociales-tecnologicas","13":"first","14":"instock","15":"downloadable","16":"shipping-taxable","17":"purchasable","18":"product-type-simple"},"acf":[],"aioseo_notices":[],"jetpack_sharing_enabled":true,"_links":{"self":[{"href":"https:\/\/positiveautism.org\/es\/wp-json\/wp\/v2\/product\/9369","targetHints":{"allow":["GET"]}}],"collection":[{"href":"https:\/\/positiveautism.org\/es\/wp-json\/wp\/v2\/product"}],"about":[{"href":"https:\/\/positiveautism.org\/es\/wp-json\/wp\/v2\/types\/product"}],"replies":[{"embeddable":true,"href":"https:\/\/positiveautism.org\/es\/wp-json\/wp\/v2\/comments?post=9369"}],"wp:featuredmedia":[{"embeddable":true,"href":"https:\/\/positiveautism.org\/es\/wp-json\/wp\/v2\/media\/9370"}],"wp:attachment":[{"href":"https:\/\/positiveautism.org\/es\/wp-json\/wp\/v2\/media?parent=9369"}],"wp:term":[{"taxonomy":"product_brand","embeddable":true,"href":"https:\/\/positiveautism.org\/es\/wp-json\/wp\/v2\/product_brand?post=9369"},{"taxonomy":"product_cat","embeddable":true,"href":"https:\/\/positiveautism.org\/es\/wp-json\/wp\/v2\/product_cat?post=9369"},{"taxonomy":"product_tag","embeddable":true,"href":"https:\/\/positiveautism.org\/es\/wp-json\/wp\/v2\/product_tag?post=9369"}],"curies":[{"name":"wp","href":"https:\/\/api.w.org\/{rel}","templated":true}]}}