{"id":9365,"date":"2024-05-02T12:30:11","date_gmt":"2025-04-07T14:50:50","guid":{"rendered":"https:\/\/positiveautism.org\/product\/el-viaje-de-luca-actividad-para-practicar-la-comprension-lectora-y-las-habilidades-de-conversacion-para-ninos-autistas\/"},"modified":"2025-04-07T10:50:50","modified_gmt":"2025-04-07T14:50:50","slug":"el-viaje-de-luca-actividad-para-practicar-la-comprension-lectora-y-las-habilidades-de-conversacion-para-ninos-autistas","status":"publish","type":"product","link":"https:\/\/positiveautism.org\/es\/producto\/el-viaje-de-luca-actividad-para-practicar-la-comprension-lectora-y-las-habilidades-de-conversacion-para-ninos-autistas\/","title":{"rendered":"El viaje de Luca. (Actividad para practicar la comprensi\u00f3n lectora y las habilidades de conversaci\u00f3n para ni\u00f1os autistas)"},"content":{"rendered":"","protected":false},"excerpt":{"rendered":"<p>\u00abEl viaje de Luca\u00bb es un material educativo especialmente dise\u00f1ado para ni\u00f1os autistas, enfocado en mejorar la comprensi\u00f3n lectora y desarrollar habilidades de conversaci\u00f3n. A trav\u00e9s de la historia de Luca, un ni\u00f1o que vive en el pintoresco pueblo de Conversalia y enfrenta dificultades para comunicarse con los dem\u00e1s, este recurso pretende ense\u00f1ar de una manera l\u00fadica y accesible. La narraci\u00f3n sigue a Luca en su aventura al Bosque de las Palabras, donde aprende t\u00e9cnicas clave para iniciar, mantener y concluir conversaciones de manera efectiva, interactuando con personajes como Sari la ardilla, Benji el castor y Olivia la lechuza. Cada segmento de la historia presenta una habilidad comunicativa diferente, acompa\u00f1ada de ejemplos concretos y aplicables en la vida cotidiana.   <\/p>\n<p>Adem\u00e1s, se incluyen actividades complementarias como juegos de rol, que permiten a los ni\u00f1os practicar estas habilidades en escenarios cotidianos, como una tienda, un parque y una biblioteca. Estos juegos no solo refuerzan lo aprendido, sino que tambi\u00e9n brindan a los padres y educadores herramientas pr\u00e1cticas para guiar a los ni\u00f1os en el aprendizaje de interacciones sociales m\u00e1s fluidas y naturales. Al simular situaciones reales, los ni\u00f1os pueden sentirse m\u00e1s seguros y preparados para afrontar retos comunicativos en su entorno, fomentando as\u00ed su autonom\u00eda y confianza.  <\/p>\n","protected":false},"featured_media":9367,"comment_status":"open","ping_status":"closed","template":"","meta":{"_acf_changed":false,"_monsterinsights_skip_tracking":false,"_monsterinsights_sitenote_active":false,"_monsterinsights_sitenote_note":"","_monsterinsights_sitenote_category":0},"product_brand":[],"product_cat":[783,838],"product_tag":[795,798,913],"class_list":{"0":"post-9365","1":"product","2":"type-product","3":"status-publish","4":"has-post-thumbnail","6":"product_cat-comprension-lectora","7":"product_cat-habilidades-de-conversacion","8":"product_tag-comprension-lectora-para-ninos-autistas","9":"product_tag-comprension-lectora-para-ninos-con-autismo-es","10":"product_tag-leer-para-ensenar-habilidades-de-conversacion","12":"first","13":"instock","14":"downloadable","15":"shipping-taxable","16":"purchasable","17":"product-type-simple"},"acf":[],"aioseo_notices":[],"jetpack_sharing_enabled":true,"_links":{"self":[{"href":"https:\/\/positiveautism.org\/es\/wp-json\/wp\/v2\/product\/9365","targetHints":{"allow":["GET"]}}],"collection":[{"href":"https:\/\/positiveautism.org\/es\/wp-json\/wp\/v2\/product"}],"about":[{"href":"https:\/\/positiveautism.org\/es\/wp-json\/wp\/v2\/types\/product"}],"replies":[{"embeddable":true,"href":"https:\/\/positiveautism.org\/es\/wp-json\/wp\/v2\/comments?post=9365"}],"wp:featuredmedia":[{"embeddable":true,"href":"https:\/\/positiveautism.org\/es\/wp-json\/wp\/v2\/media\/9367"}],"wp:attachment":[{"href":"https:\/\/positiveautism.org\/es\/wp-json\/wp\/v2\/media?parent=9365"}],"wp:term":[{"taxonomy":"product_brand","embeddable":true,"href":"https:\/\/positiveautism.org\/es\/wp-json\/wp\/v2\/product_brand?post=9365"},{"taxonomy":"product_cat","embeddable":true,"href":"https:\/\/positiveautism.org\/es\/wp-json\/wp\/v2\/product_cat?post=9365"},{"taxonomy":"product_tag","embeddable":true,"href":"https:\/\/positiveautism.org\/es\/wp-json\/wp\/v2\/product_tag?post=9365"}],"curies":[{"name":"wp","href":"https:\/\/api.w.org\/{rel}","templated":true}]}}