{"id":9364,"date":"2024-05-22T10:58:49","date_gmt":"2025-04-07T14:50:50","guid":{"rendered":"https:\/\/positiveautism.org\/product\/la-aventura-de-leo-y-sus-amigos-actividad-para-practicar-la-comprension-lectora-y-las-habilidades-de-conversacion-para-ninos-autistas\/"},"modified":"2025-04-07T10:50:50","modified_gmt":"2025-04-07T14:50:50","slug":"la-aventura-de-leo-y-sus-amigos-actividad-para-practicar-la-comprension-lectora-y-las-habilidades-de-conversacion-para-ninos-autistas","status":"publish","type":"product","link":"https:\/\/positiveautism.org\/es\/producto\/la-aventura-de-leo-y-sus-amigos-actividad-para-practicar-la-comprension-lectora-y-las-habilidades-de-conversacion-para-ninos-autistas\/","title":{"rendered":"La aventura de Leo y sus amigos. (Actividad para practicar la comprensi\u00f3n lectora y las habilidades de conversaci\u00f3n para ni\u00f1os autistas)"},"content":{"rendered":"","protected":false},"excerpt":{"rendered":"<p>En este libro de ejercicios, \u00abLeo y la aventura de sus amigos\u00bb, los ni\u00f1os autistas encontrar\u00e1n una historia interactiva dise\u00f1ada para ense\u00f1arles habilidades sociales y de conversaci\u00f3n, as\u00ed como para mejorar su comprensi\u00f3n lectora. A trav\u00e9s de la narraci\u00f3n, los ni\u00f1os se involucrar\u00e1n en situaciones de juego de roles en las que asumir\u00e1n personajes y participar\u00e1n en di\u00e1logos estructurados para resolver un misterio. Esta actividad promueve la colaboraci\u00f3n, el pensamiento cr\u00edtico y la interacci\u00f3n social, brindando oportunidades para que los ni\u00f1os practiquen iniciar y mantener conversaciones. Adem\u00e1s, las preguntas de comprensi\u00f3n al final del material ayudan a evaluar su comprensi\u00f3n de la historia y reflexionan sobre la importancia de pedir ayuda a los amigos y trabajar en equipo.   <\/p>\n","protected":false},"featured_media":9366,"comment_status":"open","ping_status":"closed","template":"","meta":{"_acf_changed":false,"_monsterinsights_skip_tracking":false,"_monsterinsights_sitenote_active":false,"_monsterinsights_sitenote_note":"","_monsterinsights_sitenote_category":0},"product_brand":[],"product_cat":[783,838],"product_tag":[795,798,843,854],"class_list":{"0":"post-9364","1":"product","2":"type-product","3":"status-publish","4":"has-post-thumbnail","6":"product_cat-comprension-lectora","7":"product_cat-habilidades-de-conversacion","8":"product_tag-comprension-lectora-para-ninos-autistas","9":"product_tag-comprension-lectora-para-ninos-con-autismo-es","10":"product_tag-como-ensenar-habilidades-de-conversacion-a-personas-con-autismo","11":"product_tag-hojas-de-trabajo-para-ensenar-habilidades-de-conversacion-a-ninos-autistas","13":"first","14":"instock","15":"downloadable","16":"shipping-taxable","17":"purchasable","18":"product-type-simple"},"acf":[],"aioseo_notices":[],"jetpack_sharing_enabled":true,"_links":{"self":[{"href":"https:\/\/positiveautism.org\/es\/wp-json\/wp\/v2\/product\/9364","targetHints":{"allow":["GET"]}}],"collection":[{"href":"https:\/\/positiveautism.org\/es\/wp-json\/wp\/v2\/product"}],"about":[{"href":"https:\/\/positiveautism.org\/es\/wp-json\/wp\/v2\/types\/product"}],"replies":[{"embeddable":true,"href":"https:\/\/positiveautism.org\/es\/wp-json\/wp\/v2\/comments?post=9364"}],"wp:featuredmedia":[{"embeddable":true,"href":"https:\/\/positiveautism.org\/es\/wp-json\/wp\/v2\/media\/9366"}],"wp:attachment":[{"href":"https:\/\/positiveautism.org\/es\/wp-json\/wp\/v2\/media?parent=9364"}],"wp:term":[{"taxonomy":"product_brand","embeddable":true,"href":"https:\/\/positiveautism.org\/es\/wp-json\/wp\/v2\/product_brand?post=9364"},{"taxonomy":"product_cat","embeddable":true,"href":"https:\/\/positiveautism.org\/es\/wp-json\/wp\/v2\/product_cat?post=9364"},{"taxonomy":"product_tag","embeddable":true,"href":"https:\/\/positiveautism.org\/es\/wp-json\/wp\/v2\/product_tag?post=9364"}],"curies":[{"name":"wp","href":"https:\/\/api.w.org\/{rel}","templated":true}]}}