{"id":9360,"date":"2024-05-01T14:33:12","date_gmt":"2025-04-07T14:50:49","guid":{"rendered":"https:\/\/positiveautism.org\/product\/conversacion-con-amigos-hojas-de-trabajo-para-ensenar-habilidades-de-conversacion-a-ninos-autistas\/"},"modified":"2025-04-07T10:50:49","modified_gmt":"2025-04-07T14:50:49","slug":"conversacion-con-amigos-hojas-de-trabajo-para-ensenar-habilidades-de-conversacion-a-ninos-autistas","status":"publish","type":"product","link":"https:\/\/positiveautism.org\/es\/producto\/conversacion-con-amigos-hojas-de-trabajo-para-ensenar-habilidades-de-conversacion-a-ninos-autistas\/","title":{"rendered":"Conversaci\u00f3n con amigos. (Hojas de trabajo para ense\u00f1ar habilidades de conversaci\u00f3n a ni\u00f1os autistas)"},"content":{"rendered":"","protected":false},"excerpt":{"rendered":"<p>Este material est\u00e1 dise\u00f1ado para desarrollar habilidades de conversaci\u00f3n en ni\u00f1os autistas, ofreciendo estrategias pr\u00e1cticas y ejercicios interactivos. A trav\u00e9s de ejemplos como la construcci\u00f3n de puentes en las conversaciones y la importancia de escuchar y tomar turnos, los ni\u00f1os aprender\u00e1n a interactuar de manera efectiva en situaciones sociales, ya sea en conversaciones individuales o en grupos m\u00e1s grandes. Las actividades incluidas, como completar di\u00e1logos y colorear im\u00e1genes, est\u00e1n destinadas a reforzar estas habilidades de una manera divertida y educativa, ayudando a los ni\u00f1os a sentirse m\u00e1s c\u00f3modos y seguros al hablar con los dem\u00e1s.  <\/p>\n","protected":false},"featured_media":9362,"comment_status":"open","ping_status":"closed","template":"","meta":{"_acf_changed":false,"_monsterinsights_skip_tracking":false,"_monsterinsights_sitenote_active":false,"_monsterinsights_sitenote_note":"","_monsterinsights_sitenote_category":0},"product_brand":[],"product_cat":[838],"product_tag":[839,841,842,843],"class_list":{"0":"post-9360","1":"product","2":"type-product","3":"status-publish","4":"has-post-thumbnail","6":"product_cat-habilidades-de-conversacion","7":"product_tag-actividades-de-conversacion-para-ninos-con-autismo","8":"product_tag-actividades-de-conversacion-para-ninos-autistas","9":"product_tag-como-ensenar-habilidades-de-conversacion-a-personas-autistas","10":"product_tag-como-ensenar-habilidades-de-conversacion-a-personas-con-autismo","12":"first","13":"instock","14":"downloadable","15":"shipping-taxable","16":"purchasable","17":"product-type-simple"},"acf":[],"aioseo_notices":[],"jetpack_sharing_enabled":true,"_links":{"self":[{"href":"https:\/\/positiveautism.org\/es\/wp-json\/wp\/v2\/product\/9360","targetHints":{"allow":["GET"]}}],"collection":[{"href":"https:\/\/positiveautism.org\/es\/wp-json\/wp\/v2\/product"}],"about":[{"href":"https:\/\/positiveautism.org\/es\/wp-json\/wp\/v2\/types\/product"}],"replies":[{"embeddable":true,"href":"https:\/\/positiveautism.org\/es\/wp-json\/wp\/v2\/comments?post=9360"}],"wp:featuredmedia":[{"embeddable":true,"href":"https:\/\/positiveautism.org\/es\/wp-json\/wp\/v2\/media\/9362"}],"wp:attachment":[{"href":"https:\/\/positiveautism.org\/es\/wp-json\/wp\/v2\/media?parent=9360"}],"wp:term":[{"taxonomy":"product_brand","embeddable":true,"href":"https:\/\/positiveautism.org\/es\/wp-json\/wp\/v2\/product_brand?post=9360"},{"taxonomy":"product_cat","embeddable":true,"href":"https:\/\/positiveautism.org\/es\/wp-json\/wp\/v2\/product_cat?post=9360"},{"taxonomy":"product_tag","embeddable":true,"href":"https:\/\/positiveautism.org\/es\/wp-json\/wp\/v2\/product_tag?post=9360"}],"curies":[{"name":"wp","href":"https:\/\/api.w.org\/{rel}","templated":true}]}}