{"id":9359,"date":"2024-05-17T15:59:03","date_gmt":"2025-04-07T14:50:49","guid":{"rendered":"https:\/\/positiveautism.org\/product\/la-aventura-de-mateo-en-el-mundo-de-los-dientes-brillantes-actividad-para-practicar-la-comprension-lectora-y-las-habilidades-emocionales-para-ninos-autistas\/"},"modified":"2025-04-07T10:50:49","modified_gmt":"2025-04-07T14:50:49","slug":"la-aventura-de-mateo-en-el-mundo-de-los-dientes-brillantes-actividad-para-practicar-la-comprension-lectora-y-las-habilidades-emocionales-para-ninos-autistas","status":"publish","type":"product","link":"https:\/\/positiveautism.org\/es\/producto\/la-aventura-de-mateo-en-el-mundo-de-los-dientes-brillantes-actividad-para-practicar-la-comprension-lectora-y-las-habilidades-emocionales-para-ninos-autistas\/","title":{"rendered":"La aventura de Mateo en el mundo de los dientes brillantes. (Actividad para practicar la comprensi\u00f3n lectora y las habilidades emocionales para ni\u00f1os autistas)"},"content":{"rendered":"","protected":false},"excerpt":{"rendered":"<p>Este material, \u00abLa aventura de Mateo en el mundo de los dientes brillantes\u00bb, est\u00e1 dise\u00f1ado para ayudar a los ni\u00f1os autistas a mejorar su comprensi\u00f3n lectora y desarrollar habilidades sociales y emocionales. La historia sigue a un ni\u00f1o llamado Mateo, que est\u00e1 nervioso por visitar al dentista, pero aprende a verlo como una misi\u00f3n emocionante. A trav\u00e9s de su aventura, Mateo gana confianza y comprensi\u00f3n sobre el cuidado dental. Las preguntas incluidas animan a los ni\u00f1os a reflexionar sobre la historia, mejorando su comprensi\u00f3n. Adem\u00e1s, los juegos de rol proporcionan escenarios pr\u00e1cticos donde los ni\u00f1os pueden practicar la expresi\u00f3n de sus sentimientos, la narraci\u00f3n de experiencias y el desarrollo de habilidades de empat\u00eda y colaboraci\u00f3n. Estas actividades est\u00e1n dise\u00f1adas para hacer que el aprendizaje sea atractivo y de apoyo para los ni\u00f1os autistas, ayud\u00e1ndoles a desarrollar habilidades esenciales para la vida de una manera divertida e interactiva.     <\/p>\n","protected":false},"featured_media":9361,"comment_status":"open","ping_status":"closed","template":"","meta":{"_acf_changed":false,"_monsterinsights_skip_tracking":false,"_monsterinsights_sitenote_active":false,"_monsterinsights_sitenote_note":"","_monsterinsights_sitenote_category":0},"product_brand":[],"product_cat":[736,783,787],"product_tag":[790,795,911,912],"class_list":{"0":"post-9359","1":"product","2":"type-product","3":"status-publish","4":"has-post-thumbnail","6":"product_cat-ansiedad-tolerancia-al-cambio","7":"product_cat-comprension-lectora","8":"product_cat-habilidades-sociales-y-emocionales","9":"product_tag-comprension-lectora-para-ninos-con-autismo","10":"product_tag-comprension-lectora-para-ninos-autistas","11":"product_tag-perdida-de-dientes","12":"product_tag-leer-sobre-ir-al-dentista","14":"first","15":"instock","16":"downloadable","17":"shipping-taxable","18":"purchasable","19":"product-type-simple"},"acf":[],"aioseo_notices":[],"jetpack_sharing_enabled":true,"_links":{"self":[{"href":"https:\/\/positiveautism.org\/es\/wp-json\/wp\/v2\/product\/9359","targetHints":{"allow":["GET"]}}],"collection":[{"href":"https:\/\/positiveautism.org\/es\/wp-json\/wp\/v2\/product"}],"about":[{"href":"https:\/\/positiveautism.org\/es\/wp-json\/wp\/v2\/types\/product"}],"replies":[{"embeddable":true,"href":"https:\/\/positiveautism.org\/es\/wp-json\/wp\/v2\/comments?post=9359"}],"wp:featuredmedia":[{"embeddable":true,"href":"https:\/\/positiveautism.org\/es\/wp-json\/wp\/v2\/media\/9361"}],"wp:attachment":[{"href":"https:\/\/positiveautism.org\/es\/wp-json\/wp\/v2\/media?parent=9359"}],"wp:term":[{"taxonomy":"product_brand","embeddable":true,"href":"https:\/\/positiveautism.org\/es\/wp-json\/wp\/v2\/product_brand?post=9359"},{"taxonomy":"product_cat","embeddable":true,"href":"https:\/\/positiveautism.org\/es\/wp-json\/wp\/v2\/product_cat?post=9359"},{"taxonomy":"product_tag","embeddable":true,"href":"https:\/\/positiveautism.org\/es\/wp-json\/wp\/v2\/product_tag?post=9359"}],"curies":[{"name":"wp","href":"https:\/\/api.w.org\/{rel}","templated":true}]}}