{"id":9349,"date":"2024-04-29T11:18:46","date_gmt":"2025-04-07T14:50:49","guid":{"rendered":"https:\/\/positiveautism.org\/product\/la-aventura-de-george-un-viaje-hacia-los-suenos-actividad-para-practicar-la-comprension-lectora-y-las-habilidades-sociales-para-ninos-autistas\/"},"modified":"2025-04-07T10:50:49","modified_gmt":"2025-04-07T14:50:49","slug":"la-aventura-de-george-un-viaje-hacia-los-suenos-actividad-para-practicar-la-comprension-lectora-y-las-habilidades-sociales-para-ninos-autistas","status":"publish","type":"product","link":"https:\/\/positiveautism.org\/es\/producto\/la-aventura-de-george-un-viaje-hacia-los-suenos-actividad-para-practicar-la-comprension-lectora-y-las-habilidades-sociales-para-ninos-autistas\/","title":{"rendered":"La aventura de George: Un viaje hacia los sue\u00f1os. (Actividad para practicar la comprensi\u00f3n lectora y las habilidades sociales para ni\u00f1os autistas)"},"content":{"rendered":"","protected":false},"excerpt":{"rendered":"<div class=\"w-full text-token-text-primary\" dir=\"auto\" data-testid=\"conversation-turn-11\">\n<div class=\"px-4 py-2 justify-center text-base md:gap-6 m-auto\">\n<div class=\"flex flex-1 text-base mx-auto gap-3 juice:gap-4 juice:md:gap-6 md:px-5 lg:px-1 xl:px-5 md:max-w-3xl lg:max-w-[40rem] xl:max-w-[48rem]\">\n<div class=\"relative flex w-full min-w-0 flex-col agent-turn\">\n<div class=\"flex-col gap-1 md:gap-3\">\n<div class=\"flex flex-grow flex-col max-w-full\">\n<div class=\"min-h-[20px] text-message flex flex-col items-start gap-3 whitespace-pre-wrap break-words [.text-message+&amp;]:mt-5 overflow-x-auto\" dir=\"auto\" data-message-author-role=\"assistant\" data-message-id=\"dc1cc8bf-c848-41bb-ba87-3b64db4b43ca\">\n<div class=\"markdown prose w-full break-words dark:prose-invert light\">\n<p>\u00abGeorge&#8217;s Adventure: A Journey Towards Dreams\u00bb es una historia cautivadora dise\u00f1ada para involucrar a los ni\u00f1os, particularmente a aquellos con autismo, en la mejora de su comprensi\u00f3n de lectura y habilidades sociales. La narraci\u00f3n sigue a George, conocido como Geo, un joven autista con un talento prodigioso para las matem\u00e1ticas y una memoria extraordinaria. A trav\u00e9s de su viaje m\u00e1gico acompa\u00f1ado por su robot, Cube, Geo se enfrenta a varios desaf\u00edos que mezclan acertijos matem\u00e1ticos con interacciones sociales. Esta combinaci\u00f3n permite a los ni\u00f1os ver c\u00f3mo diferentes habilidades, como la resoluci\u00f3n de problemas y la empat\u00eda, pueden trabajar juntas para superar obst\u00e1culos.   <\/p>\n<p>La historia estructurada proporciona una comprensi\u00f3n clara y secuencial que puede ser particularmente beneficiosa para los ni\u00f1os autistas, ayud\u00e1ndolos a seguir y relacionarse con las experiencias de Geo. Las preguntas a\u00f1adidas y las actividades de juego de roles al final de la historia animan a los ni\u00f1os a recordar detalles espec\u00edficos y a aplicar las lecciones sociales y emocionales que Geo aprende. Estas actividades est\u00e1n dise\u00f1adas para ser flexibles y adaptables, atendiendo a diferentes niveles de aprendizaje y centr\u00e1ndose en aplicaciones pr\u00e1cticas de habilidades cognitivas y sociales. Este m\u00e9todo ayuda a fomentar un sentido de logro y confianza en los ni\u00f1os a medida que navegan a trav\u00e9s de los desaf\u00edos de la historia junto a Geo, lo que lo convierte en un recurso valioso para padres y educadores que buscan desarrollar estas habilidades esenciales de una manera atractiva y de apoyo.   <\/p>\n<\/div>\n<\/div>\n<\/div>\n<div class=\"mt-1 flex gap-3 empty:hidden\">\n<div class=\"text-gray-400 flex self-end lg:self-center items-center justify-center lg:justify-start mt-0 -ml-1 h-7 gap-[2px] visible\"><\/div>\n<\/div>\n<\/div>\n<div class=\"absolute\">\n<div class=\"flex w-full gap-2 items-center justify-center\"><\/div>\n<\/div>\n<\/div>\n<\/div>\n<\/div>\n<\/div>\n<div class=\"w-full text-token-text-primary\" dir=\"auto\" data-testid=\"conversation-turn-12\">\n<div class=\"px-4 py-2 justify-center text-base md:gap-6 m-auto\">\n<div class=\"flex flex-1 text-base mx-auto gap-3 juice:gap-4 juice:md:gap-6 md:px-5 lg:px-1 xl:px-5 md:max-w-3xl lg:max-w-[40rem] xl:max-w-[48rem]\">\n<div class=\"flex-shrink-0 flex flex-col relative items-end\">\n<div>\n<div class=\"pt-0.5\">\n<div class=\"gizmo-shadow-stroke flex h-6 w-6 items-center justify-center overflow-hidden rounded-full\"><\/div>\n<\/div>\n<\/div>\n<\/div>\n<\/div>\n<\/div>\n<\/div>\n","protected":false},"featured_media":9352,"comment_status":"open","ping_status":"closed","template":"","meta":{"_acf_changed":false,"_monsterinsights_skip_tracking":false,"_monsterinsights_sitenote_active":false,"_monsterinsights_sitenote_note":"","_monsterinsights_sitenote_category":0},"product_brand":[],"product_cat":[783,787],"product_tag":[795,798,867],"class_list":{"0":"post-9349","1":"product","2":"type-product","3":"status-publish","4":"has-post-thumbnail","6":"product_cat-comprension-lectora","7":"product_cat-habilidades-sociales-y-emocionales","8":"product_tag-comprension-lectora-para-ninos-autistas","9":"product_tag-comprension-lectora-para-ninos-con-autismo-es","10":"product_tag-de-la-lectura-a-las-habilidades-sociales-tecnologicas","12":"first","13":"instock","14":"downloadable","15":"shipping-taxable","16":"purchasable","17":"product-type-simple"},"acf":[],"aioseo_notices":[],"jetpack_sharing_enabled":true,"_links":{"self":[{"href":"https:\/\/positiveautism.org\/es\/wp-json\/wp\/v2\/product\/9349","targetHints":{"allow":["GET"]}}],"collection":[{"href":"https:\/\/positiveautism.org\/es\/wp-json\/wp\/v2\/product"}],"about":[{"href":"https:\/\/positiveautism.org\/es\/wp-json\/wp\/v2\/types\/product"}],"replies":[{"embeddable":true,"href":"https:\/\/positiveautism.org\/es\/wp-json\/wp\/v2\/comments?post=9349"}],"wp:featuredmedia":[{"embeddable":true,"href":"https:\/\/positiveautism.org\/es\/wp-json\/wp\/v2\/media\/9352"}],"wp:attachment":[{"href":"https:\/\/positiveautism.org\/es\/wp-json\/wp\/v2\/media?parent=9349"}],"wp:term":[{"taxonomy":"product_brand","embeddable":true,"href":"https:\/\/positiveautism.org\/es\/wp-json\/wp\/v2\/product_brand?post=9349"},{"taxonomy":"product_cat","embeddable":true,"href":"https:\/\/positiveautism.org\/es\/wp-json\/wp\/v2\/product_cat?post=9349"},{"taxonomy":"product_tag","embeddable":true,"href":"https:\/\/positiveautism.org\/es\/wp-json\/wp\/v2\/product_tag?post=9349"}],"curies":[{"name":"wp","href":"https:\/\/api.w.org\/{rel}","templated":true}]}}