{"id":9346,"date":"2024-07-03T15:29:06","date_gmt":"2025-04-07T14:49:52","guid":{"rendered":"https:\/\/positiveautism.org\/product\/la-aventura-de-marcos-y-sus-amigos-actividad-para-practicar-la-comprension-lectora-habilidades-sociales-y-emocionales-para-ninos-autistas\/"},"modified":"2025-04-07T10:49:52","modified_gmt":"2025-04-07T14:49:52","slug":"la-aventura-de-marcos-y-sus-amigos-actividad-para-practicar-la-comprension-lectora-habilidades-sociales-y-emocionales-para-ninos-autistas","status":"publish","type":"product","link":"https:\/\/positiveautism.org\/es\/producto\/la-aventura-de-marcos-y-sus-amigos-actividad-para-practicar-la-comprension-lectora-habilidades-sociales-y-emocionales-para-ninos-autistas\/","title":{"rendered":"La aventura de Marcos y sus amigos. (Actividad para practicar la comprensi\u00f3n lectora, habilidades sociales y emocionales para ni\u00f1os autistas)"},"content":{"rendered":"","protected":false},"excerpt":{"rendered":"<div class=\"flex-shrink-0 flex flex-col relative items-end\">\n<div>\n<div class=\"pt-0.5 juice:pt-0\">\n<div class=\"gizmo-bot-avatar flex h-6 w-6 items-center justify-center overflow-hidden rounded-full juice:h-8 juice:w-8\">\n<div class=\"relative p-1 rounded-sm flex items-center justify-center bg-token-main-surface-primary text-token-text-primary h-8 w-8\">En este material encontrar\u00e1s herramientas dise\u00f1adas para ense\u00f1ar habilidades sociales y emocionales a ni\u00f1os y j\u00f3venes autistas, as\u00ed como para trabajar la comprensi\u00f3n lectora. A trav\u00e9s de la historia de Marcos, las actividades de preguntas y respuestas y los ejemplos de juegos de rol, los educadores y los padres pueden guiar a los ni\u00f1os en la pr\u00e1ctica de habilidades como participar en juegos grupales, observar, escuchar instrucciones y pedir ayuda. Este enfoque interactivo tiene como objetivo fomentar la confianza y el disfrute en las actividades grupales, apoyando el desarrollo social y emocional de los ni\u00f1os.  <\/div>\n<\/div>\n<\/div>\n<\/div>\n<\/div>\n","protected":false},"featured_media":9347,"comment_status":"closed","ping_status":"closed","template":"","meta":{"_acf_changed":false,"_monsterinsights_skip_tracking":false,"_monsterinsights_sitenote_active":false,"_monsterinsights_sitenote_note":"","_monsterinsights_sitenote_category":0},"product_brand":[],"product_cat":[783,787],"product_tag":[790,794,795,910],"class_list":{"0":"post-9346","1":"product","2":"type-product","3":"status-publish","4":"has-post-thumbnail","6":"product_cat-comprension-lectora","7":"product_cat-habilidades-sociales-y-emocionales","8":"product_tag-comprension-lectora-para-ninos-con-autismo","9":"product_tag-lectura-para-ensenar-habilidades-de-comunicacion-a-ninos-con-autismo","10":"product_tag-comprension-lectora-para-ninos-autistas","11":"product_tag-leer-para-ensenar-habilidades-a-los-ninos-autistas-en-actividades-grupales","13":"first","14":"instock","15":"downloadable","16":"shipping-taxable","17":"purchasable","18":"product-type-simple"},"acf":[],"aioseo_notices":[],"jetpack_sharing_enabled":true,"_links":{"self":[{"href":"https:\/\/positiveautism.org\/es\/wp-json\/wp\/v2\/product\/9346","targetHints":{"allow":["GET"]}}],"collection":[{"href":"https:\/\/positiveautism.org\/es\/wp-json\/wp\/v2\/product"}],"about":[{"href":"https:\/\/positiveautism.org\/es\/wp-json\/wp\/v2\/types\/product"}],"replies":[{"embeddable":true,"href":"https:\/\/positiveautism.org\/es\/wp-json\/wp\/v2\/comments?post=9346"}],"wp:featuredmedia":[{"embeddable":true,"href":"https:\/\/positiveautism.org\/es\/wp-json\/wp\/v2\/media\/9347"}],"wp:attachment":[{"href":"https:\/\/positiveautism.org\/es\/wp-json\/wp\/v2\/media?parent=9346"}],"wp:term":[{"taxonomy":"product_brand","embeddable":true,"href":"https:\/\/positiveautism.org\/es\/wp-json\/wp\/v2\/product_brand?post=9346"},{"taxonomy":"product_cat","embeddable":true,"href":"https:\/\/positiveautism.org\/es\/wp-json\/wp\/v2\/product_cat?post=9346"},{"taxonomy":"product_tag","embeddable":true,"href":"https:\/\/positiveautism.org\/es\/wp-json\/wp\/v2\/product_tag?post=9346"}],"curies":[{"name":"wp","href":"https:\/\/api.w.org\/{rel}","templated":true}]}}