{"id":9342,"date":"2024-06-26T14:49:09","date_gmt":"2025-04-07T14:49:51","guid":{"rendered":"https:\/\/positiveautism.org\/product\/el-viaje-de-alex-tecnicas-para-un-mejor-enfoque-y-aprendizaje-actividad-para-practicar-la-comprension-lectora-y-la-atencion-y-el-enfoque-para-ninos-y-jovenes-autistas\/"},"modified":"2025-04-07T10:49:51","modified_gmt":"2025-04-07T14:49:51","slug":"el-viaje-de-alex-tecnicas-para-un-mejor-enfoque-y-aprendizaje-actividad-para-practicar-la-comprension-lectora-y-la-atencion-y-el-enfoque-para-ninos-y-jovenes-autistas","status":"publish","type":"product","link":"https:\/\/positiveautism.org\/es\/producto\/el-viaje-de-alex-tecnicas-para-un-mejor-enfoque-y-aprendizaje-actividad-para-practicar-la-comprension-lectora-y-la-atencion-y-el-enfoque-para-ninos-y-jovenes-autistas\/","title":{"rendered":"El viaje de Alex: t\u00e9cnicas para un mejor enfoque y aprendizaje. (Actividad para practicar la comprensi\u00f3n lectora y la atenci\u00f3n y el enfoque para ni\u00f1os y j\u00f3venes autistas)"},"content":{"rendered":"","protected":false},"excerpt":{"rendered":"<div class=\"flex-shrink-0 flex flex-col relative items-end\">\n<div>\n<div class=\"pt-0.5 juice:pt-0\">\n<div class=\"gizmo-bot-avatar flex h-6 w-6 items-center justify-center overflow-hidden rounded-full juice:h-8 juice:w-8\">\n<div class=\"relative p-1 rounded-sm flex items-center justify-center bg-token-main-surface-primary text-token-text-primary h-8 w-8\">En este material, encontrar\u00e1s un cuento sobre Alex, un ni\u00f1o curioso que aprende t\u00e9cnicas para mejorar su concentraci\u00f3n y aprendizaje con la ayuda de su profesora, la Sra. L\u00f3pez. Estas t\u00e9cnicas incluyen el uso del temporizador Pomodoro, la creaci\u00f3n de un lugar especial para estudiar, el uso de tarjetas did\u00e1cticas y t\u00e9cnicas de respiraci\u00f3n profunda para calmarse. A trav\u00e9s de ejemplos y actividades pr\u00e1cticas, como los juegos de rol, los padres y educadores pueden ense\u00f1ar a los ni\u00f1os a gestionar mejor su atenci\u00f3n y estr\u00e9s, facilitando as\u00ed un aprendizaje m\u00e1s eficaz y agradable.  <\/div>\n<\/div>\n<\/div>\n<\/div>\n<\/div>\n","protected":false},"featured_media":9343,"comment_status":"closed","ping_status":"closed","template":"","meta":{"_acf_changed":false,"_monsterinsights_skip_tracking":false,"_monsterinsights_sitenote_active":false,"_monsterinsights_sitenote_note":"","_monsterinsights_sitenote_category":0},"product_brand":[],"product_cat":[737,783],"product_tag":[785,906],"class_list":{"0":"post-9342","1":"product","2":"type-product","3":"status-publish","4":"has-post-thumbnail","6":"product_cat-atencion-y-concentracion","7":"product_cat-comprension-lectora","8":"product_tag-comprension-lectora","9":"product_tag-leer-para-ensenar-la-atencion-y-el-enfoque-en-ninos-con-autismo","11":"first","12":"instock","13":"downloadable","14":"shipping-taxable","15":"purchasable","16":"product-type-simple"},"acf":[],"aioseo_notices":[],"jetpack_sharing_enabled":true,"_links":{"self":[{"href":"https:\/\/positiveautism.org\/es\/wp-json\/wp\/v2\/product\/9342","targetHints":{"allow":["GET"]}}],"collection":[{"href":"https:\/\/positiveautism.org\/es\/wp-json\/wp\/v2\/product"}],"about":[{"href":"https:\/\/positiveautism.org\/es\/wp-json\/wp\/v2\/types\/product"}],"replies":[{"embeddable":true,"href":"https:\/\/positiveautism.org\/es\/wp-json\/wp\/v2\/comments?post=9342"}],"wp:featuredmedia":[{"embeddable":true,"href":"https:\/\/positiveautism.org\/es\/wp-json\/wp\/v2\/media\/9343"}],"wp:attachment":[{"href":"https:\/\/positiveautism.org\/es\/wp-json\/wp\/v2\/media?parent=9342"}],"wp:term":[{"taxonomy":"product_brand","embeddable":true,"href":"https:\/\/positiveautism.org\/es\/wp-json\/wp\/v2\/product_brand?post=9342"},{"taxonomy":"product_cat","embeddable":true,"href":"https:\/\/positiveautism.org\/es\/wp-json\/wp\/v2\/product_cat?post=9342"},{"taxonomy":"product_tag","embeddable":true,"href":"https:\/\/positiveautism.org\/es\/wp-json\/wp\/v2\/product_tag?post=9342"}],"curies":[{"name":"wp","href":"https:\/\/api.w.org\/{rel}","templated":true}]}}