{"id":9338,"date":"2024-06-24T13:13:13","date_gmt":"2025-04-07T14:49:51","guid":{"rendered":"https:\/\/positiveautism.org\/product\/el-viaje-de-lucas-y-su-magica-caja-de-herramientas-actividad-para-practicar-la-comprension-lectora-y-las-habilidades-para-la-vida-en-ninos-autistas\/"},"modified":"2025-04-07T10:49:51","modified_gmt":"2025-04-07T14:49:51","slug":"el-viaje-de-lucas-y-su-magica-caja-de-herramientas-actividad-para-practicar-la-comprension-lectora-y-las-habilidades-para-la-vida-en-ninos-autistas","status":"publish","type":"product","link":"https:\/\/positiveautism.org\/es\/producto\/el-viaje-de-lucas-y-su-magica-caja-de-herramientas-actividad-para-practicar-la-comprension-lectora-y-las-habilidades-para-la-vida-en-ninos-autistas\/","title":{"rendered":"El viaje de Lucas y su m\u00e1gica caja de herramientas. (Actividad para practicar la comprensi\u00f3n lectora y las habilidades para la vida en ni\u00f1os autistas)"},"content":{"rendered":"","protected":false},"excerpt":{"rendered":"<p>En este material, encontrar\u00e1 una valiosa herramienta dise\u00f1ada para ense\u00f1ar comprensi\u00f3n lectora y habilidades para la vida a ni\u00f1os y j\u00f3venes autistas. A trav\u00e9s de la historia de \u00abEl viaje de Lucas y su caja de herramientas m\u00e1gica\u00bb, los ni\u00f1os aprender\u00e1n a manejar sus emociones y estr\u00e9s a trav\u00e9s de t\u00e9cnicas pr\u00e1cticas y herramientas visuales. La narraci\u00f3n incluye una variedad de situaciones cotidianas en las que Lucas usa su caja de herramientas m\u00e1gicas para calmarse y manejar la ansiedad. Adem\u00e1s, se proporcionan preguntas de comprensi\u00f3n para reforzar lo aprendido y fomentar la reflexi\u00f3n. Tambi\u00e9n encontrar\u00e1s ejemplos de juegos de rol que permiten a los ni\u00f1os practicar estas habilidades en entornos controlados y seguros, facilitando la interiorizaci\u00f3n de las estrategias aprendidas. Estos ejercicios no solo mejoran la comprensi\u00f3n lectora, sino que tambi\u00e9n ofrecen una pr\u00e1ctica tangible de habilidades esenciales para la vida, lo que ayuda a los ni\u00f1os a sentirse m\u00e1s seguros y preparados para enfrentar situaciones estresantes en la vida real.     <\/p>\n","protected":false},"featured_media":9341,"comment_status":"closed","ping_status":"closed","template":"","meta":{"_acf_changed":false,"_monsterinsights_skip_tracking":false,"_monsterinsights_sitenote_active":false,"_monsterinsights_sitenote_note":"","_monsterinsights_sitenote_category":0},"product_brand":[],"product_cat":[736,835],"product_tag":[790,795,905],"class_list":{"0":"post-9338","1":"product","2":"type-product","3":"status-publish","4":"has-post-thumbnail","6":"product_cat-ansiedad-tolerancia-al-cambio","7":"product_cat-independencia-y-habilidades-para-la-vida","8":"product_tag-comprension-lectora-para-ninos-con-autismo","9":"product_tag-comprension-lectora-para-ninos-autistas","10":"product_tag-leer-para-ensenar-a-manejar-las-emociones-y-el-estres","12":"first","13":"instock","14":"downloadable","15":"shipping-taxable","16":"purchasable","17":"product-type-simple"},"acf":[],"aioseo_notices":[],"jetpack_sharing_enabled":true,"_links":{"self":[{"href":"https:\/\/positiveautism.org\/es\/wp-json\/wp\/v2\/product\/9338","targetHints":{"allow":["GET"]}}],"collection":[{"href":"https:\/\/positiveautism.org\/es\/wp-json\/wp\/v2\/product"}],"about":[{"href":"https:\/\/positiveautism.org\/es\/wp-json\/wp\/v2\/types\/product"}],"replies":[{"embeddable":true,"href":"https:\/\/positiveautism.org\/es\/wp-json\/wp\/v2\/comments?post=9338"}],"wp:featuredmedia":[{"embeddable":true,"href":"https:\/\/positiveautism.org\/es\/wp-json\/wp\/v2\/media\/9341"}],"wp:attachment":[{"href":"https:\/\/positiveautism.org\/es\/wp-json\/wp\/v2\/media?parent=9338"}],"wp:term":[{"taxonomy":"product_brand","embeddable":true,"href":"https:\/\/positiveautism.org\/es\/wp-json\/wp\/v2\/product_brand?post=9338"},{"taxonomy":"product_cat","embeddable":true,"href":"https:\/\/positiveautism.org\/es\/wp-json\/wp\/v2\/product_cat?post=9338"},{"taxonomy":"product_tag","embeddable":true,"href":"https:\/\/positiveautism.org\/es\/wp-json\/wp\/v2\/product_tag?post=9338"}],"curies":[{"name":"wp","href":"https:\/\/api.w.org\/{rel}","templated":true}]}}