{"id":9331,"date":"2024-08-01T11:36:39","date_gmt":"2025-04-07T14:49:09","guid":{"rendered":"https:\/\/positiveautism.org\/product\/la-aventura-de-luna-y-sol-estrategias-para-manejar-desacuerdos-y-resolver-conflictos-de-manera-pacifica-actividad-para-practicar-la-comprension-lectora-habilidades-sociales-y-emocionales-para-nino\/"},"modified":"2025-04-07T10:49:09","modified_gmt":"2025-04-07T14:49:09","slug":"la-aventura-de-luna-y-sol-estrategias-para-manejar-desacuerdos-y-resolver-conflictos-de-manera-pacifica-actividad-para-practicar-la-comprension-lectora-habilidades-sociales-y-emocionales-para-nino","status":"publish","type":"product","link":"https:\/\/positiveautism.org\/es\/producto\/la-aventura-de-luna-y-sol-estrategias-para-manejar-desacuerdos-y-resolver-conflictos-de-manera-pacifica-actividad-para-practicar-la-comprension-lectora-habilidades-sociales-y-emocionales-para-nino\/","title":{"rendered":"La aventura de Luna y Sol: estrategias para manejar desacuerdos y resolver conflictos de manera pac\u00edfica. (Actividad para practicar la comprensi\u00f3n lectora, habilidades sociales y emocionales para ni\u00f1os autistas)"},"content":{"rendered":"","protected":false},"excerpt":{"rendered":"<p>Este material ofrece una herramienta valiosa para padres y educadores que buscan ense\u00f1ar habilidades sociales y emocionales a ni\u00f1os y j\u00f3venes autistas. A trav\u00e9s del cuento de \u00abLa aventura de Luna y Sol: estrategias para manejar desacuerdos y resolver conflictos pac\u00edficamente\u00bb, los ni\u00f1os aprender\u00e1n estrategias como escuchar atentamente, encontrar un punto medio, expresar sentimientos respetuosos y trabajar en equipo. Incluye actividades de roleplaying basadas en situaciones cotidianas que permiten practicar lo aprendido, promover la resoluci\u00f3n pac\u00edfica de conflictos y fortalecer las habilidades de comunicaci\u00f3n y colaboraci\u00f3n.  <\/p>\n","protected":false},"featured_media":9332,"comment_status":"closed","ping_status":"closed","template":"","meta":{"_acf_changed":false,"_monsterinsights_skip_tracking":false,"_monsterinsights_sitenote_active":false,"_monsterinsights_sitenote_note":"","_monsterinsights_sitenote_category":0},"product_brand":[],"product_cat":[783,787],"product_tag":[795,798,830,902],"class_list":{"0":"post-9331","1":"product","2":"type-product","3":"status-publish","4":"has-post-thumbnail","6":"product_cat-comprension-lectora","7":"product_cat-habilidades-sociales-y-emocionales","8":"product_tag-comprension-lectora-para-ninos-autistas","9":"product_tag-comprension-lectora-para-ninos-con-autismo-es","10":"product_tag-habilidades-sociales-y-emocionales-para-personas-autistas","11":"product_tag-estrategias-para-manejar-los-desacuerdos","13":"first","14":"instock","15":"downloadable","16":"shipping-taxable","17":"purchasable","18":"product-type-simple"},"acf":[],"aioseo_notices":[],"jetpack_sharing_enabled":true,"_links":{"self":[{"href":"https:\/\/positiveautism.org\/es\/wp-json\/wp\/v2\/product\/9331","targetHints":{"allow":["GET"]}}],"collection":[{"href":"https:\/\/positiveautism.org\/es\/wp-json\/wp\/v2\/product"}],"about":[{"href":"https:\/\/positiveautism.org\/es\/wp-json\/wp\/v2\/types\/product"}],"replies":[{"embeddable":true,"href":"https:\/\/positiveautism.org\/es\/wp-json\/wp\/v2\/comments?post=9331"}],"wp:featuredmedia":[{"embeddable":true,"href":"https:\/\/positiveautism.org\/es\/wp-json\/wp\/v2\/media\/9332"}],"wp:attachment":[{"href":"https:\/\/positiveautism.org\/es\/wp-json\/wp\/v2\/media?parent=9331"}],"wp:term":[{"taxonomy":"product_brand","embeddable":true,"href":"https:\/\/positiveautism.org\/es\/wp-json\/wp\/v2\/product_brand?post=9331"},{"taxonomy":"product_cat","embeddable":true,"href":"https:\/\/positiveautism.org\/es\/wp-json\/wp\/v2\/product_cat?post=9331"},{"taxonomy":"product_tag","embeddable":true,"href":"https:\/\/positiveautism.org\/es\/wp-json\/wp\/v2\/product_tag?post=9331"}],"curies":[{"name":"wp","href":"https:\/\/api.w.org\/{rel}","templated":true}]}}