{"id":9328,"date":"2024-07-23T14:12:41","date_gmt":"2025-04-07T14:49:08","guid":{"rendered":"https:\/\/positiveautism.org\/product\/la-aventura-de-alex-en-el-reino-del-tiempo-actividad-para-practicar-la-comprension-lectora-y-las-habilidades-para-la-vida-en-ninos-autistas\/"},"modified":"2025-04-07T10:49:08","modified_gmt":"2025-04-07T14:49:08","slug":"la-aventura-de-alex-en-el-reino-del-tiempo-actividad-para-practicar-la-comprension-lectora-y-las-habilidades-para-la-vida-en-ninos-autistas","status":"publish","type":"product","link":"https:\/\/positiveautism.org\/es\/producto\/la-aventura-de-alex-en-el-reino-del-tiempo-actividad-para-practicar-la-comprension-lectora-y-las-habilidades-para-la-vida-en-ninos-autistas\/","title":{"rendered":"La aventura de Alex en el Reino del Tiempo. (Actividad para practicar la comprensi\u00f3n lectora y las habilidades para la vida en ni\u00f1os autistas)"},"content":{"rendered":"","protected":false},"excerpt":{"rendered":"<p>En este material, los padres y educadores encontrar\u00e1n recursos para trabajar la comprensi\u00f3n lectora y ense\u00f1ar habilidades de organizaci\u00f3n y administraci\u00f3n del tiempo. A trav\u00e9s de la atractiva historia de \u00abLa aventura de Alex en el Reino del Tiempo\u00bb, los ni\u00f1os pueden aprender valiosas lecciones sobre c\u00f3mo organizar sus tareas y su tiempo. El material incluye actividades pr\u00e1cticas como calendarios personalizados, listas de tareas y la t\u00e9cnica Pomodoro, as\u00ed como juegos de rol para reforzar estas habilidades de una forma divertida e interactiva. Estas herramientas tienen como objetivo mejorar el rendimiento acad\u00e9mico y el bienestar general de los ni\u00f1os ayud\u00e1ndolos a administrar su tiempo de manera efectiva.   <\/p>\n","protected":false},"featured_media":9329,"comment_status":"closed","ping_status":"closed","template":"","meta":{"_acf_changed":false,"_monsterinsights_skip_tracking":false,"_monsterinsights_sitenote_active":false,"_monsterinsights_sitenote_note":"","_monsterinsights_sitenote_category":0},"product_brand":[],"product_cat":[737,783,835,900],"product_tag":[790,795,901],"class_list":{"0":"post-9328","1":"product","2":"type-product","3":"status-publish","4":"has-post-thumbnail","6":"product_cat-atencion-y-concentracion","7":"product_cat-comprension-lectora","8":"product_cat-independencia-y-habilidades-para-la-vida","9":"product_cat-inteligencia-y-desarrollo-de-potencial","10":"product_tag-comprension-lectora-para-ninos-con-autismo","11":"product_tag-comprension-lectora-para-ninos-autistas","12":"product_tag-leer-para-ensenar-a-gestionar-el-tiempo","14":"first","15":"instock","16":"downloadable","17":"shipping-taxable","18":"purchasable","19":"product-type-simple"},"acf":[],"aioseo_notices":[],"jetpack_sharing_enabled":true,"_links":{"self":[{"href":"https:\/\/positiveautism.org\/es\/wp-json\/wp\/v2\/product\/9328","targetHints":{"allow":["GET"]}}],"collection":[{"href":"https:\/\/positiveautism.org\/es\/wp-json\/wp\/v2\/product"}],"about":[{"href":"https:\/\/positiveautism.org\/es\/wp-json\/wp\/v2\/types\/product"}],"replies":[{"embeddable":true,"href":"https:\/\/positiveautism.org\/es\/wp-json\/wp\/v2\/comments?post=9328"}],"wp:featuredmedia":[{"embeddable":true,"href":"https:\/\/positiveautism.org\/es\/wp-json\/wp\/v2\/media\/9329"}],"wp:attachment":[{"href":"https:\/\/positiveautism.org\/es\/wp-json\/wp\/v2\/media?parent=9328"}],"wp:term":[{"taxonomy":"product_brand","embeddable":true,"href":"https:\/\/positiveautism.org\/es\/wp-json\/wp\/v2\/product_brand?post=9328"},{"taxonomy":"product_cat","embeddable":true,"href":"https:\/\/positiveautism.org\/es\/wp-json\/wp\/v2\/product_cat?post=9328"},{"taxonomy":"product_tag","embeddable":true,"href":"https:\/\/positiveautism.org\/es\/wp-json\/wp\/v2\/product_tag?post=9328"}],"curies":[{"name":"wp","href":"https:\/\/api.w.org\/{rel}","templated":true}]}}