{"id":9310,"date":"2024-07-26T21:02:29","date_gmt":"2025-04-07T14:49:04","guid":{"rendered":"https:\/\/positiveautism.org\/product\/el-mundo-sensible-de-sophia-actividad-para-practicar-la-comprension-lectora-habilidades-sociales-y-emocionales-para-ninos-autistas\/"},"modified":"2025-04-07T10:49:04","modified_gmt":"2025-04-07T14:49:04","slug":"el-mundo-sensible-de-sophia-actividad-para-practicar-la-comprension-lectora-habilidades-sociales-y-emocionales-para-ninos-autistas","status":"publish","type":"product","link":"https:\/\/positiveautism.org\/es\/producto\/el-mundo-sensible-de-sophia-actividad-para-practicar-la-comprension-lectora-habilidades-sociales-y-emocionales-para-ninos-autistas\/","title":{"rendered":"El mundo sensible de Sophia. (Actividad para practicar la comprensi\u00f3n lectora, habilidades sociales y emocionales para ni\u00f1os autistas)"},"content":{"rendered":"","protected":false},"excerpt":{"rendered":"<div class=\"flex-shrink-0 flex flex-col relative items-end\">\n<div>\n<div class=\"pt-0\">\n<div class=\"gizmo-bot-avatar flex h-8 w-8 items-center justify-center overflow-hidden rounded-full\">\n<div class=\"relative p-1 rounded-sm flex items-center justify-center bg-token-main-surface-primary text-token-text-primary h-8 w-8\">En este material, los padres y educadores encontrar\u00e1n herramientas y estrategias para trabajar la comprensi\u00f3n lectora y ense\u00f1ar habilidades para manejar las dificultades sensoriales en ni\u00f1os autistas. A trav\u00e9s de la historia de Sophia y su hermano Lucas, se presentan situaciones cotidianas y soluciones pr\u00e1cticas para promover la creaci\u00f3n de entornos sensorialmente amigables. Los ni\u00f1os aprender\u00e1n a identificar y expresar sus sensibilidades sensoriales y a encontrar formas efectivas de adaptarse. Adem\u00e1s, el material incluye juegos de rol y preguntas de comprensi\u00f3n que facilitan el aprendizaje activo y la pr\u00e1ctica de estas habilidades en diversos contextos.   <\/div>\n<\/div>\n<\/div>\n<\/div>\n<\/div>\n","protected":false},"featured_media":9314,"comment_status":"closed","ping_status":"closed","template":"","meta":{"_acf_changed":false,"_monsterinsights_skip_tracking":false,"_monsterinsights_sitenote_active":false,"_monsterinsights_sitenote_note":"","_monsterinsights_sitenote_category":0},"product_brand":[],"product_cat":[783,787,792],"product_tag":[795,819],"class_list":{"0":"post-9310","1":"product","2":"type-product","3":"status-publish","4":"has-post-thumbnail","6":"product_cat-comprension-lectora","7":"product_cat-habilidades-sociales-y-emocionales","8":"product_cat-area-sensorial","9":"product_tag-comprension-lectora-para-ninos-autistas","10":"product_tag-leer-para-ensenar-a-manejar-las-dificultades-sensoriales","12":"first","13":"instock","14":"downloadable","15":"shipping-taxable","16":"purchasable","17":"product-type-simple"},"acf":[],"aioseo_notices":[],"jetpack_sharing_enabled":true,"_links":{"self":[{"href":"https:\/\/positiveautism.org\/es\/wp-json\/wp\/v2\/product\/9310","targetHints":{"allow":["GET"]}}],"collection":[{"href":"https:\/\/positiveautism.org\/es\/wp-json\/wp\/v2\/product"}],"about":[{"href":"https:\/\/positiveautism.org\/es\/wp-json\/wp\/v2\/types\/product"}],"replies":[{"embeddable":true,"href":"https:\/\/positiveautism.org\/es\/wp-json\/wp\/v2\/comments?post=9310"}],"wp:featuredmedia":[{"embeddable":true,"href":"https:\/\/positiveautism.org\/es\/wp-json\/wp\/v2\/media\/9314"}],"wp:attachment":[{"href":"https:\/\/positiveautism.org\/es\/wp-json\/wp\/v2\/media?parent=9310"}],"wp:term":[{"taxonomy":"product_brand","embeddable":true,"href":"https:\/\/positiveautism.org\/es\/wp-json\/wp\/v2\/product_brand?post=9310"},{"taxonomy":"product_cat","embeddable":true,"href":"https:\/\/positiveautism.org\/es\/wp-json\/wp\/v2\/product_cat?post=9310"},{"taxonomy":"product_tag","embeddable":true,"href":"https:\/\/positiveautism.org\/es\/wp-json\/wp\/v2\/product_tag?post=9310"}],"curies":[{"name":"wp","href":"https:\/\/api.w.org\/{rel}","templated":true}]}}