{"id":9307,"date":"2024-08-12T12:00:08","date_gmt":"2025-04-07T14:49:04","guid":{"rendered":"https:\/\/positiveautism.org\/product\/la-aventura-de-sam-y-eva-aprender-a-ser-empaticos-actividad-para-practicar-la-comprension-lectora-habilidades-sociales-y-emocionales-para-ninos-y-jovenes-autistas\/"},"modified":"2025-04-07T10:49:04","modified_gmt":"2025-04-07T14:49:04","slug":"la-aventura-de-sam-y-eva-aprender-a-ser-empaticos-actividad-para-practicar-la-comprension-lectora-habilidades-sociales-y-emocionales-para-ninos-y-jovenes-autistas","status":"publish","type":"product","link":"https:\/\/positiveautism.org\/es\/producto\/la-aventura-de-sam-y-eva-aprender-a-ser-empaticos-actividad-para-practicar-la-comprension-lectora-habilidades-sociales-y-emocionales-para-ninos-y-jovenes-autistas\/","title":{"rendered":"La aventura de Sam y Eva: aprender a ser emp\u00e1ticos. (Actividad para practicar la comprensi\u00f3n lectora, habilidades sociales y emocionales para ni\u00f1os y j\u00f3venes autistas)"},"content":{"rendered":"","protected":false},"excerpt":{"rendered":"<p>En este material, los padres y educadores encontrar\u00e1n herramientas valiosas para trabajar la comprensi\u00f3n lectora y el desarrollo de habilidades sociales y emocionales en ni\u00f1os y j\u00f3venes autistas. A trav\u00e9s de historias cuidadosamente elaboradas, como \u00abLa aventura de Sam y Eva: Aprendiendo a ser emp\u00e1ticos\u00bb, se promueve la empat\u00eda, ayudando a los ni\u00f1os a comprender y considerar las emociones y perspectivas de los dem\u00e1s. Adem\u00e1s, el material incluye actividades de juego de roles que permiten a los ni\u00f1os practicar lo aprendido en situaciones cotidianas, reforzando las habilidades sociales en un entorno seguro y guiado.  <\/p>\n","protected":false},"featured_media":9308,"comment_status":"closed","ping_status":"closed","template":"","meta":{"_acf_changed":false,"_monsterinsights_skip_tracking":false,"_monsterinsights_sitenote_active":false,"_monsterinsights_sitenote_note":"","_monsterinsights_sitenote_category":0},"product_brand":[],"product_cat":[783,787],"product_tag":[795,798,897],"class_list":{"0":"post-9307","1":"product","2":"type-product","3":"status-publish","4":"has-post-thumbnail","6":"product_cat-comprension-lectora","7":"product_cat-habilidades-sociales-y-emocionales","8":"product_tag-comprension-lectora-para-ninos-autistas","9":"product_tag-comprension-lectora-para-ninos-con-autismo-es","10":"product_tag-leer-para-ensenar-habilidades-sociales-y-emocionales","12":"first","13":"instock","14":"sale","15":"downloadable","16":"shipping-taxable","17":"purchasable","18":"product-type-simple"},"acf":[],"aioseo_notices":[],"jetpack_sharing_enabled":true,"_links":{"self":[{"href":"https:\/\/positiveautism.org\/es\/wp-json\/wp\/v2\/product\/9307","targetHints":{"allow":["GET"]}}],"collection":[{"href":"https:\/\/positiveautism.org\/es\/wp-json\/wp\/v2\/product"}],"about":[{"href":"https:\/\/positiveautism.org\/es\/wp-json\/wp\/v2\/types\/product"}],"replies":[{"embeddable":true,"href":"https:\/\/positiveautism.org\/es\/wp-json\/wp\/v2\/comments?post=9307"}],"wp:featuredmedia":[{"embeddable":true,"href":"https:\/\/positiveautism.org\/es\/wp-json\/wp\/v2\/media\/9308"}],"wp:attachment":[{"href":"https:\/\/positiveautism.org\/es\/wp-json\/wp\/v2\/media?parent=9307"}],"wp:term":[{"taxonomy":"product_brand","embeddable":true,"href":"https:\/\/positiveautism.org\/es\/wp-json\/wp\/v2\/product_brand?post=9307"},{"taxonomy":"product_cat","embeddable":true,"href":"https:\/\/positiveautism.org\/es\/wp-json\/wp\/v2\/product_cat?post=9307"},{"taxonomy":"product_tag","embeddable":true,"href":"https:\/\/positiveautism.org\/es\/wp-json\/wp\/v2\/product_tag?post=9307"}],"curies":[{"name":"wp","href":"https:\/\/api.w.org\/{rel}","templated":true}]}}