{"id":9303,"date":"2024-09-13T12:39:40","date_gmt":"2025-04-07T14:48:56","guid":{"rendered":"https:\/\/positiveautism.org\/product\/la-aventura-de-nico-y-sofia-aprender-a-pedir-ayuda-actividad-para-practicar-la-comprension-lectora-y-las-habilidades-para-la-vida-en-ninos-autistas\/"},"modified":"2025-04-07T10:48:56","modified_gmt":"2025-04-07T14:48:56","slug":"la-aventura-de-nico-y-sofia-aprender-a-pedir-ayuda-actividad-para-practicar-la-comprension-lectora-y-las-habilidades-para-la-vida-en-ninos-autistas","status":"publish","type":"product","link":"https:\/\/positiveautism.org\/es\/producto\/la-aventura-de-nico-y-sofia-aprender-a-pedir-ayuda-actividad-para-practicar-la-comprension-lectora-y-las-habilidades-para-la-vida-en-ninos-autistas\/","title":{"rendered":"La aventura de Nico y Sof\u00eda: aprender a pedir ayuda. (Actividad para practicar la comprensi\u00f3n lectora y las habilidades para la vida en ni\u00f1os autistas)"},"content":{"rendered":"","protected":false},"excerpt":{"rendered":"<div class=\"flex-shrink-0 flex flex-col relative items-end\">\n<div>\n<div class=\"pt-0\">\n<div class=\"gizmo-bot-avatar flex h-8 w-8 items-center justify-center overflow-hidden rounded-full\">\n<div class=\"relative p-1 rounded-sm flex items-center justify-center bg-token-main-surface-primary text-token-text-primary h-8 w-8\">Este material est\u00e1 dise\u00f1ado para ayudar a los padres y educadores a ense\u00f1ar habilidades importantes para la vida y comprensi\u00f3n de lectura a ni\u00f1os autistas. A trav\u00e9s de historias con las que se pueden identificar, como \u00abLa aventura de Nico y Sof\u00eda\u00bb, los ni\u00f1os aprenden a identificar a adultos de confianza, pedir ayuda en diferentes situaciones y superar los desaf\u00edos en la escuela o en lugares p\u00fablicos. El material incluye actividades de juego de roles que refuerzan estas lecciones, lo que permite a los ni\u00f1os practicar pedir ayuda en escenarios de la vida real, lo que puede aumentar su confianza e independencia en situaciones cotidianas.  <\/div>\n<\/div>\n<\/div>\n<\/div>\n<\/div>\n","protected":false},"featured_media":9304,"comment_status":"closed","ping_status":"closed","template":"","meta":{"_acf_changed":false,"_monsterinsights_skip_tracking":false,"_monsterinsights_sitenote_active":false,"_monsterinsights_sitenote_note":"","_monsterinsights_sitenote_category":0},"product_brand":[],"product_cat":[783,835],"product_tag":[790,795,896],"class_list":{"0":"post-9303","1":"product","2":"type-product","3":"status-publish","4":"has-post-thumbnail","6":"product_cat-comprension-lectora","7":"product_cat-independencia-y-habilidades-para-la-vida","8":"product_tag-comprension-lectora-para-ninos-con-autismo","9":"product_tag-comprension-lectora-para-ninos-autistas","10":"product_tag-leer-para-ensenar-a-buscar-ayuda","12":"first","13":"instock","14":"downloadable","15":"shipping-taxable","16":"purchasable","17":"product-type-simple"},"acf":[],"aioseo_notices":[],"jetpack_sharing_enabled":true,"_links":{"self":[{"href":"https:\/\/positiveautism.org\/es\/wp-json\/wp\/v2\/product\/9303","targetHints":{"allow":["GET"]}}],"collection":[{"href":"https:\/\/positiveautism.org\/es\/wp-json\/wp\/v2\/product"}],"about":[{"href":"https:\/\/positiveautism.org\/es\/wp-json\/wp\/v2\/types\/product"}],"replies":[{"embeddable":true,"href":"https:\/\/positiveautism.org\/es\/wp-json\/wp\/v2\/comments?post=9303"}],"wp:featuredmedia":[{"embeddable":true,"href":"https:\/\/positiveautism.org\/es\/wp-json\/wp\/v2\/media\/9304"}],"wp:attachment":[{"href":"https:\/\/positiveautism.org\/es\/wp-json\/wp\/v2\/media?parent=9303"}],"wp:term":[{"taxonomy":"product_brand","embeddable":true,"href":"https:\/\/positiveautism.org\/es\/wp-json\/wp\/v2\/product_brand?post=9303"},{"taxonomy":"product_cat","embeddable":true,"href":"https:\/\/positiveautism.org\/es\/wp-json\/wp\/v2\/product_cat?post=9303"},{"taxonomy":"product_tag","embeddable":true,"href":"https:\/\/positiveautism.org\/es\/wp-json\/wp\/v2\/product_tag?post=9303"}],"curies":[{"name":"wp","href":"https:\/\/api.w.org\/{rel}","templated":true}]}}