{"id":9300,"date":"2024-09-09T11:57:43","date_gmt":"2025-04-07T14:48:54","guid":{"rendered":"https:\/\/positiveautism.org\/product\/el-viaje-de-leo-y-ana-descubriendo-el-poder-de-la-gestion-del-tiempo-actividad-para-practicar-la-comprension-lectora-y-las-habilidades-para-la-vida-en-ninos-y-jovenes-autistas\/"},"modified":"2025-04-07T10:48:54","modified_gmt":"2025-04-07T14:48:54","slug":"el-viaje-de-leo-y-ana-descubriendo-el-poder-de-la-gestion-del-tiempo-actividad-para-practicar-la-comprension-lectora-y-las-habilidades-para-la-vida-en-ninos-y-jovenes-autistas","status":"publish","type":"product","link":"https:\/\/positiveautism.org\/es\/producto\/el-viaje-de-leo-y-ana-descubriendo-el-poder-de-la-gestion-del-tiempo-actividad-para-practicar-la-comprension-lectora-y-las-habilidades-para-la-vida-en-ninos-y-jovenes-autistas\/","title":{"rendered":"El viaje de Leo y Ana: Descubriendo el poder de la gesti\u00f3n del tiempo. (Actividad para practicar la comprensi\u00f3n lectora y las habilidades para la vida en ni\u00f1os y j\u00f3venes autistas)"},"content":{"rendered":"","protected":false},"excerpt":{"rendered":"<p>En este material, los padres y educadores encontrar\u00e1n una valiosa herramienta para ense\u00f1ar a los ni\u00f1os y j\u00f3venes con autismo habilidades esenciales para la vida, como la gesti\u00f3n del tiempo, la colaboraci\u00f3n en las tareas dom\u00e9sticas y la interacci\u00f3n social. A trav\u00e9s de cuentos y juegos de rol basados en situaciones pr\u00e1cticas, los ni\u00f1os aprender\u00e1n de forma divertida y eficaz a equilibrar diferentes responsabilidades, desde el estudio hasta el tiempo libre, mientras desarrollan importantes habilidades para la vida adulta, todo ello inspirado en las experiencias de Leo y Ana en la lectura presentada <em>(El Viaje de Leo y&#8230;).<\/em> <\/p>\n","protected":false},"featured_media":9301,"comment_status":"closed","ping_status":"closed","template":"","meta":{"_acf_changed":false,"_monsterinsights_skip_tracking":false,"_monsterinsights_sitenote_active":false,"_monsterinsights_sitenote_note":"","_monsterinsights_sitenote_category":0},"product_brand":[],"product_cat":[783,835],"product_tag":[798,895],"class_list":{"0":"post-9300","1":"product","2":"type-product","3":"status-publish","4":"has-post-thumbnail","6":"product_cat-comprension-lectora","7":"product_cat-independencia-y-habilidades-para-la-vida","8":"product_tag-comprension-lectora-para-ninos-con-autismo-es","9":"product_tag-leer-para-ensenar-a-los-ninos-a-gestionar-el-tiempo","11":"first","12":"instock","13":"downloadable","14":"shipping-taxable","15":"purchasable","16":"product-type-simple"},"acf":[],"aioseo_notices":[],"jetpack_sharing_enabled":true,"_links":{"self":[{"href":"https:\/\/positiveautism.org\/es\/wp-json\/wp\/v2\/product\/9300","targetHints":{"allow":["GET"]}}],"collection":[{"href":"https:\/\/positiveautism.org\/es\/wp-json\/wp\/v2\/product"}],"about":[{"href":"https:\/\/positiveautism.org\/es\/wp-json\/wp\/v2\/types\/product"}],"replies":[{"embeddable":true,"href":"https:\/\/positiveautism.org\/es\/wp-json\/wp\/v2\/comments?post=9300"}],"wp:featuredmedia":[{"embeddable":true,"href":"https:\/\/positiveautism.org\/es\/wp-json\/wp\/v2\/media\/9301"}],"wp:attachment":[{"href":"https:\/\/positiveautism.org\/es\/wp-json\/wp\/v2\/media?parent=9300"}],"wp:term":[{"taxonomy":"product_brand","embeddable":true,"href":"https:\/\/positiveautism.org\/es\/wp-json\/wp\/v2\/product_brand?post=9300"},{"taxonomy":"product_cat","embeddable":true,"href":"https:\/\/positiveautism.org\/es\/wp-json\/wp\/v2\/product_cat?post=9300"},{"taxonomy":"product_tag","embeddable":true,"href":"https:\/\/positiveautism.org\/es\/wp-json\/wp\/v2\/product_tag?post=9300"}],"curies":[{"name":"wp","href":"https:\/\/api.w.org\/{rel}","templated":true}]}}