{"id":9296,"date":"2024-08-15T11:40:44","date_gmt":"2025-04-07T14:48:53","guid":{"rendered":"https:\/\/positiveautism.org\/product\/la-historia-de-marco-y-sofia-aprender-a-ser-independientes-en-casa-actividad-para-practicar-la-comprension-lectora-y-las-habilidades-para-la-vida-en-ninos-autistas\/"},"modified":"2025-04-07T10:48:53","modified_gmt":"2025-04-07T14:48:53","slug":"la-historia-de-marco-y-sofia-aprender-a-ser-independientes-en-casa-actividad-para-practicar-la-comprension-lectora-y-las-habilidades-para-la-vida-en-ninos-autistas","status":"publish","type":"product","link":"https:\/\/positiveautism.org\/es\/producto\/la-historia-de-marco-y-sofia-aprender-a-ser-independientes-en-casa-actividad-para-practicar-la-comprension-lectora-y-las-habilidades-para-la-vida-en-ninos-autistas\/","title":{"rendered":"La historia de Marco y Sof\u00eda: aprender a ser independientes en casa. (Actividad para practicar la comprensi\u00f3n lectora y las habilidades para la vida en ni\u00f1os autistas)"},"content":{"rendered":"","protected":false},"excerpt":{"rendered":"<p>En este material, los padres y educadores encontrar\u00e1n un recurso dise\u00f1ado para mejorar la comprensi\u00f3n lectora y ense\u00f1ar habilidades esenciales para la vida a ni\u00f1os y j\u00f3venes autistas. A trav\u00e9s de historias atractivas y actividades interactivas de juego de roles, este material proporciona una forma divertida y accesible para que los ni\u00f1os practiquen lo que han aprendido, fomentando la independencia y la responsabilidad en casa. Los ejercicios est\u00e1n dise\u00f1ados para ayudar a los ni\u00f1os a interiorizar los conceptos clave de una manera l\u00fadica, haciendo que el proceso de aprendizaje sea agradable y efectivo.  <\/p>\n","protected":false},"featured_media":9298,"comment_status":"closed","ping_status":"closed","template":"","meta":{"_acf_changed":false,"_monsterinsights_skip_tracking":false,"_monsterinsights_sitenote_active":false,"_monsterinsights_sitenote_note":"","_monsterinsights_sitenote_category":0},"product_brand":[],"product_cat":[783,835],"product_tag":[790,795,893,894],"class_list":{"0":"post-9296","1":"product","2":"type-product","3":"status-publish","4":"has-post-thumbnail","6":"product_cat-comprension-lectora","7":"product_cat-independencia-y-habilidades-para-la-vida","8":"product_tag-comprension-lectora-para-ninos-con-autismo","9":"product_tag-comprension-lectora-para-ninos-autistas","10":"product_tag-independencia","11":"product_tag-responsabilidad-en-casa","13":"first","14":"instock","15":"downloadable","16":"shipping-taxable","17":"purchasable","18":"product-type-simple"},"acf":[],"aioseo_notices":[],"jetpack_sharing_enabled":true,"_links":{"self":[{"href":"https:\/\/positiveautism.org\/es\/wp-json\/wp\/v2\/product\/9296","targetHints":{"allow":["GET"]}}],"collection":[{"href":"https:\/\/positiveautism.org\/es\/wp-json\/wp\/v2\/product"}],"about":[{"href":"https:\/\/positiveautism.org\/es\/wp-json\/wp\/v2\/types\/product"}],"replies":[{"embeddable":true,"href":"https:\/\/positiveautism.org\/es\/wp-json\/wp\/v2\/comments?post=9296"}],"wp:featuredmedia":[{"embeddable":true,"href":"https:\/\/positiveautism.org\/es\/wp-json\/wp\/v2\/media\/9298"}],"wp:attachment":[{"href":"https:\/\/positiveautism.org\/es\/wp-json\/wp\/v2\/media?parent=9296"}],"wp:term":[{"taxonomy":"product_brand","embeddable":true,"href":"https:\/\/positiveautism.org\/es\/wp-json\/wp\/v2\/product_brand?post=9296"},{"taxonomy":"product_cat","embeddable":true,"href":"https:\/\/positiveautism.org\/es\/wp-json\/wp\/v2\/product_cat?post=9296"},{"taxonomy":"product_tag","embeddable":true,"href":"https:\/\/positiveautism.org\/es\/wp-json\/wp\/v2\/product_tag?post=9296"}],"curies":[{"name":"wp","href":"https:\/\/api.w.org\/{rel}","templated":true}]}}