{"id":9294,"date":"2024-09-04T11:09:53","date_gmt":"2025-04-07T14:48:53","guid":{"rendered":"https:\/\/positiveautism.org\/product\/el-viaje-de-david-a-la-independencia-actividad-para-practicar-la-comprension-lectora-y-las-habilidades-para-la-vida-en-ninos-autistas\/"},"modified":"2025-04-07T10:48:53","modified_gmt":"2025-04-07T14:48:53","slug":"el-viaje-de-david-a-la-independencia-actividad-para-practicar-la-comprension-lectora-y-las-habilidades-para-la-vida-en-ninos-autistas","status":"publish","type":"product","link":"https:\/\/positiveautism.org\/es\/producto\/el-viaje-de-david-a-la-independencia-actividad-para-practicar-la-comprension-lectora-y-las-habilidades-para-la-vida-en-ninos-autistas\/","title":{"rendered":"El viaje de David a la independencia. (Actividad para practicar la comprensi\u00f3n lectora y las habilidades para la vida en ni\u00f1os autistas)"},"content":{"rendered":"","protected":false},"excerpt":{"rendered":"<p>Este material est\u00e1 dise\u00f1ado para apoyar a los padres y educadores en la ense\u00f1anza de habilidades sociales y para la vida a ni\u00f1os y j\u00f3venes autistas. A trav\u00e9s de cuentos como \u00abEl viaje de David a la independencia\u00bb, los ni\u00f1os y j\u00f3venes entender\u00e1n por qu\u00e9 algunas personas requieren una educaci\u00f3n diferente y la importancia de esta personalizaci\u00f3n en su desarrollo. Las actividades incluidas, como los juegos de rol, les permiten practicar habilidades esenciales como la comunicaci\u00f3n asertiva, el establecimiento de l\u00edmites y la petici\u00f3n de ayuda, lo que fomenta su independencia y confianza. Todo est\u00e1 dirigido a ayudar a estos j\u00f3venes a enfrentar con \u00e9xito los desaf\u00edos de la vida adulta.   <\/p>\n","protected":false},"featured_media":9295,"comment_status":"closed","ping_status":"closed","template":"","meta":{"_acf_changed":false,"_monsterinsights_skip_tracking":false,"_monsterinsights_sitenote_active":false,"_monsterinsights_sitenote_note":"","_monsterinsights_sitenote_category":0},"product_brand":[],"product_cat":[783,787,835],"product_tag":[795,867,892],"class_list":{"0":"post-9294","1":"product","2":"type-product","3":"status-publish","4":"has-post-thumbnail","6":"product_cat-comprension-lectora","7":"product_cat-habilidades-sociales-y-emocionales","8":"product_cat-independencia-y-habilidades-para-la-vida","9":"product_tag-comprension-lectora-para-ninos-autistas","10":"product_tag-de-la-lectura-a-las-habilidades-sociales-tecnologicas","11":"product_tag-leer-para-ensenar-habilidades-para-la-vida","13":"first","14":"instock","15":"downloadable","16":"shipping-taxable","17":"purchasable","18":"product-type-simple"},"acf":[],"aioseo_notices":[],"jetpack_sharing_enabled":true,"_links":{"self":[{"href":"https:\/\/positiveautism.org\/es\/wp-json\/wp\/v2\/product\/9294","targetHints":{"allow":["GET"]}}],"collection":[{"href":"https:\/\/positiveautism.org\/es\/wp-json\/wp\/v2\/product"}],"about":[{"href":"https:\/\/positiveautism.org\/es\/wp-json\/wp\/v2\/types\/product"}],"replies":[{"embeddable":true,"href":"https:\/\/positiveautism.org\/es\/wp-json\/wp\/v2\/comments?post=9294"}],"wp:featuredmedia":[{"embeddable":true,"href":"https:\/\/positiveautism.org\/es\/wp-json\/wp\/v2\/media\/9295"}],"wp:attachment":[{"href":"https:\/\/positiveautism.org\/es\/wp-json\/wp\/v2\/media?parent=9294"}],"wp:term":[{"taxonomy":"product_brand","embeddable":true,"href":"https:\/\/positiveautism.org\/es\/wp-json\/wp\/v2\/product_brand?post=9294"},{"taxonomy":"product_cat","embeddable":true,"href":"https:\/\/positiveautism.org\/es\/wp-json\/wp\/v2\/product_cat?post=9294"},{"taxonomy":"product_tag","embeddable":true,"href":"https:\/\/positiveautism.org\/es\/wp-json\/wp\/v2\/product_tag?post=9294"}],"curies":[{"name":"wp","href":"https:\/\/api.w.org\/{rel}","templated":true}]}}