{"id":9287,"date":"2024-09-06T12:22:51","date_gmt":"2025-04-07T14:48:53","guid":{"rendered":"https:\/\/positiveautism.org\/product\/alex-y-el-tiempo-de-escuela-hojas-de-trabajo-para-ensenar-a-los-ninos-independencia-y-habilidades-para-la-vida\/"},"modified":"2025-04-07T10:48:53","modified_gmt":"2025-04-07T14:48:53","slug":"alex-y-el-tiempo-de-escuela-hojas-de-trabajo-para-ensenar-a-los-ninos-independencia-y-habilidades-para-la-vida","status":"publish","type":"product","link":"https:\/\/positiveautism.org\/es\/producto\/alex-y-el-tiempo-de-escuela-hojas-de-trabajo-para-ensenar-a-los-ninos-independencia-y-habilidades-para-la-vida\/","title":{"rendered":"Alex y el tiempo de escuela. (Hojas de trabajo para ense\u00f1ar a los ni\u00f1os independencia y habilidades para la vida)"},"content":{"rendered":"","protected":false},"excerpt":{"rendered":"<p>En este material, los padres y educadores encontrar\u00e1n historias dise\u00f1adas para ayudar a sus hijos a entender por qu\u00e9 est\u00e1 bien tomarse m\u00e1s tiempo para terminar la escuela si desean ir a la universidad o explorar otras opciones de carrera. A trav\u00e9s del ejemplo de Alex, un ni\u00f1o que enfrenta desaf\u00edos sociales pero tiene habilidades extraordinarias, explica c\u00f3mo este tiempo adicional les permite no solo obtener los cr\u00e9ditos necesarios, sino tambi\u00e9n practicar habilidades sociales y emocionales importantes para la vida. Las historias refuerzan que cada uno tiene su propio ritmo de aprendizaje y que est\u00e1 perfectamente bien tomarse m\u00e1s tiempo para alcanzar sus metas, ya sea en la universidad u otras profesiones.  <\/p>\n","protected":false},"featured_media":9291,"comment_status":"closed","ping_status":"closed","template":"","meta":{"_acf_changed":false,"_monsterinsights_skip_tracking":false,"_monsterinsights_sitenote_active":false,"_monsterinsights_sitenote_note":"","_monsterinsights_sitenote_category":0},"product_brand":[],"product_cat":[783,787,835],"product_tag":[790,795,891],"class_list":{"0":"post-9287","1":"product","2":"type-product","3":"status-publish","4":"has-post-thumbnail","6":"product_cat-comprension-lectora","7":"product_cat-habilidades-sociales-y-emocionales","8":"product_cat-independencia-y-habilidades-para-la-vida","9":"product_tag-comprension-lectora-para-ninos-con-autismo","10":"product_tag-comprension-lectora-para-ninos-autistas","11":"product_tag-leer-para-explicar-por-que-duran-mas-en-la-escuela","13":"first","14":"instock","15":"downloadable","16":"shipping-taxable","17":"purchasable","18":"product-type-simple"},"acf":[],"aioseo_notices":[],"jetpack_sharing_enabled":true,"_links":{"self":[{"href":"https:\/\/positiveautism.org\/es\/wp-json\/wp\/v2\/product\/9287","targetHints":{"allow":["GET"]}}],"collection":[{"href":"https:\/\/positiveautism.org\/es\/wp-json\/wp\/v2\/product"}],"about":[{"href":"https:\/\/positiveautism.org\/es\/wp-json\/wp\/v2\/types\/product"}],"replies":[{"embeddable":true,"href":"https:\/\/positiveautism.org\/es\/wp-json\/wp\/v2\/comments?post=9287"}],"wp:featuredmedia":[{"embeddable":true,"href":"https:\/\/positiveautism.org\/es\/wp-json\/wp\/v2\/media\/9291"}],"wp:attachment":[{"href":"https:\/\/positiveautism.org\/es\/wp-json\/wp\/v2\/media?parent=9287"}],"wp:term":[{"taxonomy":"product_brand","embeddable":true,"href":"https:\/\/positiveautism.org\/es\/wp-json\/wp\/v2\/product_brand?post=9287"},{"taxonomy":"product_cat","embeddable":true,"href":"https:\/\/positiveautism.org\/es\/wp-json\/wp\/v2\/product_cat?post=9287"},{"taxonomy":"product_tag","embeddable":true,"href":"https:\/\/positiveautism.org\/es\/wp-json\/wp\/v2\/product_tag?post=9287"}],"curies":[{"name":"wp","href":"https:\/\/api.w.org\/{rel}","templated":true}]}}